{"id":4400,"date":"2021-10-12T15:51:09","date_gmt":"2021-10-12T15:51:09","guid":{"rendered":"http:\/\/dummy.xtemos.com\/woodmart2\/elementor\/?page_id=4400"},"modified":"2025-09-25T11:09:33","modified_gmt":"2025-09-25T08:09:33","slug":"kurumsal","status":"publish","type":"page","link":"https:\/\/www.kraftkagit.com.tr\/ar\/kurumsal\/","title":{"rendered":"\u0627\u0644\u0645\u0624\u0633\u0633\u064a\u0629"},"content":{"rendered":"<div data-elementor-type=\"wp-page\" data-elementor-id=\"4400\" class=\"elementor elementor-4400\">\n\t\t\t\t<div class=\"wd-negative-gap elementor-element elementor-element-2795475 e-flex e-con-boxed e-con e-parent\" data-id=\"2795475\" data-element_type=\"container\">\n\t\t\t\t\t<div class=\"e-con-inner\">\n\t\t\t\t<div class=\"elementor-element elementor-element-20976af elementor-widget elementor-widget-wd_image_or_svg\" data-id=\"20976af\" data-element_type=\"widget\" data-widget_type=\"wd_image_or_svg.default\">\n\t\t\t\t<div class=\"elementor-widget-container\">\n\t\t\t\t\t\n\t\t<div class=\"wd-image text-center\">\n\t\t\t\t\t\t\t\t<img fetchpriority=\"high\" decoding=\"async\" width=\"900\" height=\"350\" src=\"https:\/\/www.kraftkagit.com.tr\/wp-content\/uploads\/2025\/09\/crop_resim-936721_w900_.jpg\" class=\"attachment-full size-full\" alt=\"\" srcset=\"https:\/\/www.kraftkagit.com.tr\/wp-content\/uploads\/2025\/09\/crop_resim-936721_w900_.jpg 900w, https:\/\/www.kraftkagit.com.tr\/wp-content\/uploads\/2025\/09\/crop_resim-936721_w900_-400x156.jpg 400w, https:\/\/www.kraftkagit.com.tr\/wp-content\/uploads\/2025\/09\/crop_resim-936721_w900_-768x299.jpg 768w, https:\/\/www.kraftkagit.com.tr\/wp-content\/uploads\/2025\/09\/crop_resim-936721_w900_-430x167.jpg 430w, https:\/\/www.kraftkagit.com.tr\/wp-content\/uploads\/2025\/09\/crop_resim-936721_w900_-700x272.jpg 700w, https:\/\/www.kraftkagit.com.tr\/wp-content\/uploads\/2025\/09\/crop_resim-936721_w900_-150x58.jpg 150w\" sizes=\"(max-width: 900px) 100vw, 900px\" \/>\t\t\t\t\t<\/div>\n\n\t\t\t\t\t\t<\/div>\n\t\t\t\t<\/div>\n\t\t\t\t\t<\/div>\n\t\t\t\t<\/div>\n\t\t<div class=\"elementor-element elementor-element-ecd2c9e e-con-full e-flex e-con e-parent\" data-id=\"ecd2c9e\" data-element_type=\"container\">\n\t\t\t\t<div class=\"elementor-element elementor-element-73bc95d elementor-widget elementor-widget-wd_text_block\" data-id=\"73bc95d\" data-element_type=\"widget\" data-widget_type=\"wd_text_block.default\">\n\t\t\t\t<div class=\"elementor-widget-container\">\n\t\t\t\t\t\t\t<div class=\"wd-text-block reset-last-child text-left\">\n\t\t\t\n\t\t\t<p>Firmam\u0131z, 2006 y\u0131l\u0131ndan bu yana\u00a0<strong>profesyonel kuaf\u00f6r ve g\u00fczellik salonu \u00fcr\u00fcnleri<\/strong>\u00a0\u00fcretmekte olup, berber boyun band\u0131 konusunda uzmand\u0131r. M\u00fc\u015fterilerimize en son teknolojiyle \u00fcretti\u011fimiz tek kullan\u0131ml\u0131k havlu, sir a\u011fda \u00e7e\u015fitleri, a\u011fda bezi ve a\u011fda ya\u011f\u0131, profesyonel kuaf\u00f6r makaslar\u0131 ve c\u0131mb\u0131zlar\u0131, sedye \u00f6rt\u00fcs\u00fc, boya naylonu ve di\u011fer salon \u00fcr\u00fcnlerini de sunmaktay\u0131z. Firmam\u0131z, son olarak alan\u0131nda bir ilk olan, kendi kasesinde kullan\u0131ma haz\u0131r berber t\u0131ra\u015f sabununu \u00fcr\u00fcn yelpazesine katm\u0131\u015ft\u0131r. Ayr\u0131ca uzun y\u0131llar s\u00fcren\u00a0<strong>AR-GE \u00e7al\u0131\u015fmalar\u0131 sonucunda geli\u015ftirilen 4-in-1 \u00e7ekirdek maske a\u011fdas\u0131n\u0131 da \u00fcr\u00fcnlerimiz aras\u0131na eklemi\u015ftir.<\/strong><\/p><p>Yurti\u00e7inde neredeyse her kuaf\u00f6r salonuna geni\u015f bayi a\u011f\u0131m\u0131zla ula\u015fan \u00fcr\u00fcnlerimiz, yurtd\u0131\u015f\u0131nda ise yakla\u015f\u0131k 40 \u00fclkeye ihra\u00e7 edilmektedir. \u00dcr\u00fcnlerimizi kendi markalar\u0131m\u0131z olan\u00a0<strong>MORE FOR YOU, NECKY, MEDI FOR YOU, MORE 4U, INNA, CAMKIZI ve TIRA\u015e FABR\u0130KASI<\/strong>\u00a0ile sunmaktay\u0131z. Ayr\u0131ca \"Fason \u0130malat\" hizmeti ile m\u00fc\u015fterilerimizin kendi markalar\u0131 i\u00e7in de \u00fcretim yapmaktay\u0131z.<\/p>\n\t\t\t\t\t<\/div>\n\t\t\t\t\t\t<\/div>\n\t\t\t\t<\/div>\n\t\t\t\t<div class=\"elementor-element elementor-element-f788d4a elementor-widget elementor-widget-wd_text_block\" data-id=\"f788d4a\" data-element_type=\"widget\" data-widget_type=\"wd_text_block.default\">\n\t\t\t\t<div class=\"elementor-widget-container\">\n\t\t\t\t\t\t\t<div class=\"wd-text-block reset-last-child text-left\">\n\t\t\t\n\t\t\t<h3>Misyonumuz<\/h3><p data-start=\"107\" data-end=\"457\">Kraft Ka\u011f\u0131t olarak misyonumuz;\u00a0<strong data-start=\"138\" data-end=\"195\">do\u011faya duyarl\u0131, kaliteli ve yenilik\u00e7i k\u00e2\u011f\u0131t \u00e7\u00f6z\u00fcmleri<\/strong>\u00a0\u00fcreterek, hem \u00fclkemizde hem de uluslararas\u0131 pazarda m\u00fc\u015fterilerimizin g\u00fcvenilir i\u015f orta\u011f\u0131 olmakt\u0131r.<br data-start=\"294\" data-end=\"297\" \/>Biz, \u00fcretimden t\u00fcketime kadar her a\u015famada \u00e7evreyi koruyan, geri d\u00f6n\u00fc\u015ft\u00fcr\u00fclebilir ve s\u00fcrd\u00fcr\u00fclebilir \u00fcr\u00fcnler geli\u015ftirmeyi temel sorumlulu\u011fumuz olarak g\u00f6r\u00fcyoruz.<\/p><p data-start=\"459\" data-end=\"691\">Amac\u0131m\u0131z; m\u00fc\u015fterilerimizin beklentilerini en \u00fcst seviyede kar\u015f\u0131layacak \u00fcr\u00fcnler sunarken, ayn\u0131 zamanda\u00a0<strong data-start=\"561\" data-end=\"604\">\u00e7al\u0131\u015fanlar\u0131m\u0131z\u0131n geli\u015fimini desteklemek<\/strong>,\u00a0<strong data-start=\"606\" data-end=\"639\">i\u015f ortaklar\u0131m\u0131za de\u011fer katmak<\/strong>\u00a0ve i\u00e7inde bulundu\u011fumuz topluma katk\u0131 sa\u011flamakt\u0131r.<\/p><p data-start=\"693\" data-end=\"981\">Kraft Ka\u011f\u0131t, teknolojiye yat\u0131r\u0131m yaparak s\u00fcrekli geli\u015fen, yenilik\u00e7i bir anlay\u0131\u015fla sekt\u00f6rde farkl\u0131l\u0131k yaratmay\u0131 ve\u00a0<strong data-start=\"807\" data-end=\"846\">kalite ile g\u00fcveni bir arada sunmay\u0131<\/strong>\u00a0g\u00f6rev edinmi\u015ftir. Bizim i\u00e7in misyon; yaln\u0131zca \u00fcretim de\u011fil, ayn\u0131 zamanda\u00a0<strong data-start=\"920\" data-end=\"967\">gelece\u011fi \u015fekillendiren \u00e7evre dostu \u00e7\u00f6z\u00fcmler<\/strong>\u00a0\u00fcretmektir.<\/p>\n\t\t\t\t\t<\/div>\n\t\t\t\t\t\t<\/div>\n\t\t\t\t<\/div>\n\t\t\t\t<div class=\"elementor-element elementor-element-558cbc5 elementor-widget elementor-widget-wd_text_block\" data-id=\"558cbc5\" data-element_type=\"widget\" data-widget_type=\"wd_text_block.default\">\n\t\t\t\t<div class=\"elementor-widget-container\">\n\t\t\t\t\t\t\t<div class=\"wd-text-block reset-last-child text-left\">\n\t\t\t\n\t\t\t<h3>Vizyonumuz<\/h3><p data-start=\"117\" data-end=\"615\">Kraft Ka\u011f\u0131t olarak vizyonumuz; k\u00e2\u011f\u0131t ve ambalaj sekt\u00f6r\u00fcnde\u00a0<strong data-start=\"176\" data-end=\"221\">s\u00fcrd\u00fcr\u00fclebilirlik, kalite ve yenilik\u00e7ilik<\/strong>\u00a0ilkelerini esas alarak, yaln\u0131zca T\u00fcrkiye\u2019de de\u011fil, uluslararas\u0131 alanda da \u00f6nc\u00fc ve g\u00fcvenilir bir marka olmakt\u0131r.<br data-start=\"333\" data-end=\"336\" \/>Biz, do\u011fan\u0131n kaynaklar\u0131n\u0131 korumay\u0131 ve gelecek nesillere ya\u015fanabilir bir d\u00fcnya b\u0131rakmay\u0131 en \u00f6nemli sorumlulu\u011fumuz olarak g\u00f6r\u00fcyoruz. Bu nedenle \u00e7evreye duyarl\u0131 \u00fcretim tekniklerini benimseyerek, geri d\u00f6n\u00fc\u015ft\u00fcr\u00fclebilir ve do\u011fa dostu \u00fcr\u00fcnler geli\u015ftirmeyi \u00f6nceli\u011fimiz haline getirdik.<\/p><p data-start=\"617\" data-end=\"1046\">Vizyonumuz; sadece k\u00e2\u011f\u0131t \u00fcretmek de\u011fil, ayn\u0131 zamanda\u00a0<strong data-start=\"670\" data-end=\"718\">insana ve do\u011faya de\u011fer katan \u00e7\u00f6z\u00fcmler sunmak<\/strong>\u00a0\u00fczerine kuruludur. M\u00fc\u015fterilerimizin ihtiya\u00e7lar\u0131n\u0131 do\u011fru anlayarak onlara y\u00fcksek kalite standartlar\u0131nda, yenilik\u00e7i ve fonksiyonel \u00fcr\u00fcnler sunmay\u0131 ama\u00e7l\u0131yoruz. Bununla birlikte, teknolojiye ve Ar-Ge \u00e7al\u0131\u015fmalar\u0131na yat\u0131r\u0131m yaparak sekt\u00f6rde farkl\u0131l\u0131k yaratmay\u0131, i\u015f ortaklar\u0131m\u0131z i\u00e7in g\u00fcvenilir bir \u00e7\u00f6z\u00fcm orta\u011f\u0131 olmay\u0131 hedefliyoruz.<\/p><p data-start=\"1048\" data-end=\"1371\">Kraft Ka\u011f\u0131t, \u00e7al\u0131\u015fanlar\u0131yla birlikte s\u00fcrekli geli\u015fen bir organizasyon k\u00fclt\u00fcr\u00fc olu\u015fturarak, global pazarda sayg\u0131n ve \u00f6nc\u00fc bir marka olma yolunda ilerlemektedir. Bizim i\u00e7in ba\u015far\u0131; yaln\u0131zca ekonomik b\u00fcy\u00fcme ile de\u011fil, ayn\u0131 zamanda\u00a0<strong data-start=\"1276\" data-end=\"1342\">\u00e7evresel sorumluluk, toplumsal fayda ve s\u00fcrd\u00fcr\u00fclebilir gelecek<\/strong>\u00a0ilkeleriyle \u00f6l\u00e7\u00fclmektedir.<\/p>\n\t\t\t\t\t<\/div>\n\t\t\t\t\t\t<\/div>\n\t\t\t\t<\/div>\n\t\t<div class=\"elementor-element elementor-element-bca3eb6 e-con-full e-flex e-con e-child\" data-id=\"bca3eb6\" data-element_type=\"container\">\n\t\t\t\t<\/div>\n\t\t\t\t<\/div>\n\t\t\t\t<\/div>","protected":false},"excerpt":{"rendered":"<p>Firmam\u0131z, 2006 y\u0131l\u0131ndan bu yana\u00a0profesyonel kuaf\u00f6r ve g\u00fczellik salonu \u00fcr\u00fcnleri\u00a0\u00fcretmekte olup, berber boyun band\u0131 konusunda uzmand\u0131r. M\u00fc\u015fterilerimize en son teknolojiyle<\/p>","protected":false},"author":2,"featured_media":0,"parent":0,"menu_order":0,"comment_status":"closed","ping_status":"closed","template":"","meta":{"footnotes":""},"class_list":["post-4400","page","type-page","status-publish","hentry"],"_links":{"self":[{"href":"https:\/\/www.kraftkagit.com.tr\/ar\/wp-json\/wp\/v2\/pages\/4400","targetHints":{"allow":["GET"]}}],"collection":[{"href":"https:\/\/www.kraftkagit.com.tr\/ar\/wp-json\/wp\/v2\/pages"}],"about":[{"href":"https:\/\/www.kraftkagit.com.tr\/ar\/wp-json\/wp\/v2\/types\/page"}],"author":[{"embeddable":true,"href":"https:\/\/www.kraftkagit.com.tr\/ar\/wp-json\/wp\/v2\/users\/2"}],"replies":[{"embeddable":true,"href":"https:\/\/www.kraftkagit.com.tr\/ar\/wp-json\/wp\/v2\/comments?post=4400"}],"version-history":[{"count":52,"href":"https:\/\/www.kraftkagit.com.tr\/ar\/wp-json\/wp\/v2\/pages\/4400\/revisions"}],"predecessor-version":[{"id":33720,"href":"https:\/\/www.kraftkagit.com.tr\/ar\/wp-json\/wp\/v2\/pages\/4400\/revisions\/33720"}],"wp:attachment":[{"href":"https:\/\/www.kraftkagit.com.tr\/ar\/wp-json\/wp\/v2\/media?parent=4400"}],"curies":[{"name":"wp","href":"https:\/\/api.w.org\/{rel}","templated":true}]}}