{"id":32315,"date":"2025-09-16T17:49:05","date_gmt":"2025-09-16T14:49:05","guid":{"rendered":"https:\/\/kraftkagit.com.tr\/?post_type=product&#038;p=32315"},"modified":"2026-04-16T16:36:02","modified_gmt":"2026-04-16T13:36:02","slug":"kraft-barber-berber-boyun-bandi","status":"publish","type":"product","link":"https:\/\/www.kraftkagit.com.tr\/ar\/product\/kraft-barber-berber-boyun-bandi\/","title":{"rendered":"Kraft Barber Berber Boyun Band\u0131"},"content":{"rendered":"<div class=\"mf-section\">\n<h3>Kullan\u0131m \u015eekli<\/h3>\n<ul>\n<li>Boyun band\u0131 \u00f6n taraftan enseye do\u011fru \u00e7ekilir.<\/li>\n<li>Mavi yap\u0131\u015fkanl\u0131 k\u0131s\u0131mlar birbirine yap\u0131\u015ft\u0131r\u0131l\u0131r ve \u00fczerine bast\u0131r\u0131larak biraz daha \u00e7ekilerek esnetilir.<\/li>\n<li>Boyun band\u0131n\u0131n \u00fczerine \u00f6nl\u00fck ba\u011flan\u0131r ve en son \u00f6nl\u00fc\u011f\u00fcn \u00fczerine katlan\u0131r.<\/li>\n<\/ul>\n<\/div>\n<div class=\"mf-section\">\n<h3>\u00d6zellikleri<\/h3>\n<ul>\n<li>Boyunu sararak kesim \u00f6nl\u00fc\u011f\u00fcn\u00fc ki\u015fiye \u00f6zel hale getirir ve sa\u00e7 k\u0131llar\u0131n\u0131n i\u00e7eri ge\u00e7i\u015fini \u00f6nler.<\/li>\n<li>Bula\u015f\u0131c\u0131 hastal\u0131k, kan, kir ve terin kesim \u00f6nl\u00fc\u011f\u00fcne temas\u0131n\u0131 \u00f6nler.<\/li>\n<li>Sprey, sa\u00e7 boyas\u0131 gibi kimyasallar\u0131n ten ile temas\u0131n\u0131 \u00f6nler.<\/li>\n<li>Ter ve su damlalar\u0131n\u0131 emer.<\/li>\n<li>Elastik oldu\u011fundan t\u00fcm boyun \u00f6l\u00e7\u00fclerine uygundur.<\/li>\n<\/ul>\n<\/div>","protected":false},"excerpt":{"rendered":"<p><strong data-start=\"0\" data-end=\"35\">Kraft Barber Berber Boyun Band\u0131<\/strong> m\u00fc\u015fterilerinizin hijyen ve konforunu \u00f6n planda tutarak tasarlanm\u0131\u015ft\u0131r. Kuaf\u00f6r ve berber salonlar\u0131nda sa\u00e7 kesimi, t\u0131ra\u015f ve boya i\u015flemleri s\u0131ras\u0131nda kullan\u0131lan bu pratik boyun band\u0131, tek kullan\u0131ml\u0131k yap\u0131s\u0131yla maksimum hijyen sa\u011flar. Esnek ve dayan\u0131kl\u0131 malzemesi sayesinde her boyuna uyum sa\u011flayan Kraft Barber Boyun Band\u0131, suya ve sa\u00e7a kar\u015f\u0131 koruma sunarak m\u00fc\u015fteri memnuniyetini art\u0131r\u0131r. Profesyonel kullan\u0131m i\u00e7in ideal olan bu \u00fcr\u00fcn, berber ve kuaf\u00f6r salonlar\u0131n\u0131n vazge\u00e7ilmez hijyen malzemesidir.<\/p>","protected":false},"featured_media":32317,"comment_status":"open","ping_status":"closed","template":"","meta":[],"product_brand":[100],"product_cat":[95],"product_tag":[],"class_list":{"0":"post-32315","1":"product","2":"type-product","3":"status-publish","4":"has-post-thumbnail","6":"product_brand-kraft-barber","7":"product_cat-boyun-bandi","9":"first","10":"instock","11":"shipping-taxable","12":"product-type-simple"},"_links":{"self":[{"href":"https:\/\/www.kraftkagit.com.tr\/ar\/wp-json\/wp\/v2\/product\/32315","targetHints":{"allow":["GET"]}}],"collection":[{"href":"https:\/\/www.kraftkagit.com.tr\/ar\/wp-json\/wp\/v2\/product"}],"about":[{"href":"https:\/\/www.kraftkagit.com.tr\/ar\/wp-json\/wp\/v2\/types\/product"}],"replies":[{"embeddable":true,"href":"https:\/\/www.kraftkagit.com.tr\/ar\/wp-json\/wp\/v2\/comments?post=32315"}],"version-history":[{"count":3,"href":"https:\/\/www.kraftkagit.com.tr\/ar\/wp-json\/wp\/v2\/product\/32315\/revisions"}],"predecessor-version":[{"id":32986,"href":"https:\/\/www.kraftkagit.com.tr\/ar\/wp-json\/wp\/v2\/product\/32315\/revisions\/32986"}],"wp:featuredmedia":[{"embeddable":true,"href":"https:\/\/www.kraftkagit.com.tr\/ar\/wp-json\/wp\/v2\/media\/32317"}],"wp:attachment":[{"href":"https:\/\/www.kraftkagit.com.tr\/ar\/wp-json\/wp\/v2\/media?parent=32315"}],"wp:term":[{"taxonomy":"product_brand","embeddable":true,"href":"https:\/\/www.kraftkagit.com.tr\/ar\/wp-json\/wp\/v2\/product_brand?post=32315"},{"taxonomy":"product_cat","embeddable":true,"href":"https:\/\/www.kraftkagit.com.tr\/ar\/wp-json\/wp\/v2\/product_cat?post=32315"},{"taxonomy":"product_tag","embeddable":true,"href":"https:\/\/www.kraftkagit.com.tr\/ar\/wp-json\/wp\/v2\/product_tag?post=32315"}],"curies":[{"name":"wp","href":"https:\/\/api.w.org\/{rel}","templated":true}]}}