{"id":32427,"date":"2025-09-16T21:01:33","date_gmt":"2025-09-16T18:01:33","guid":{"rendered":"https:\/\/kraftkagit.com.tr\/?post_type=product&#038;p=32427"},"modified":"2026-04-03T15:36:17","modified_gmt":"2026-04-03T12:36:17","slug":"more-for-you-kartus-agda-100ml","status":"publish","type":"product","link":"https:\/\/www.kraftkagit.com.tr\/ar\/product\/more-for-you-kartus-agda-100ml\/","title":{"rendered":"More For You Kartu\u015f A\u011fda 100ml"},"content":{"rendered":"<div class=\"text-base my-auto mx-auto pb-10 [--thread-content-margin:--spacing(4)] thread-sm:[--thread-content-margin:--spacing(6)] thread-lg:[--thread-content-margin:--spacing(16)] px-(--thread-content-margin)\">\n<p data-start=\"0\" data-end=\"43\"><strong data-start=\"0\" data-end=\"41\">More For You Kartu\u015f A\u011fda 100 ml \u00d6zellikleri:<\/strong><\/p>\n<ul data-start=\"45\" data-end=\"455\">\n<li data-section-id=\"2x86oi\" data-start=\"45\" data-end=\"98\">Kartu\u015f sistemi sayesinde pratik ve kolay kullan\u0131m<\/li>\n<li data-section-id=\"q3bwj1\" data-start=\"99\" data-end=\"140\">Homojen s\u00fcr\u00fcm sa\u011flayan roll-on ba\u015fl\u0131k<\/li>\n<li data-section-id=\"17irjvf\" data-start=\"141\" data-end=\"197\">T\u00fcyleri k\u00f6kten alarak uzun s\u00fcreli p\u00fcr\u00fczs\u00fczl\u00fck sa\u011flar<\/li>\n<li data-section-id=\"1cz7m9i\" data-start=\"198\" data-end=\"246\">Cilde nazik form\u00fcl, tahri\u015fi minimuma indirir<\/li>\n<li data-section-id=\"1y27i8n\" data-start=\"247\" data-end=\"300\">Profesyonel berber ve kuaf\u00f6r salonlar\u0131 i\u00e7in ideal<\/li>\n<li data-section-id=\"9tm992\" data-start=\"301\" data-end=\"337\">100 ml kompakt ve ekonomik boyut<\/li>\n<li data-section-id=\"4vy5g6\" data-start=\"338\" data-end=\"375\">T\u00fcm cilt tiplerine uygun kullan\u0131m<\/li>\n<li data-section-id=\"1uql797\" data-start=\"376\" data-end=\"413\">Is\u0131t\u0131c\u0131 cihazlarla uyumlu tasar\u0131m<\/li>\n<li data-section-id=\"13gl3wx\" data-start=\"414\" data-end=\"455\">Hijyenik ve kontroll\u00fc uygulama imkan\u0131<\/li>\n<\/ul>\n<p data-start=\"457\" data-end=\"473\"><strong data-start=\"457\" data-end=\"471\">Kullan\u0131m\u0131:<\/strong><\/p>\n<p data-start=\"475\" data-end=\"891\" data-is-last-node=\"\" data-is-only-node=\"\">Kartu\u015f a\u011fday\u0131 uygun a\u011fda \u0131s\u0131t\u0131c\u0131 cihaz\u0131nda \u0131s\u0131tarak kullan\u0131ma haz\u0131r hale getiriniz. Is\u0131nan \u00fcr\u00fcn\u00fc, uygulama yap\u0131lacak temiz ve kuru cilde t\u00fcylerin \u00e7\u0131k\u0131\u015f y\u00f6n\u00fcnde roll-on ba\u015fl\u0131k yard\u0131m\u0131yla ince bir tabaka halinde s\u00fcr\u00fcn\u00fcz. \u00dczerine a\u011fda bezi yerle\u015ftirip bast\u0131rd\u0131ktan sonra, t\u00fcylerin \u00e7\u0131k\u0131\u015f y\u00f6n\u00fcn\u00fcn tersine h\u0131zl\u0131 bir \u015fekilde \u00e7ekiniz. \u0130\u015flem sonras\u0131 cildi temizleyerek nemlendirici veya bak\u0131m ya\u011f\u0131 ile rahatlatman\u0131z \u00f6nerilir.<\/p>\n<div class=\"[--thread-content-max-width:40rem] thread-lg:[--thread-content-max-width:48rem] mx-auto max-w-(--thread-content-max-width) flex-1 group\/turn-messages focus-visible:outline-hidden relative flex w-full min-w-0 flex-col agent-turn\">\n<div class=\"flex max-w-full flex-col grow\">\n<div class=\"min-h-8 text-message relative flex w-full flex-col items-end gap-2 text-start break-words whitespace-normal [.text-message+&amp;]:mt-5\" dir=\"auto\" data-message-author-role=\"assistant\" data-message-id=\"c41919d8-3375-4d77-9ccb-88d3455fa6ce\" data-message-model-slug=\"gpt-5\">\n<div class=\"flex w-full flex-col gap-1 empty:hidden first:pt-[1px]\">\n<div class=\"markdown prose dark:prose-invert w-full break-words light markdown-new-styling\">\n<table style=\"width: 100%;border-collapse: collapse;font-family: Arial, sans-serif;text-align: left\">\n<thead>\n<tr style=\"background-color: #f2f2f2\">\n<th style=\"padding: 10px;border-bottom: 2px solid #ddd\">RENK<\/th>\n<th style=\"padding: 10px;border-bottom: 2px solid #ddd\">\u00dcR\u00dcN ADI<\/th>\n<th style=\"padding: 10px;border-bottom: 2px solid #ddd\">\u00dcR\u00dcN KODU<\/th>\n<th style=\"padding: 10px;border-bottom: 2px solid #ddd\">BARKOD<\/th>\n<\/tr>\n<\/thead>\n<tbody>\n<tr>\n<td style=\"padding: 10px\">\n<div style=\"width: 20px;height: 20px;background-color: #4caf50;border-radius: 50%\"><\/div>\n<\/td>\n<td style=\"padding: 10px\">Azulen<\/td>\n<td style=\"padding: 10px\">152.05.16.001<\/td>\n<td style=\"padding: 10px\">8681065800334<\/td>\n<\/tr>\n<tr>\n<td style=\"padding: 10px\">\n<div style=\"width: 20px;height: 20px;background-color: #ffd700;border-radius: 50%\"><\/div>\n<\/td>\n<td style=\"padding: 10px\">Natural<\/td>\n<td style=\"padding: 10px\">152.05.16.004<\/td>\n<td style=\"padding: 10px\">8681065800341<\/td>\n<\/tr>\n<tr>\n<td style=\"padding: 10px\">\n<div style=\"width: 20px;height: 20px;background-color: #ff69b4;border-radius: 50%\"><\/div>\n<\/td>\n<td style=\"padding: 10px\">Titanium<\/td>\n<td style=\"padding: 10px\">152.05.16.010<\/td>\n<td style=\"padding: 10px\">8681065801225<\/td>\n<\/tr>\n<tr>\n<td style=\"padding: 10px\">\n<div style=\"width: 20px;height: 20px;background-color: #bebebe;border-radius: 50%\"><\/div>\n<\/td>\n<td style=\"padding: 10px\">Silver<\/td>\n<td style=\"padding: 10px\">152.05.16.013<\/td>\n<td style=\"padding: 10px\">8681065800365<\/td>\n<\/tr>\n<tr>\n<td style=\"padding: 10px\">\n<div style=\"width: 20px;height: 20px;background-color: #ffd700;border-radius: 50%;border: 1px solid #c6a600\"><\/div>\n<\/td>\n<td style=\"padding: 10px\">Gold<\/td>\n<td style=\"padding: 10px\">152.05.16.016<\/td>\n<td style=\"padding: 10px\">8681065800372<\/td>\n<\/tr>\n<tr>\n<td style=\"padding: 10px\">\n<div style=\"width: 20px;height: 20px;background-color: #ffffff;border-radius: 50%;border: 1px solid #c6a600\"><\/div>\n<\/td>\n<td style=\"padding: 10px\">White Titan<\/td>\n<td style=\"padding: 10px\">152.05.16.019<\/td>\n<td style=\"padding: 10px\">8681065801225<\/td>\n<\/tr>\n<\/tbody>\n<\/table>\n<\/div>\n<\/div>\n<\/div>\n<\/div>\n<\/div>\n<\/div>","protected":false},"excerpt":{"rendered":"<div class=\"flex flex-col text-sm pb-25\">\n<section class=\"text-token-text-primary w-full focus:outline-none [--shadow-height:45px] has-data-writing-block:pointer-events-none has-data-writing-block:-mt-(--shadow-height) has-data-writing-block:pt-(--shadow-height) [&amp;:has([data-writing-block])&gt;*]:pointer-events-auto scroll-mt-[calc(var(--header-height)+min(200px,max(70px,20svh)))]\" dir=\"auto\" data-turn-id=\"request-699ec379-f334-8328-bbff-a676757453f3-3\" data-testid=\"conversation-turn-26\" data-scroll-anchor=\"true\" data-turn=\"assistant\">\n<div class=\"text-base my-auto mx-auto pb-10 [--thread-content-margin:var(--thread-content-margin-xs,calc(var(--spacing)*4))] @w-sm\/main:[--thread-content-margin:var(--thread-content-margin-sm,calc(var(--spacing)*6))] @w-lg\/main:[--thread-content-margin:var(--thread-content-margin-lg,calc(var(--spacing)*16))] px-(--thread-content-margin)\">\n<div class=\"[--thread-content-max-width:40rem] @w-lg\/main:[--thread-content-max-width:48rem] mx-auto max-w-(--thread-content-max-width) flex-1 group\/turn-messages focus-visible:outline-hidden relative flex w-full min-w-0 flex-col agent-turn\">\n<div class=\"flex max-w-full flex-col gap-4 grow\">\n<div class=\"min-h-8 text-message relative flex w-full flex-col items-end gap-2 text-start break-words whitespace-normal outline-none keyboard-focused:focus-ring [.text-message+&amp;]:mt-1\" dir=\"auto\" data-message-author-role=\"assistant\" data-message-id=\"ba17551e-7593-4219-8f03-f91c82100cf1\" data-message-model-slug=\"gpt-5-3\" data-turn-start-message=\"true\">\n<div class=\"flex w-full flex-col gap-1 empty:hidden\">\n<div class=\"markdown prose dark:prose-invert w-full wrap-break-word light markdown-new-styling\">\n<p data-start=\"0\" data-end=\"599\" data-is-last-node=\"\" data-is-only-node=\"\"><strong data-start=\"0\" data-end=\"35\" data-is-only-node=\"\">More For You Kartu\u015f A\u011fda 100 ml<\/strong>, berber ve kuaf\u00f6r salonlar\u0131nda profesyonel epilasyon i\u015flemleri i\u00e7in \u00f6zel olarak geli\u015ftirilmi\u015f pratik ve etkili bir a\u011fda \u00e7\u00f6z\u00fcm\u00fcd\u00fcr. Roll-on kartu\u015f sistemi sayesinde kolay uygulan\u0131r, cilde e\u015fit \u015fekilde da\u011f\u0131larak p\u00fcr\u00fczs\u00fcz sonu\u00e7lar elde edilmesini sa\u011flar. Cilde nazik form\u00fcl\u00fc ile t\u00fcyleri k\u00f6kten al\u0131rken uzun s\u00fcreli temizlik ve ipeksi bir g\u00f6r\u00fcn\u00fcm sunar. 100 ml ideal boyutu ile hem bireysel hem de yo\u011fun salon kullan\u0131m\u0131 i\u00e7in uygundur. SEO uyumlu olarak \u201ckartu\u015f a\u011fda\u201d, \u201cprofesyonel a\u011fda\u201d, \u201ckuaf\u00f6r a\u011fda \u00fcr\u00fcnleri\u201d ve \u201cberber epilasyon malzemeleri\u201d aramalar\u0131nda \u00f6ne \u00e7\u0131kar.<\/p>\n<\/div>\n<\/div>\n<\/div>\n<\/div>\n<div class=\"z-0 flex min-h-[46px] justify-start\"><\/div>\n<div class=\"mt-3 w-full empty:hidden\">\n<div class=\"text-center\"><\/div>\n<\/div>\n<\/div>\n<\/div>\n<\/section>\n<\/div>\n<div class=\"pointer-events-none h-px w-px absolute bottom-0\" aria-hidden=\"true\" data-edge=\"true\"><\/div>","protected":false},"featured_media":32364,"comment_status":"open","ping_status":"closed","template":"","meta":[],"product_brand":[96],"product_cat":[106],"product_tag":[],"class_list":{"0":"post-32427","1":"product","2":"type-product","3":"status-publish","4":"has-post-thumbnail","6":"product_brand-mor-fore-you-professional","7":"product_cat-kartus-sir-agda","9":"first","10":"instock","11":"shipping-taxable","12":"product-type-simple"},"_links":{"self":[{"href":"https:\/\/www.kraftkagit.com.tr\/ar\/wp-json\/wp\/v2\/product\/32427","targetHints":{"allow":["GET"]}}],"collection":[{"href":"https:\/\/www.kraftkagit.com.tr\/ar\/wp-json\/wp\/v2\/product"}],"about":[{"href":"https:\/\/www.kraftkagit.com.tr\/ar\/wp-json\/wp\/v2\/types\/product"}],"replies":[{"embeddable":true,"href":"https:\/\/www.kraftkagit.com.tr\/ar\/wp-json\/wp\/v2\/comments?post=32427"}],"version-history":[{"count":4,"href":"https:\/\/www.kraftkagit.com.tr\/ar\/wp-json\/wp\/v2\/product\/32427\/revisions"}],"predecessor-version":[{"id":33571,"href":"https:\/\/www.kraftkagit.com.tr\/ar\/wp-json\/wp\/v2\/product\/32427\/revisions\/33571"}],"wp:featuredmedia":[{"embeddable":true,"href":"https:\/\/www.kraftkagit.com.tr\/ar\/wp-json\/wp\/v2\/media\/32364"}],"wp:attachment":[{"href":"https:\/\/www.kraftkagit.com.tr\/ar\/wp-json\/wp\/v2\/media?parent=32427"}],"wp:term":[{"taxonomy":"product_brand","embeddable":true,"href":"https:\/\/www.kraftkagit.com.tr\/ar\/wp-json\/wp\/v2\/product_brand?post=32427"},{"taxonomy":"product_cat","embeddable":true,"href":"https:\/\/www.kraftkagit.com.tr\/ar\/wp-json\/wp\/v2\/product_cat?post=32427"},{"taxonomy":"product_tag","embeddable":true,"href":"https:\/\/www.kraftkagit.com.tr\/ar\/wp-json\/wp\/v2\/product_tag?post=32427"}],"curies":[{"name":"wp","href":"https:\/\/api.w.org\/{rel}","templated":true}]}}