{"id":32605,"date":"2025-09-17T14:40:29","date_gmt":"2025-09-17T11:40:29","guid":{"rendered":"https:\/\/kraftkagit.com.tr\/?post_type=product&#038;p=32605"},"modified":"2026-04-10T10:21:37","modified_gmt":"2026-04-10T07:21:37","slug":"more-for-you-kibrit-kan-tasi","status":"publish","type":"product","link":"https:\/\/www.kraftkagit.com.tr\/ar\/product\/more-for-you-kibrit-kan-tasi\/","title":{"rendered":"More For You Kibrit Kan Ta\u015f\u0131"},"content":{"rendered":"<h3 data-start=\"0\" data-end=\"50\"><strong data-start=\"4\" data-end=\"48\">More For You Kibrit Kan Ta\u015f\u0131 \u00d6zellikleri<\/strong><\/h3>\n<ul data-start=\"51\" data-end=\"430\">\n<li data-start=\"51\" data-end=\"127\">\n<p data-start=\"53\" data-end=\"127\">T\u0131ra\u015f sonras\u0131 olu\u015fan k\u00fc\u00e7\u00fck kesik ve tahri\u015flerde kanamay\u0131 h\u0131zla durdurur.<\/p>\n<\/li>\n<li data-start=\"128\" data-end=\"188\">\n<p data-start=\"130\" data-end=\"188\">Tek kullan\u0131ml\u0131k kibrit \u00e7\u00f6p\u00fc formu sayesinde hijyeniktir.<\/p>\n<\/li>\n<li data-start=\"189\" data-end=\"276\">\n<p data-start=\"191\" data-end=\"276\">Kolay ta\u015f\u0131nabilir yap\u0131s\u0131yla berberler, kuaf\u00f6rler ve ki\u015fisel kullan\u0131m i\u00e7in idealdir.<\/p>\n<\/li>\n<li data-start=\"277\" data-end=\"353\">\n<p data-start=\"279\" data-end=\"353\">Do\u011fal mineral i\u00e7erikli yap\u0131s\u0131 cildi yat\u0131\u015ft\u0131r\u0131r ve ferah bir his b\u0131rak\u0131r.<\/p>\n<\/li>\n<li data-start=\"354\" data-end=\"430\">\n<p data-start=\"356\" data-end=\"430\">Pratik kullan\u0131m\u0131 sayesinde tek seferde temiz ve g\u00fcvenli bir \u00e7\u00f6z\u00fcm sunar.<\/p>\n<\/li>\n<\/ul>\n<h3 data-start=\"432\" data-end=\"456\"><strong data-start=\"436\" data-end=\"454\">Kullan\u0131m \u015eekli<\/strong><\/h3>\n<p data-start=\"457\" data-end=\"809\">T\u0131ra\u015f s\u0131ras\u0131nda ya da sonras\u0131nda meydana gelen k\u00fc\u00e7\u00fck kesik ve tahri\u015fli b\u00f6lgeye uygulamak i\u00e7in, kibrit kan ta\u015f\u0131n\u0131 u\u00e7 k\u0131sm\u0131ndan hafif\u00e7e \u0131slat\u0131n. Daha sonra kesik veya tahri\u015fli b\u00f6lgeye k\u0131sa s\u00fcreli temas ettirin. Kanaman\u0131n h\u0131zla durdu\u011funu g\u00f6receksiniz. Kullan\u0131m sonras\u0131 \u00e7\u00f6pe at\u0131l\u0131r; tekrar kullan\u0131lmaz. Serin ve kuru bir yerde muhafaza edilmesi \u00f6nerilir.<\/p>","protected":false},"excerpt":{"rendered":"<article class=\"text-token-text-primary w-full focus:outline-none scroll-mt-[calc(var(--header-height)+min(200px,max(70px,20svh)))]\" dir=\"auto\" data-turn-id=\"9fe16d4d-31de-444b-85c7-bac013d92ebc\" data-testid=\"conversation-turn-160\" data-scroll-anchor=\"true\" data-turn=\"assistant\">\n<div class=\"text-base my-auto mx-auto pb-10 [--thread-content-margin:--spacing(4)] thread-sm:[--thread-content-margin:--spacing(6)] thread-lg:[--thread-content-margin:--spacing(16)] px-(--thread-content-margin)\">\n<div class=\"[--thread-content-max-width:40rem] thread-lg:[--thread-content-max-width:48rem] mx-auto max-w-(--thread-content-max-width) flex-1 group\/turn-messages focus-visible:outline-hidden relative flex w-full min-w-0 flex-col agent-turn\">\n<div class=\"flex max-w-full flex-col grow\">\n<div class=\"min-h-8 text-message relative flex w-full flex-col items-end gap-2 text-start break-words whitespace-normal [.text-message+&amp;]:mt-5\" dir=\"auto\" data-message-author-role=\"assistant\" data-message-id=\"1eb74e79-151f-451f-ba08-9d6d65d72c4d\" data-message-model-slug=\"gpt-5-mini\">\n<div class=\"flex w-full flex-col gap-1 empty:hidden first:pt-[3px]\">\n<div class=\"markdown prose dark:prose-invert w-full break-words light markdown-new-styling\">\n<p data-start=\"0\" data-end=\"426\" data-is-last-node=\"\" data-is-only-node=\"\"><strong data-start=\"0\" data-end=\"32\" data-is-only-node=\"\">More For You Kibrit Kan Ta\u015f\u0131<\/strong>, t\u0131ra\u015f s\u0131ras\u0131nda olu\u015fabilecek k\u00fc\u00e7\u00fck kesik ve tahri\u015fleri h\u0131zl\u0131 ve hijyenik bir \u015fekilde durdurmak i\u00e7in tasarlanm\u0131\u015ft\u0131r. Tek kullan\u0131ml\u0131k kibrit formu sayesinde enfeksiyon riskini en aza indirir ve cildi yat\u0131\u015ft\u0131r\u0131r. Berber, kuaf\u00f6r ve ki\u015fisel kullan\u0131m i\u00e7in pratik bir \u00e7\u00f6z\u00fcm sunan bu \u00fcr\u00fcn, ta\u015f\u0131nabilir yap\u0131s\u0131yla her ortamda g\u00fcvenle kullan\u0131labilir ve t\u0131ra\u015f sonras\u0131 bak\u0131mda vazge\u00e7ilmez bir yard\u0131mc\u0131d\u0131r.<\/p>\n<\/div>\n<\/div>\n<\/div>\n<\/div>\n<\/div>\n<\/div>\n<\/article>","protected":false},"featured_media":33623,"comment_status":"open","ping_status":"closed","template":"","meta":[],"product_brand":[96],"product_cat":[473],"product_tag":[],"class_list":{"0":"post-32605","1":"product","2":"type-product","3":"status-publish","4":"has-post-thumbnail","6":"product_brand-mor-fore-you-professional","7":"product_cat-kan-taslari","9":"first","10":"instock","11":"shipping-taxable","12":"product-type-simple"},"_links":{"self":[{"href":"https:\/\/www.kraftkagit.com.tr\/ar\/wp-json\/wp\/v2\/product\/32605","targetHints":{"allow":["GET"]}}],"collection":[{"href":"https:\/\/www.kraftkagit.com.tr\/ar\/wp-json\/wp\/v2\/product"}],"about":[{"href":"https:\/\/www.kraftkagit.com.tr\/ar\/wp-json\/wp\/v2\/types\/product"}],"replies":[{"embeddable":true,"href":"https:\/\/www.kraftkagit.com.tr\/ar\/wp-json\/wp\/v2\/comments?post=32605"}],"version-history":[{"count":3,"href":"https:\/\/www.kraftkagit.com.tr\/ar\/wp-json\/wp\/v2\/product\/32605\/revisions"}],"predecessor-version":[{"id":33122,"href":"https:\/\/www.kraftkagit.com.tr\/ar\/wp-json\/wp\/v2\/product\/32605\/revisions\/33122"}],"wp:featuredmedia":[{"embeddable":true,"href":"https:\/\/www.kraftkagit.com.tr\/ar\/wp-json\/wp\/v2\/media\/33623"}],"wp:attachment":[{"href":"https:\/\/www.kraftkagit.com.tr\/ar\/wp-json\/wp\/v2\/media?parent=32605"}],"wp:term":[{"taxonomy":"product_brand","embeddable":true,"href":"https:\/\/www.kraftkagit.com.tr\/ar\/wp-json\/wp\/v2\/product_brand?post=32605"},{"taxonomy":"product_cat","embeddable":true,"href":"https:\/\/www.kraftkagit.com.tr\/ar\/wp-json\/wp\/v2\/product_cat?post=32605"},{"taxonomy":"product_tag","embeddable":true,"href":"https:\/\/www.kraftkagit.com.tr\/ar\/wp-json\/wp\/v2\/product_tag?post=32605"}],"curies":[{"name":"wp","href":"https:\/\/api.w.org\/{rel}","templated":true}]}}