{"id":32636,"date":"2025-09-17T15:18:05","date_gmt":"2025-09-17T12:18:05","guid":{"rendered":"https:\/\/kraftkagit.com.tr\/?post_type=product&#038;p=32636"},"modified":"2026-04-04T10:23:14","modified_gmt":"2026-04-04T07:23:14","slug":"more-for-you-makyaj-pamugu-80li","status":"publish","type":"product","link":"https:\/\/www.kraftkagit.com.tr\/ar\/product\/more-for-you-makyaj-pamugu-80li\/","title":{"rendered":"More For You Makyaj Pamu\u011fu 80&#8217;li"},"content":{"rendered":"<h3 data-start=\"0\" data-end=\"54\"><strong data-start=\"4\" data-end=\"52\">\u00d6zellikleri<\/strong><\/h3>\n<ul data-start=\"55\" data-end=\"461\">\n<li data-start=\"55\" data-end=\"108\">\n<p data-start=\"57\" data-end=\"108\"><strong data-start=\"57\" data-end=\"75\">Paket i\u00e7eri\u011fi:<\/strong> 80 adet yumu\u015fak makyaj pamu\u011fu.<\/p>\n<\/li>\n<li data-start=\"109\" data-end=\"183\">\n<p data-start=\"111\" data-end=\"183\"><strong data-start=\"111\" data-end=\"131\">Cilde dost yap\u0131:<\/strong> Hassas ciltler i\u00e7in uygundur, cilde zarar vermez.<\/p>\n<\/li>\n<li data-start=\"184\" data-end=\"271\">\n<p data-start=\"186\" data-end=\"271\"><strong data-start=\"186\" data-end=\"206\">Y\u00fcksek emicilik:<\/strong> Makyaj temizli\u011fi ve bak\u0131m i\u015flemlerinde etkili temizlik sa\u011flar.<\/p>\n<\/li>\n<li data-start=\"272\" data-end=\"360\">\n<p data-start=\"274\" data-end=\"360\"><strong data-start=\"274\" data-end=\"296\">Hijyenik kullan\u0131m:<\/strong> Tek kullan\u0131ml\u0131k yap\u0131s\u0131 ile maksimum temizlik ve hijyen sunar.<\/p>\n<\/li>\n<li data-start=\"361\" data-end=\"461\">\n<p data-start=\"363\" data-end=\"461\"><strong data-start=\"363\" data-end=\"388\">Pratik ve kullan\u0131\u015fl\u0131:<\/strong> Evde veya profesyonel salonlarda h\u0131zl\u0131 ve kolay kullan\u0131m imk\u00e2n\u0131 verir.<\/p>\n<\/li>\n<\/ul>\n<h3 data-start=\"463\" data-end=\"487\"><strong data-start=\"467\" data-end=\"485\">Kullan\u0131m \u015eekli<\/strong><\/h3>\n<p data-start=\"488\" data-end=\"776\" data-is-last-node=\"\" data-is-only-node=\"\"><strong data-start=\"488\" data-end=\"524\">More For You Makyaj Pamu\u011fu 80\u2019li<\/strong>, ihtiyaca g\u00f6re paketten al\u0131n\u0131r. Makyaj temizleme losyonu veya tonik ile pamuk \u0131slat\u0131larak makyaj\u0131n temizlenece\u011fi b\u00f6lgeye uygulan\u0131r. Her pamuk tek kullan\u0131ml\u0131k oldu\u011fundan hijyenik bir temizlik sa\u011flar. G\u00f6z, y\u00fcz ve dudak b\u00f6lgesinde g\u00fcvenle kullan\u0131labilir.<\/p>","protected":false},"excerpt":{"rendered":"<p><strong data-start=\"0\" data-end=\"36\" data-is-only-node=\"\">More For You Makyaj Pamu\u011fu 80\u2019li<\/strong>, profesyonel kuaf\u00f6r ve g\u00fczellik salonlar\u0131nda veya evde makyaj temizli\u011fi i\u00e7in ideal bir \u00fcr\u00fcnd\u00fcr. Yumu\u015fak ve cilde dost yap\u0131s\u0131 sayesinde hassas b\u00f6lgelerde g\u00fcvenle kullan\u0131l\u0131r, y\u00fcksek emicili\u011fi ile makyaj ve kirleri etkili bir \u015fekilde temizler. Tek kullan\u0131ml\u0131k yap\u0131s\u0131 hijyen sa\u011flar ve her kullan\u0131mda maksimum temizlik sunar. Pratik paket format\u0131, h\u0131zl\u0131 ve kolay uygulama imk\u00e2n\u0131 vererek salonlarda ve g\u00fcnl\u00fck kullan\u0131mda konforlu bir deneyim sunar.<\/p>","protected":false},"featured_media":32536,"comment_status":"open","ping_status":"closed","template":"","meta":[],"product_brand":[96],"product_cat":[116],"product_tag":[],"class_list":{"0":"post-32636","1":"product","2":"type-product","3":"status-publish","4":"has-post-thumbnail","6":"product_brand-mor-fore-you-professional","7":"product_cat-pamuklar","9":"first","10":"instock","11":"shipping-taxable","12":"product-type-simple"},"_links":{"self":[{"href":"https:\/\/www.kraftkagit.com.tr\/ar\/wp-json\/wp\/v2\/product\/32636","targetHints":{"allow":["GET"]}}],"collection":[{"href":"https:\/\/www.kraftkagit.com.tr\/ar\/wp-json\/wp\/v2\/product"}],"about":[{"href":"https:\/\/www.kraftkagit.com.tr\/ar\/wp-json\/wp\/v2\/types\/product"}],"replies":[{"embeddable":true,"href":"https:\/\/www.kraftkagit.com.tr\/ar\/wp-json\/wp\/v2\/comments?post=32636"}],"version-history":[{"count":3,"href":"https:\/\/www.kraftkagit.com.tr\/ar\/wp-json\/wp\/v2\/product\/32636\/revisions"}],"predecessor-version":[{"id":33141,"href":"https:\/\/www.kraftkagit.com.tr\/ar\/wp-json\/wp\/v2\/product\/32636\/revisions\/33141"}],"wp:featuredmedia":[{"embeddable":true,"href":"https:\/\/www.kraftkagit.com.tr\/ar\/wp-json\/wp\/v2\/media\/32536"}],"wp:attachment":[{"href":"https:\/\/www.kraftkagit.com.tr\/ar\/wp-json\/wp\/v2\/media?parent=32636"}],"wp:term":[{"taxonomy":"product_brand","embeddable":true,"href":"https:\/\/www.kraftkagit.com.tr\/ar\/wp-json\/wp\/v2\/product_brand?post=32636"},{"taxonomy":"product_cat","embeddable":true,"href":"https:\/\/www.kraftkagit.com.tr\/ar\/wp-json\/wp\/v2\/product_cat?post=32636"},{"taxonomy":"product_tag","embeddable":true,"href":"https:\/\/www.kraftkagit.com.tr\/ar\/wp-json\/wp\/v2\/product_tag?post=32636"}],"curies":[{"name":"wp","href":"https:\/\/api.w.org\/{rel}","templated":true}]}}