{"id":32750,"date":"2025-09-17T16:19:43","date_gmt":"2025-09-17T13:19:43","guid":{"rendered":"https:\/\/kraftkagit.com.tr\/?post_type=product&#038;p=32750"},"modified":"2025-10-01T13:14:26","modified_gmt":"2025-10-01T10:14:26","slug":"efile-makas-tek-tarafli-302-60","status":"publish","type":"product","link":"https:\/\/www.kraftkagit.com.tr\/ar\/product\/efile-makas-tek-tarafli-302-60\/","title":{"rendered":"Efile Makas Tek Tarafl\u0131 302-6,0"},"content":{"rendered":"<article class=\"text-token-text-primary w-full focus:outline-none scroll-mt-[calc(var(--header-height)+min(200px,max(70px,20svh)))]\" dir=\"auto\" data-turn-id=\"request-68d3dda1-1298-8328-802f-6a9af06732b6-7\" data-testid=\"conversation-turn-278\" data-scroll-anchor=\"true\" data-turn=\"assistant\">\n<div class=\"text-base my-auto mx-auto pb-10 [--thread-content-margin:--spacing(4)] thread-sm:[--thread-content-margin:--spacing(6)] thread-lg:[--thread-content-margin:--spacing(16)] px-(--thread-content-margin)\">\n<div class=\"[--thread-content-max-width:40rem] thread-lg:[--thread-content-max-width:48rem] mx-auto max-w-(--thread-content-max-width) flex-1 group\/turn-messages focus-visible:outline-hidden relative flex w-full min-w-0 flex-col agent-turn\">\n<div class=\"flex max-w-full flex-col grow\">\n<div class=\"min-h-8 text-message relative flex w-full flex-col items-end gap-2 text-start break-words whitespace-normal [.text-message+&amp;]:mt-5\" dir=\"auto\" data-message-author-role=\"assistant\" data-message-id=\"47eef1c6-0ab3-4369-a985-7b17d8c6c40e\" data-message-model-slug=\"gpt-5\">\n<div class=\"flex w-full flex-col gap-1 empty:hidden first:pt-[3px]\">\n<div class=\"markdown prose dark:prose-invert w-full break-words light markdown-new-styling\">\n<p data-start=\"69\" data-end=\"87\"><strong data-start=\"69\" data-end=\"85\">\u00d6zellikleri:<\/strong><\/p>\n<ul data-start=\"88\" data-end=\"396\">\n<li data-start=\"88\" data-end=\"165\">\n<p data-start=\"90\" data-end=\"165\">Tek tarafl\u0131 di\u015fli yap\u0131ya sahiptir ve sa\u00e7lar\u0131 kontroll\u00fc \u015fekilde seyreltir.<\/p>\n<\/li>\n<li data-start=\"166\" data-end=\"223\">\n<p data-start=\"168\" data-end=\"223\">6,0 in\u00e7 boyutuyla profesyonel kullan\u0131m i\u00e7in idealdir.<\/p>\n<\/li>\n<li data-start=\"224\" data-end=\"289\">\n<p data-start=\"226\" data-end=\"289\">Paslanmaz \u00e7elikten \u00fcretilmi\u015ftir, uzun \u00f6m\u00fcrl\u00fc ve dayan\u0131kl\u0131d\u0131r.<\/p>\n<\/li>\n<li data-start=\"290\" data-end=\"347\">\n<p data-start=\"292\" data-end=\"347\">Ergonomik tasar\u0131m\u0131 sayesinde el yorgunlu\u011funu azalt\u0131r.<\/p>\n<\/li>\n<li data-start=\"348\" data-end=\"396\">\n<p data-start=\"350\" data-end=\"396\">Kesimlerde do\u011fal ve yumu\u015fak ge\u00e7i\u015fler sa\u011flar.<\/p>\n<\/li>\n<\/ul>\n<p data-start=\"398\" data-end=\"773\" data-is-last-node=\"\" data-is-only-node=\"\"><strong data-start=\"398\" data-end=\"417\">Kullan\u0131m \u015eekli:<\/strong><br data-start=\"417\" data-end=\"420\" \/>Efile makas, sa\u00e7\u0131n kal\u0131n b\u00f6lgelerinde fazla yo\u011funlu\u011fu azaltmak i\u00e7in tercih edilir. Tek tarafl\u0131 di\u015fli k\u0131sm\u0131 sa\u00e7 tellerini kontroll\u00fc \u015fekilde keserken d\u00fcz taraf\u0131 sa\u00e7\u0131n uzunlu\u011funu korur. Sa\u00e7 inceltme, kat verme ve ge\u00e7i\u015fleri yumu\u015fatma i\u015flemlerinde kullan\u0131l\u0131r. Profesyonel kuaf\u00f6rler taraf\u0131ndan kolayca uygulanabilir ve do\u011fal sonu\u00e7lar elde edilmesini sa\u011flar.<\/p>\n<\/div>\n<\/div>\n<\/div>\n<\/div>\n<\/div>\n<\/div>\n<\/article>","protected":false},"excerpt":{"rendered":"<p><strong>Efile Makas Tek Tarafl\u0131 302-6,0,<\/strong> sa\u00e7 inceltme ve \u015fekillendirme i\u015flemleri i\u00e7in tasarlanm\u0131\u015f profesyonel bir kuaf\u00f6r makas\u0131d\u0131r. Tek tarafl\u0131 di\u015fli yap\u0131s\u0131 sayesinde sa\u00e7lar\u0131 kontroll\u00fc bir \u015fekilde seyreltir ve do\u011fal bir g\u00f6r\u00fcn\u00fcm kazand\u0131r\u0131r. Paslanmaz \u00e7elik malzemeden \u00fcretilen makas, uzun \u00f6m\u00fcrl\u00fc kullan\u0131m sunarken 6,0 in\u00e7 boyutu ile rahat bir tutu\u015f sa\u011flar. Berber ve kuaf\u00f6r salonlar\u0131nda pratik kullan\u0131m imk\u00e2n\u0131 sunan bu \u00fcr\u00fcn, sa\u00e7 kesiminde hassasiyet ve profesyonellik arayanlar i\u00e7in idealdir.<\/p>","protected":false},"featured_media":32739,"comment_status":"open","ping_status":"closed","template":"","meta":[],"product_brand":[96],"product_cat":[118],"product_tag":[],"class_list":{"0":"post-32750","1":"product","2":"type-product","3":"status-publish","4":"has-post-thumbnail","6":"product_brand-mor-fore-you-professional","7":"product_cat-makaslar-ve-cimbizlar","9":"first","10":"instock","11":"shipping-taxable","12":"product-type-simple"},"_links":{"self":[{"href":"https:\/\/www.kraftkagit.com.tr\/ar\/wp-json\/wp\/v2\/product\/32750","targetHints":{"allow":["GET"]}}],"collection":[{"href":"https:\/\/www.kraftkagit.com.tr\/ar\/wp-json\/wp\/v2\/product"}],"about":[{"href":"https:\/\/www.kraftkagit.com.tr\/ar\/wp-json\/wp\/v2\/types\/product"}],"replies":[{"embeddable":true,"href":"https:\/\/www.kraftkagit.com.tr\/ar\/wp-json\/wp\/v2\/comments?post=32750"}],"version-history":[{"count":3,"href":"https:\/\/www.kraftkagit.com.tr\/ar\/wp-json\/wp\/v2\/product\/32750\/revisions"}],"predecessor-version":[{"id":33191,"href":"https:\/\/www.kraftkagit.com.tr\/ar\/wp-json\/wp\/v2\/product\/32750\/revisions\/33191"}],"wp:featuredmedia":[{"embeddable":true,"href":"https:\/\/www.kraftkagit.com.tr\/ar\/wp-json\/wp\/v2\/media\/32739"}],"wp:attachment":[{"href":"https:\/\/www.kraftkagit.com.tr\/ar\/wp-json\/wp\/v2\/media?parent=32750"}],"wp:term":[{"taxonomy":"product_brand","embeddable":true,"href":"https:\/\/www.kraftkagit.com.tr\/ar\/wp-json\/wp\/v2\/product_brand?post=32750"},{"taxonomy":"product_cat","embeddable":true,"href":"https:\/\/www.kraftkagit.com.tr\/ar\/wp-json\/wp\/v2\/product_cat?post=32750"},{"taxonomy":"product_tag","embeddable":true,"href":"https:\/\/www.kraftkagit.com.tr\/ar\/wp-json\/wp\/v2\/product_tag?post=32750"}],"curies":[{"name":"wp","href":"https:\/\/api.w.org\/{rel}","templated":true}]}}