{"id":33294,"date":"2025-10-02T16:57:49","date_gmt":"2025-10-02T13:57:49","guid":{"rendered":"https:\/\/www.kraftkagit.com.tr\/?post_type=product&#038;p=33294"},"modified":"2025-10-02T16:57:50","modified_gmt":"2025-10-02T13:57:50","slug":"tirnak-eti-pensi-410-3mm","status":"publish","type":"product","link":"https:\/\/www.kraftkagit.com.tr\/ar\/product\/tirnak-eti-pensi-410-3mm\/","title":{"rendered":"T\u0131rnak Eti Pensi 410\/3mm"},"content":{"rendered":"<h3 data-start=\"61\" data-end=\"79\">\u00d6zellikleri:<\/h3>\n<ul data-start=\"80\" data-end=\"475\">\n<li data-start=\"80\" data-end=\"161\">\n<p data-start=\"82\" data-end=\"161\">Y\u00fcksek kaliteli paslanmaz \u00e7elikten \u00fcretilmi\u015ftir, dayan\u0131kl\u0131 ve uzun \u00f6m\u00fcrl\u00fcd\u00fcr.<\/p>\n<\/li>\n<li data-start=\"162\" data-end=\"253\">\n<p data-start=\"164\" data-end=\"253\">3 mm\u2019lik hassas u\u00e7 yap\u0131s\u0131 ile t\u0131rnak \u00e7evresindeki \u00f6l\u00fc ve fazla etleri kolayca temizler.<\/p>\n<\/li>\n<li data-start=\"254\" data-end=\"322\">\n<p data-start=\"256\" data-end=\"322\">Keskin b\u0131\u00e7aklar\u0131 sayesinde d\u00fczg\u00fcn ve zahmetsiz bir kesim sa\u011flar.<\/p>\n<\/li>\n<li data-start=\"323\" data-end=\"404\">\n<p data-start=\"325\" data-end=\"404\">Ergonomik tasar\u0131m\u0131 ile rahat kavrama sunar, el yorgunlu\u011funu minimuma indirir.<\/p>\n<\/li>\n<li data-start=\"405\" data-end=\"475\">\n<p data-start=\"407\" data-end=\"475\">Profesyonel kullan\u0131m i\u00e7in manik\u00fcr ve pedik\u00fcr i\u015flemlerine uygundur.<\/p>\n<\/li>\n<\/ul>\n<h3 data-start=\"477\" data-end=\"498\">Kullan\u0131m \u015eekli:<\/h3>\n<p data-start=\"501\" data-end=\"573\">T\u0131rnak bak\u0131m\u0131 \u00f6ncesinde ellerinizi yumu\u015fatmak i\u00e7in \u0131l\u0131k suda bekletin.Pensi, t\u0131rnak kenar\u0131ndaki fazla ve \u00f6l\u00fc etleri dikkatlice kesmek i\u00e7in kullan\u0131n.Kullan\u0131mdan sonra hijyen i\u00e7in mutlaka temizleyin ve kuru bir yerde saklay\u0131n.D\u00fczenli dezenfekte edilerek hem hijyenik hem de uzun \u00f6m\u00fcrl\u00fc kullan\u0131m sa\u011flanabilir.<\/p>","protected":false},"excerpt":{"rendered":"<p><strong data-start=\"87\" data-end=\"115\">T\u0131rnak Eti Pensi 410\/3mm<\/strong>, profesyonel manik\u00fcr ve pedik\u00fcr uygulamalar\u0131 i\u00e7in tasarlanm\u0131\u015f, paslanmaz \u00e7elikten \u00fcretilmi\u015f dayan\u0131kl\u0131 bir bak\u0131m arac\u0131d\u0131r. 3 mm\u2019lik hassas u\u00e7 yap\u0131s\u0131 sayesinde t\u0131rnak \u00e7evresindeki \u00f6l\u00fc derileri kolayca temizler ve p\u00fcr\u00fczs\u00fcz bir g\u00f6r\u00fcn\u00fcm sa\u011flar. Ergonomik tasar\u0131m\u0131 sayesinde rahat bir kavrama sunar ve uzun s\u00fcreli kullan\u0131mlarda el yorgunlu\u011funu azalt\u0131r. Hem evde hem de g\u00fczellik salonlar\u0131nda hijyenik ve g\u00fcvenli kullan\u0131m i\u00e7in idealdir.<\/p>","protected":false},"featured_media":33300,"comment_status":"open","ping_status":"closed","template":"","meta":[],"product_brand":[96],"product_cat":[118],"product_tag":[],"class_list":{"0":"post-33294","1":"product","2":"type-product","3":"status-publish","4":"has-post-thumbnail","6":"product_brand-mor-fore-you-professional","7":"product_cat-makaslar-ve-cimbizlar","9":"first","10":"instock","11":"shipping-taxable","12":"product-type-simple"},"_links":{"self":[{"href":"https:\/\/www.kraftkagit.com.tr\/ar\/wp-json\/wp\/v2\/product\/33294","targetHints":{"allow":["GET"]}}],"collection":[{"href":"https:\/\/www.kraftkagit.com.tr\/ar\/wp-json\/wp\/v2\/product"}],"about":[{"href":"https:\/\/www.kraftkagit.com.tr\/ar\/wp-json\/wp\/v2\/types\/product"}],"replies":[{"embeddable":true,"href":"https:\/\/www.kraftkagit.com.tr\/ar\/wp-json\/wp\/v2\/comments?post=33294"}],"version-history":[{"count":1,"href":"https:\/\/www.kraftkagit.com.tr\/ar\/wp-json\/wp\/v2\/product\/33294\/revisions"}],"predecessor-version":[{"id":33304,"href":"https:\/\/www.kraftkagit.com.tr\/ar\/wp-json\/wp\/v2\/product\/33294\/revisions\/33304"}],"wp:featuredmedia":[{"embeddable":true,"href":"https:\/\/www.kraftkagit.com.tr\/ar\/wp-json\/wp\/v2\/media\/33300"}],"wp:attachment":[{"href":"https:\/\/www.kraftkagit.com.tr\/ar\/wp-json\/wp\/v2\/media?parent=33294"}],"wp:term":[{"taxonomy":"product_brand","embeddable":true,"href":"https:\/\/www.kraftkagit.com.tr\/ar\/wp-json\/wp\/v2\/product_brand?post=33294"},{"taxonomy":"product_cat","embeddable":true,"href":"https:\/\/www.kraftkagit.com.tr\/ar\/wp-json\/wp\/v2\/product_cat?post=33294"},{"taxonomy":"product_tag","embeddable":true,"href":"https:\/\/www.kraftkagit.com.tr\/ar\/wp-json\/wp\/v2\/product_tag?post=33294"}],"curies":[{"name":"wp","href":"https:\/\/api.w.org\/{rel}","templated":true}]}}