{"id":31926,"date":"2025-09-03T00:54:37","date_gmt":"2025-09-02T21:54:37","guid":{"rendered":"https:\/\/kraftkagit.com.tr\/?page_id=31926"},"modified":"2026-04-09T15:34:05","modified_gmt":"2026-04-09T12:34:05","slug":"sertifikalar","status":"publish","type":"page","link":"https:\/\/www.kraftkagit.com.tr\/de\/sertifikalar\/","title":{"rendered":"Zertifikate"},"content":{"rendered":"<div data-elementor-type=\"wp-page\" data-elementor-id=\"31926\" class=\"elementor elementor-31926\">\n\t\t\t\t<div class=\"wd-negative-gap elementor-element elementor-element-50cf98f e-flex e-con-boxed e-con e-parent\" data-id=\"50cf98f\" data-element_type=\"container\">\n\t\t\t\t\t<div class=\"e-con-inner\">\n\t\t<div class=\"elementor-element elementor-element-39c5b9e e-con-full e-flex e-con e-child\" data-id=\"39c5b9e\" data-element_type=\"container\">\n\t\t\t\t<div class=\"elementor-element elementor-element-e9bc9b0 wd-width-100 elementor-widget elementor-widget-wd_images_gallery\" data-id=\"e9bc9b0\" data-element_type=\"widget\" data-widget_type=\"wd_images_gallery.default\">\n\t\t\t\t<div class=\"elementor-widget-container\">\n\t\t\t\t\t\t\t<div class=\"wd-images-gallery photoswipe-images\" style=\"--wd-align-items:center; --wd-justify-content:center;\">\n\t\t\t\t\t\t<div class=\"wd-grid-g\" style=\"--wd-col-lg:3;--wd-col-md:3;--wd-col-sm:1;--wd-gap-lg:0px;\" >\n\t\t\t\t\t\t\t\t\t\t\t\t\t\t\t\t\t\t<div class=\"wd-gallery-item wd-col\">\n\t\t\t\t\t\t\t\t\t\t\t\t\t<a  href=\"https:\/\/www.kraftkagit.com.tr\/wp-content\/uploads\/2026\/04\/KRATKAGIT-2025-2026-SERTIFIKA.png\" data-width=\"521\" data-height=\"740\" data-index=\"1\" data-elementor-open-lightbox=\"no\">\n\t\t\t\t\t\t\n\t\t\t\t\t\t<img fetchpriority=\"high\" decoding=\"async\" width=\"521\" height=\"740\" src=\"https:\/\/www.kraftkagit.com.tr\/wp-content\/uploads\/2026\/04\/KRATKAGIT-2025-2026-SERTIFIKA.png\" class=\"attachment-large size-large\" alt=\"KRATKA\u011eIT 2025-2026 SERT\u0130F\u0130KA\" srcset=\"https:\/\/www.kraftkagit.com.tr\/wp-content\/uploads\/2026\/04\/KRATKAGIT-2025-2026-SERTIFIKA.png 521w, https:\/\/www.kraftkagit.com.tr\/wp-content\/uploads\/2026\/04\/KRATKAGIT-2025-2026-SERTIFIKA-211x300.png 211w, https:\/\/www.kraftkagit.com.tr\/wp-content\/uploads\/2026\/04\/KRATKAGIT-2025-2026-SERTIFIKA-430x611.png 430w, https:\/\/www.kraftkagit.com.tr\/wp-content\/uploads\/2026\/04\/KRATKAGIT-2025-2026-SERTIFIKA-150x213.png 150w\" sizes=\"(max-width: 521px) 100vw, 521px\" \/>\n\t\t\t\t\t\t\t\t\t\t\t\t\t<\/a>\n\t\t\t\t\t\t\t\t\t\t\t<\/div>\n\t\t\t\t\t\t\t\t\t\t\t\t\t<\/div>\n\t\t\t\t\t<\/div>\n\t\t\t\t\t\t<\/div>\n\t\t\t\t<\/div>\n\t\t\t\t<div class=\"elementor-element elementor-element-e85d2a5 elementor-widget elementor-widget-wd_text_block\" data-id=\"e85d2a5\" data-element_type=\"widget\" data-widget_type=\"wd_text_block.default\">\n\t\t\t\t<div class=\"elementor-widget-container\">\n\t\t\t\t\t\t\t<div class=\"wd-text-block reset-last-child text-left\">\n\t\t\t\n\t\t\t<p data-start=\"91\" data-end=\"131\"><strong data-start=\"91\" data-end=\"131\">Kalite Y\u00f6netim Sistemimiz Belgesi<\/strong><\/p><p data-start=\"133\" data-end=\"445\">Kraft Ka\u011f\u0131t Sanayi ve Ticaret Limited \u015eirketi olarak, m\u00fc\u015fteri memnuniyetini ve s\u00fcrd\u00fcr\u00fclebilir kalite anlay\u0131\u015f\u0131n\u0131 her zaman \u00f6n planda tutuyoruz. Bu do\u011frultuda, kalite y\u00f6netim s\u00fcre\u00e7lerimiz uluslararas\u0131 standartlara uygunlu\u011fu do\u011frulanarak <strong data-start=\"368\" data-end=\"420\">ISO 9001:2015 Kalite Y\u00f6netim Sistemi Sertifikas\u0131<\/strong> ile belgelendirilmi\u015ftir.<\/p><p data-start=\"447\" data-end=\"831\">Sahip oldu\u011fumuz bu sertifika; kozmetik ve berber \u00fcr\u00fcnleri \u00fcretim s\u00fcre\u00e7lerimizin, kalite, g\u00fcvenilirlik ve s\u00fcrekli iyile\u015ftirme prensiplerine uygun \u015fekilde y\u00fcr\u00fct\u00fcld\u00fc\u011f\u00fcn\u00fc g\u00f6stermektedir. \u00dcretimini ger\u00e7ekle\u015ftirdi\u011fimiz ba\u015fl\u0131ca \u00fcr\u00fcn gruplar\u0131 aras\u0131nda; a\u011fda \u00e7e\u015fitleri, roll-on a\u011fdalar, kullan-at havlular, a\u011fda bezleri, sedye \u00f6rt\u00fcleri, t\u0131ra\u015f sabunu ve benzeri kozmetik \u00fcr\u00fcnler yer almaktad\u0131r.<\/p><p data-start=\"833\" data-end=\"976\">Kalite politikam\u0131z gere\u011fi, t\u00fcm s\u00fcre\u00e7lerimizi d\u00fczenli olarak g\u00f6zden ge\u00e7irerek m\u00fc\u015fterilerimize en iyi hizmeti sunmay\u0131 hedeflemeye devam ediyoruz.<\/p>\n\t\t\t\t\t<\/div>\n\t\t\t\t\t\t<\/div>\n\t\t\t\t<\/div>\n\t\t\t\t<\/div>\n\t\t<div class=\"elementor-element elementor-element-cdb23f4 e-con-full e-flex e-con e-child\" data-id=\"cdb23f4\" data-element_type=\"container\">\n\t\t\t\t<div class=\"elementor-element elementor-element-accac04 wd-width-100 elementor-widget elementor-widget-wd_images_gallery\" data-id=\"accac04\" data-element_type=\"widget\" data-widget_type=\"wd_images_gallery.default\">\n\t\t\t\t<div class=\"elementor-widget-container\">\n\t\t\t\t\t\t\t<div class=\"wd-images-gallery photoswipe-images\" style=\"--wd-align-items:center; --wd-justify-content:center;\">\n\t\t\t\t\t\t<div class=\"wd-grid-g\" style=\"--wd-col-lg:3;--wd-col-md:3;--wd-col-sm:1;--wd-gap-lg:0px;\" >\n\t\t\t\t\t\t\t\t\t\t\t\t\t\t\t\t\t\t<div class=\"wd-gallery-item wd-col\">\n\t\t\t\t\t\t\t\t\t\t\t\t\t<a  href=\"https:\/\/www.kraftkagit.com.tr\/wp-content\/uploads\/2026\/04\/MORE-FOR-YOU-2025-2026-SERTIFIKA-1.png\" data-width=\"556\" data-height=\"788\" data-index=\"1\" data-elementor-open-lightbox=\"no\">\n\t\t\t\t\t\t\n\t\t\t\t\t\t<img decoding=\"async\" width=\"556\" height=\"788\" src=\"https:\/\/www.kraftkagit.com.tr\/wp-content\/uploads\/2026\/04\/MORE-FOR-YOU-2025-2026-SERTIFIKA-1.png\" class=\"attachment-large size-large\" alt=\"MORE FOR YOU 2025-2026 SERT\u0130F\u0130KA\" srcset=\"https:\/\/www.kraftkagit.com.tr\/wp-content\/uploads\/2026\/04\/MORE-FOR-YOU-2025-2026-SERTIFIKA-1.png 556w, https:\/\/www.kraftkagit.com.tr\/wp-content\/uploads\/2026\/04\/MORE-FOR-YOU-2025-2026-SERTIFIKA-1-212x300.png 212w, https:\/\/www.kraftkagit.com.tr\/wp-content\/uploads\/2026\/04\/MORE-FOR-YOU-2025-2026-SERTIFIKA-1-430x609.png 430w, https:\/\/www.kraftkagit.com.tr\/wp-content\/uploads\/2026\/04\/MORE-FOR-YOU-2025-2026-SERTIFIKA-1-150x213.png 150w\" sizes=\"(max-width: 556px) 100vw, 556px\" \/>\n\t\t\t\t\t\t\t\t\t\t\t\t\t<\/a>\n\t\t\t\t\t\t\t\t\t\t\t<\/div>\n\t\t\t\t\t\t\t\t\t\t\t\t\t<\/div>\n\t\t\t\t\t<\/div>\n\t\t\t\t\t\t<\/div>\n\t\t\t\t<\/div>\n\t\t\t\t<div class=\"elementor-element elementor-element-9c9060b elementor-widget elementor-widget-wd_text_block\" data-id=\"9c9060b\" data-element_type=\"widget\" data-widget_type=\"wd_text_block.default\">\n\t\t\t\t<div class=\"elementor-widget-container\">\n\t\t\t\t\t\t\t<div class=\"wd-text-block reset-last-child text-left\">\n\t\t\t\n\t\t\t<p data-start=\"97\" data-end=\"162\"><strong data-start=\"97\" data-end=\"162\">Uluslararas\u0131 Kalite Standartlar\u0131nda \u00dcretim ve Sat\u0131\u015f G\u00fcvencesi<\/strong><\/p><p data-start=\"164\" data-end=\"467\">More For You Kozmetik Sanayi ve Ticaret Limited \u015eirketi olarak, kalite ve m\u00fc\u015fteri memnuniyetini i\u015fimizin merkezine al\u0131yoruz. Bu anlay\u0131\u015f do\u011frultusunda, kalite y\u00f6netim sistemimiz uluslararas\u0131 standartlara uygunlu\u011fu do\u011frulanarak <strong data-start=\"390\" data-end=\"442\">ISO 9001:2015 Kalite Y\u00f6netim Sistemi Sertifikas\u0131<\/strong> ile belgelendirilmi\u015ftir.<\/p><p data-start=\"469\" data-end=\"797\">Bu sertifika; kozmetik \u00fcr\u00fcnlerinin \u00fcretim, ihracat ve sat\u0131\u015f s\u00fcre\u00e7lerimizin belirlenen kalite standartlar\u0131na uygun \u015fekilde y\u00fcr\u00fct\u00fcld\u00fc\u011f\u00fcn\u00fc g\u00f6stermektedir. \u00dcr\u00fcn portf\u00f6y\u00fcm\u00fczde; sir a\u011fda \u00e7e\u015fitleri, roll-on a\u011fdalar, kullan-at havlular, a\u011fda bezleri, sedye \u00f6rt\u00fcleri, t\u0131ra\u015f sabunu ve benzeri profesyonel kozmetik \u00fcr\u00fcnleri yer almaktad\u0131r.<\/p><p data-start=\"799\" data-end=\"974\">Kalite politikam\u0131z gere\u011fi, t\u00fcm faaliyetlerimizde s\u00fcrekli iyile\u015ftirme prensibini benimseyerek, m\u00fc\u015fterilerimize g\u00fcvenilir ve y\u00fcksek standartlarda \u00fcr\u00fcnler sunmaya devam ediyoruz.<\/p>\n\t\t\t\t\t<\/div>\n\t\t\t\t\t\t<\/div>\n\t\t\t\t<\/div>\n\t\t\t\t<\/div>\n\t\t\t\t\t<\/div>\n\t\t\t\t<\/div>\n\t\t<div class=\"wd-negative-gap elementor-element elementor-element-0dce681 e-flex e-con-boxed e-con e-parent\" data-id=\"0dce681\" data-element_type=\"container\">\n\t\t\t\t\t<div class=\"e-con-inner\">\n\t\t<div class=\"elementor-element elementor-element-6b5ec61 e-con-full e-flex e-con e-child\" data-id=\"6b5ec61\" data-element_type=\"container\">\n\t\t\t\t<div class=\"elementor-element elementor-element-2cc2a50 wd-width-100 elementor-widget elementor-widget-wd_images_gallery\" data-id=\"2cc2a50\" data-element_type=\"widget\" data-widget_type=\"wd_images_gallery.default\">\n\t\t\t\t<div class=\"elementor-widget-container\">\n\t\t\t\t\t\t\t<div class=\"wd-images-gallery photoswipe-images\" style=\"--wd-align-items:center; --wd-justify-content:center;\">\n\t\t\t\t\t\t<div class=\"wd-grid-g\" style=\"--wd-col-lg:3;--wd-col-md:3;--wd-col-sm:1;--wd-gap-lg:0px;\" >\n\t\t\t\t\t\t\t\t\t\t\t\t\t\t\t\t\t\t<div class=\"wd-gallery-item wd-col\">\n\t\t\t\t\t\t\t\t\t\t\t\t\t<a  href=\"https:\/\/www.kraftkagit.com.tr\/wp-content\/uploads\/2026\/04\/WAX-KIMYA-2025-2026-SERTIFIKA.jpeg\" data-width=\"1116\" data-height=\"1599\" data-index=\"1\" data-elementor-open-lightbox=\"no\">\n\t\t\t\t\t\t\n\t\t\t\t\t\t<img decoding=\"async\" width=\"558\" height=\"800\" src=\"https:\/\/www.kraftkagit.com.tr\/wp-content\/uploads\/2026\/04\/WAX-KIMYA-2025-2026-SERTIFIKA-558x800.jpeg\" class=\"attachment-large size-large\" alt=\"WAX K\u0130MYA 2025-2026 SERT\u0130F\u0130KA\" srcset=\"https:\/\/www.kraftkagit.com.tr\/wp-content\/uploads\/2026\/04\/WAX-KIMYA-2025-2026-SERTIFIKA-558x800.jpeg 558w, https:\/\/www.kraftkagit.com.tr\/wp-content\/uploads\/2026\/04\/WAX-KIMYA-2025-2026-SERTIFIKA-209x300.jpeg 209w, https:\/\/www.kraftkagit.com.tr\/wp-content\/uploads\/2026\/04\/WAX-KIMYA-2025-2026-SERTIFIKA-768x1100.jpeg 768w, https:\/\/www.kraftkagit.com.tr\/wp-content\/uploads\/2026\/04\/WAX-KIMYA-2025-2026-SERTIFIKA-1072x1536.jpeg 1072w, https:\/\/www.kraftkagit.com.tr\/wp-content\/uploads\/2026\/04\/WAX-KIMYA-2025-2026-SERTIFIKA-430x616.jpeg 430w, https:\/\/www.kraftkagit.com.tr\/wp-content\/uploads\/2026\/04\/WAX-KIMYA-2025-2026-SERTIFIKA-700x1003.jpeg 700w, https:\/\/www.kraftkagit.com.tr\/wp-content\/uploads\/2026\/04\/WAX-KIMYA-2025-2026-SERTIFIKA-150x215.jpeg 150w, https:\/\/www.kraftkagit.com.tr\/wp-content\/uploads\/2026\/04\/WAX-KIMYA-2025-2026-SERTIFIKA.jpeg 1116w\" sizes=\"(max-width: 558px) 100vw, 558px\" \/>\n\t\t\t\t\t\t\t\t\t\t\t\t\t<\/a>\n\t\t\t\t\t\t\t\t\t\t\t<\/div>\n\t\t\t\t\t\t\t\t\t\t\t\t\t<\/div>\n\t\t\t\t\t<\/div>\n\t\t\t\t\t\t<\/div>\n\t\t\t\t<\/div>\n\t\t\t\t<div class=\"elementor-element elementor-element-9a335ad elementor-widget elementor-widget-wd_text_block\" data-id=\"9a335ad\" data-element_type=\"widget\" data-widget_type=\"wd_text_block.default\">\n\t\t\t\t<div class=\"elementor-widget-container\">\n\t\t\t\t\t\t\t<div class=\"wd-text-block reset-last-child text-left\">\n\t\t\t\n\t\t\t<p data-start=\"91\" data-end=\"147\"><strong>\u0130yi \u00dcretim Uygulamalar\u0131 (GMP) Standartlar\u0131nda \u00dcretim<\/strong><\/p><p data-start=\"149\" data-end=\"440\">Wax Kimya Sanayi ve Ticaret Limited \u015eirketi olarak, \u00fcretim s\u00fcre\u00e7lerimizde kalite, hijyen ve g\u00fcvenli\u011fi en \u00fcst seviyede tutuyoruz. Bu kapsamda, tesislerimiz uluslararas\u0131 standartlara uygunlu\u011fu do\u011frulanarak <strong data-start=\"353\" data-end=\"403\">ISO 22716:2013 (GMP \u2013 \u0130yi \u00dcretim Uygulamalar\u0131)<\/strong> sertifikas\u0131 ile belgelendirilmi\u015ftir.<\/p><p data-start=\"442\" data-end=\"741\">Bu sertifika; kozmetik \u00fcr\u00fcnlerimizin \u00fcretim a\u015famalar\u0131n\u0131n, hijyen, izlenebilirlik ve kalite kontrol kriterlerine uygun \u015fekilde ger\u00e7ekle\u015ftirildi\u011fini g\u00f6stermektedir. \u00dcretimini ger\u00e7ekle\u015ftirdi\u011fimiz ba\u015fl\u0131ca \u00fcr\u00fcnler aras\u0131nda; sir a\u011fda, konserve a\u011fda, roll-on a\u011fda, t\u0131ra\u015f sabunu ve a\u011fda ya\u011f\u0131 yer almaktad\u0131r.<\/p><p data-start=\"743\" data-end=\"889\">GMP standartlar\u0131na uygun \u00fcretim anlay\u0131\u015f\u0131m\u0131z ile m\u00fc\u015fterilerimize g\u00fcvenilir, kaliteli ve uluslararas\u0131 normlara uygun \u00fcr\u00fcnler sunmaya devam ediyoruz.<\/p>\n\t\t\t\t\t<\/div>\n\t\t\t\t\t\t<\/div>\n\t\t\t\t<\/div>\n\t\t\t\t<\/div>\n\t\t<div class=\"elementor-element elementor-element-583b13f e-con-full e-flex e-con e-child\" data-id=\"583b13f\" data-element_type=\"container\">\n\t\t\t\t<div class=\"elementor-element elementor-element-75a5149 wd-width-100 elementor-widget elementor-widget-wd_images_gallery\" data-id=\"75a5149\" data-element_type=\"widget\" data-widget_type=\"wd_images_gallery.default\">\n\t\t\t\t<div class=\"elementor-widget-container\">\n\t\t\t\t\t\t\t<div class=\"wd-images-gallery photoswipe-images\" style=\"--wd-align-items:center; --wd-justify-content:center;\">\n\t\t\t\t\t\t<div class=\"wd-grid-g\" style=\"--wd-col-lg:3;--wd-col-md:3;--wd-col-sm:1;--wd-gap-lg:0px;\" >\n\t\t\t\t\t\t\t\t\t\t\t\t\t\t\t\t\t\t<div class=\"wd-gallery-item wd-col\">\n\t\t\t\t\t\t\t\t\t\t\t\t\t<a  href=\"https:\/\/www.kraftkagit.com.tr\/wp-content\/uploads\/2026\/04\/Ekran-goruntusu-2026-04-09-150724.png\" data-width=\"572\" data-height=\"811\" data-index=\"1\" data-elementor-open-lightbox=\"no\">\n\t\t\t\t\t\t\n\t\t\t\t\t\t<img loading=\"lazy\" decoding=\"async\" width=\"564\" height=\"800\" src=\"https:\/\/www.kraftkagit.com.tr\/wp-content\/uploads\/2026\/04\/Ekran-goruntusu-2026-04-09-150724-564x800.png\" class=\"attachment-large size-large\" alt=\"Ekran g\u00f6r\u00fcnt\u00fcs\u00fc 2026-04-09 150724\" srcset=\"https:\/\/www.kraftkagit.com.tr\/wp-content\/uploads\/2026\/04\/Ekran-goruntusu-2026-04-09-150724-564x800.png 564w, https:\/\/www.kraftkagit.com.tr\/wp-content\/uploads\/2026\/04\/Ekran-goruntusu-2026-04-09-150724-212x300.png 212w, https:\/\/www.kraftkagit.com.tr\/wp-content\/uploads\/2026\/04\/Ekran-goruntusu-2026-04-09-150724-430x610.png 430w, https:\/\/www.kraftkagit.com.tr\/wp-content\/uploads\/2026\/04\/Ekran-goruntusu-2026-04-09-150724-150x213.png 150w, https:\/\/www.kraftkagit.com.tr\/wp-content\/uploads\/2026\/04\/Ekran-goruntusu-2026-04-09-150724.png 572w\" sizes=\"(max-width: 564px) 100vw, 564px\" \/>\n\t\t\t\t\t\t\t\t\t\t\t\t\t<\/a>\n\t\t\t\t\t\t\t\t\t\t\t<\/div>\n\t\t\t\t\t\t\t\t\t\t\t\t\t<\/div>\n\t\t\t\t\t<\/div>\n\t\t\t\t\t\t<\/div>\n\t\t\t\t<\/div>\n\t\t\t\t<div class=\"elementor-element elementor-element-086c6fd elementor-widget elementor-widget-wd_text_block\" data-id=\"086c6fd\" data-element_type=\"widget\" data-widget_type=\"wd_text_block.default\">\n\t\t\t\t<div class=\"elementor-widget-container\">\n\t\t\t\t\t\t\t<div class=\"wd-text-block reset-last-child text-left\">\n\t\t\t\n\t\t\t<p data-path-to-node=\"3\"><b data-path-to-node=\"3\" data-index-in-node=\"0\"> Kalite ve Hijyen Standartlar\u0131m\u0131z Tescillendi<\/b><\/p><p data-path-to-node=\"3\">Kraft Ka\u011f\u0131t Sanayi ve Ticaret Ltd. \u015eti. olarak, \u00fcretim s\u00fcre\u00e7lerimizde uluslararas\u0131 standartlar\u0131 en \u00fcst seviyede tutuyoruz. Kozmetik \u00fcr\u00fcnlerimizin (a\u011fda \u00e7e\u015fitleri, t\u0131ra\u015f sabunu ve bak\u0131m ya\u011flar\u0131) \u00fcretimi, <b data-path-to-node=\"4\" data-index-in-node=\"204\">ISO 22716:2013 (GMP - \u0130yi \u00dcretim Uygulamalar\u0131)<\/b> standartlar\u0131na uygun olarak ger\u00e7ekle\u015ftirilmektedir. KIOSCERT taraf\u0131ndan onaylanan bu sertifika, \u00fcr\u00fcnlerimizin hijyenik, g\u00fcvenli ve kontroll\u00fc bir ortamda \u00fcretildi\u011finin en somut kan\u0131t\u0131d\u0131r. M\u00fc\u015fterilerimize her zaman en y\u00fcksek kaliteyi sunmaya devam ediyoruz.<\/p><p data-path-to-node=\"3\">G\u00fczellik ve bak\u0131m rutininiz i\u00e7in \u00fcretti\u011fimiz her bir \u00fcr\u00fcn\u00fcn arkas\u0131nda, uluslararas\u0131 disiplin ve titizlik yat\u0131yor. Tesislerimiz, <b data-path-to-node=\"12\" data-index-in-node=\"129\">ISO 22716:2013 (\u0130yi \u00dcretim Uygulamalar\u0131)<\/b> kapsam\u0131nda denetlenmi\u015f ve sertifikaland\u0131r\u0131lm\u0131\u015ft\u0131r. Sir a\u011fdadan t\u0131ra\u015f sabununa kadar t\u00fcm \u00fcr\u00fcn gruplar\u0131m\u0131zda, sa\u011fl\u0131\u011f\u0131n\u0131z\u0131 ve g\u00fcvenli\u011finizi koruyan standartlardan asla \u00f6d\u00fcn vermiyoruz.<\/p>\n\t\t\t\t\t<\/div>\n\t\t\t\t\t\t<\/div>\n\t\t\t\t<\/div>\n\t\t\t\t<\/div>\n\t\t\t\t\t<\/div>\n\t\t\t\t<\/div>\n\t\t\t\t<\/div>","protected":false},"excerpt":{"rendered":"<p>Kalite Y\u00f6netim Sistemimiz Belgesi Kraft Ka\u011f\u0131t Sanayi ve Ticaret Limited \u015eirketi olarak, m\u00fc\u015fteri memnuniyetini ve s\u00fcrd\u00fcr\u00fclebilir kalite anlay\u0131\u015f\u0131n\u0131 her zaman<\/p>","protected":false},"author":3,"featured_media":0,"parent":0,"menu_order":0,"comment_status":"closed","ping_status":"closed","template":"","meta":{"footnotes":""},"class_list":["post-31926","page","type-page","status-publish","hentry"],"_links":{"self":[{"href":"https:\/\/www.kraftkagit.com.tr\/de\/wp-json\/wp\/v2\/pages\/31926","targetHints":{"allow":["GET"]}}],"collection":[{"href":"https:\/\/www.kraftkagit.com.tr\/de\/wp-json\/wp\/v2\/pages"}],"about":[{"href":"https:\/\/www.kraftkagit.com.tr\/de\/wp-json\/wp\/v2\/types\/page"}],"author":[{"embeddable":true,"href":"https:\/\/www.kraftkagit.com.tr\/de\/wp-json\/wp\/v2\/users\/3"}],"replies":[{"embeddable":true,"href":"https:\/\/www.kraftkagit.com.tr\/de\/wp-json\/wp\/v2\/comments?post=31926"}],"version-history":[{"count":12,"href":"https:\/\/www.kraftkagit.com.tr\/de\/wp-json\/wp\/v2\/pages\/31926\/revisions"}],"predecessor-version":[{"id":33730,"href":"https:\/\/www.kraftkagit.com.tr\/de\/wp-json\/wp\/v2\/pages\/31926\/revisions\/33730"}],"wp:attachment":[{"href":"https:\/\/www.kraftkagit.com.tr\/de\/wp-json\/wp\/v2\/media?parent=31926"}],"curies":[{"name":"wp","href":"https:\/\/api.w.org\/{rel}","templated":true}]}}