{"id":32483,"date":"2025-09-16T21:45:24","date_gmt":"2025-09-16T18:45:24","guid":{"rendered":"https:\/\/kraftkagit.com.tr\/?post_type=product&#038;p=32483"},"modified":"2026-02-20T16:31:59","modified_gmt":"2026-02-20T13:31:59","slug":"cekirdekagda","status":"publish","type":"product","link":"https:\/\/www.kraftkagit.com.tr\/de\/produkt\/cekirdekagda\/","title":{"rendered":"More For You \u00c7ekirdek A\u011fda Pet 400gr"},"content":{"rendered":"<p data-start=\"0\" data-end=\"59\"><strong data-start=\"0\" data-end=\"57\">\u00d6zellikleri:<\/strong><\/p>\n<p data-start=\"0\" data-end=\"59\"><strong data-start=\"263\" data-end=\"293\">More For You \u00c7ekirdek A\u011fda<\/strong>, tek \u00fcr\u00fcnde d\u00f6rt g\u00fc\u00e7l\u00fc etki sunan <strong data-start=\"328\" data-end=\"354\">4\u2019\u00fc 1 arada form\u00fcl\u00fcyle<\/strong> cilt bak\u0131m\u0131n\u0131 a\u011fda konforuyla birle\u015ftirir. <strong data-start=\"398\" data-end=\"410\">Sir a\u011fda<\/strong> \u00f6zelli\u011fi sayesinde t\u00fcyleri k\u00f6k\u00fcnden alarak uzun s\u00fcre kal\u0131c\u0131 p\u00fcr\u00fczs\u00fczl\u00fck sa\u011flar. <strong data-start=\"491\" data-end=\"512\">Soyulabilen maske<\/strong> etkisi, ciltteki \u00f6l\u00fc h\u00fccreleri ar\u0131nd\u0131rarak g\u00f6zenekleri temizler. Ayn\u0131 zamanda <strong data-start=\"591\" data-end=\"611\">peeling \u00f6zelli\u011fi<\/strong> ile cildi yeniler ve daha canl\u0131 bir g\u00f6r\u00fcn\u00fcm kazand\u0131r\u0131r. \u0130\u00e7eri\u011finde bulunan <strong data-start=\"687\" data-end=\"705\" data-is-only-node=\"\">\u00e7ay a\u011fac\u0131 ya\u011f\u0131<\/strong>, cildi yat\u0131\u015ft\u0131r\u0131r, bakteri olu\u015fumunu \u00f6nler ve her uygulamada do\u011fal bir bak\u0131m etkisi sunar.<\/p>\n<ul data-start=\"60\" data-end=\"448\">\n<li data-start=\"60\" data-end=\"135\">\n<p data-start=\"62\" data-end=\"135\">Cilde nazik form\u00fcl\u00fcyle t\u00fcyleri k\u00f6k\u00fcnden al\u0131rken tahri\u015f riskini azalt\u0131r.<\/p>\n<\/li>\n<li data-start=\"136\" data-end=\"211\">\n<p data-start=\"138\" data-end=\"211\">H\u0131zl\u0131 eriyen \u00e7ekirdek yap\u0131s\u0131 sayesinde pratik ve kolay kullan\u0131m sa\u011flar.<\/p>\n<\/li>\n<li data-start=\"212\" data-end=\"290\">\n<p data-start=\"214\" data-end=\"290\">Uzun s\u00fcre kal\u0131c\u0131 p\u00fcr\u00fczs\u00fczl\u00fck sunarak cildi ipeksi bir g\u00f6r\u00fcn\u00fcme kavu\u015fturur.<\/p>\n<\/li>\n<li data-start=\"291\" data-end=\"372\">\n<p data-start=\"293\" data-end=\"372\">T\u00fcm cilt tipleri i\u00e7in uygun yap\u0131s\u0131yla profesyonel ve ev kullan\u0131m\u0131na idealdir.<\/p>\n<\/li>\n<li data-start=\"373\" data-end=\"448\">\n<p data-start=\"375\" data-end=\"448\">Pet ambalaj\u0131 sayesinde hijyenik, kolay saklanabilir ve ekonomiktir.<\/p>\n<\/li>\n<\/ul>\n<p data-start=\"450\" data-end=\"712\" data-is-last-node=\"\" data-is-only-node=\"\"><strong data-start=\"450\" data-end=\"464\">Kullan\u0131m\u0131:<\/strong><br data-start=\"464\" data-end=\"467\" \/>A\u011fday\u0131 uygun bir \u0131s\u0131t\u0131c\u0131da eritin ve cilde t\u00fcylerin \u00e7\u0131k\u0131\u015f y\u00f6n\u00fcne do\u011fru ince bir tabaka halinde uygulay\u0131n. A\u011fda kuruduktan sonra t\u00fcylerin ters y\u00f6n\u00fcne do\u011fru tek hamlede \u00e7ekin. Uygulama sonras\u0131 cildi nemlendirici bir losyon veya ya\u011f ile yat\u0131\u015ft\u0131r\u0131n.<\/p>\n<table style=\"width: 100%;border-collapse: collapse;font-family: Arial, sans-serif;text-align: left\">\n<thead>\n<tr style=\"background-color: #f2f2f2\">\n<th style=\"padding: 10px;border-bottom: 2px solid #ddd\">RENK<\/th>\n<th style=\"padding: 10px;border-bottom: 2px solid #ddd\">\u00dcR\u00dcN ADI<\/th>\n<th style=\"padding: 10px;border-bottom: 2px solid #ddd\">\u00dcR\u00dcN KODU<\/th>\n<th style=\"padding: 10px;border-bottom: 2px solid #ddd\">BARKOD<\/th>\n<\/tr>\n<\/thead>\n<tbody>\n<tr>\n<td style=\"padding: 10px\">\n<div style=\"width: 20px;height: 20px;background-color: #001f5b;border-radius: 50%\"><\/div>\n<\/td>\n<td style=\"padding: 10px\">Platinum<\/td>\n<td style=\"padding: 10px\">152.05.13.001<\/td>\n<td style=\"padding: 10px\">8681065802598<\/td>\n<\/tr>\n<tr>\n<td style=\"padding: 10px\">\n<div style=\"width: 20px;height: 20px;background-color: #fff4b0;border-radius: 50%\"><\/div>\n<\/td>\n<td style=\"padding: 10px\">Pearl<\/td>\n<td style=\"padding: 10px\">152.05.13.003<\/td>\n<td style=\"padding: 10px\">8681065803724<\/td>\n<\/tr>\n<tr>\n<td style=\"padding: 10px\">\n<div style=\"width: 20px;height: 20px;background-color: #800080;border-radius: 50%\"><\/div>\n<\/td>\n<td style=\"padding: 10px\">Lavender<\/td>\n<td style=\"padding: 10px\">152.05.13.005<\/td>\n<td style=\"padding: 10px\">8681065805100<\/td>\n<\/tr>\n<tr>\n<td style=\"padding: 10px\">\n<div style=\"width: 20px;height: 20px;background-color: #c00000;border-radius: 50%\"><\/div>\n<\/td>\n<td style=\"padding: 10px\">Henna<\/td>\n<td style=\"padding: 10px\">152.05.13.021<\/td>\n<td style=\"padding: 10px\">8681065806961<\/td>\n<\/tr>\n<tr>\n<td style=\"padding: 10px\">\n<div style=\"width: 20px;height: 20px;background-color: #000000;border-radius: 50%\"><\/div>\n<\/td>\n<td style=\"padding: 10px\">Black<\/td>\n<td style=\"padding: 10px\">152.05.13.007<\/td>\n<td style=\"padding: 10px\">8681065805117<\/td>\n<\/tr>\n<tr>\n<td style=\"padding: 10px\">\n<div style=\"width: 20px;height: 20px;background-color: #ffd700;border-radius: 50%;border: 1px solid #c6a600\"><\/div>\n<\/td>\n<td style=\"padding: 10px\">Gold<\/td>\n<td style=\"padding: 10px\">152.05.13.009<\/td>\n<td style=\"padding: 10px\">8681065806589<\/td>\n<\/tr>\n<tr>\n<td style=\"padding: 10px\">\n<div style=\"width: 20px;height: 20px;background-color: #4caf50;border-radius: 50%\"><\/div>\n<\/td>\n<td style=\"padding: 10px\">Green Tea<\/td>\n<td style=\"padding: 10px\">152.05.13.017<\/td>\n<td style=\"padding: 10px\">8681065804356<\/td>\n<\/tr>\n<tr>\n<td style=\"padding: 10px\">\n<div style=\"width: 20px;height: 20px;background-color: #ffffff;border-radius: 50%;border: 1px solid #ddd\"><\/div>\n<\/td>\n<td style=\"padding: 10px\">Pure White<\/td>\n<td style=\"padding: 10px\">152.05.13.019<\/td>\n<td style=\"padding: 10px\">8681065806954<\/td>\n<\/tr>\n<\/tbody>\n<\/table>","protected":false},"excerpt":{"rendered":"<p><strong data-start=\"44\" data-end=\"84\">More For You \u00c7ekirdek A\u011fda Pet 400gr<\/strong>, profesyonel ve ev kullan\u0131m\u0131 i\u00e7in ideal, y\u00fcksek performansl\u0131 bir a\u011fda \u00fcr\u00fcn\u00fcd\u00fcr. \u00d6zel form\u00fcl\u00fc sayesinde t\u00fcyleri k\u00f6k\u00fcnden al\u0131rken ciltte tahri\u015f olu\u015fumunu minimuma indirir. H\u0131zl\u0131 \u0131s\u0131nan yap\u0131s\u0131 ile pratik bir kullan\u0131m sunar, p\u00fcr\u00fczs\u00fcz ve ipeksi bir cilt g\u00f6r\u00fcn\u00fcm\u00fc sa\u011flar. Uzun s\u00fcre kal\u0131c\u0131 etkisiyle cilt bak\u0131m rutininizi kolayla\u015ft\u0131ran bu \u00fcr\u00fcn, t\u00fcm cilt tiplerine uygundur. <strong data-start=\"452\" data-end=\"473\" data-is-only-node=\"\">Kraftkagit.com.tr<\/strong> g\u00fcvencesiyle sunulan More For You \u00c7ekirdek A\u011fda, hijyenik ve etkili bir a\u011fda deneyimi arayan profesyoneller i\u00e7in m\u00fckemmel bir tercihtir.<\/p>","protected":false},"featured_media":32486,"comment_status":"open","ping_status":"closed","template":"","meta":[],"product_brand":[96],"product_cat":[108],"product_tag":[],"class_list":{"0":"post-32483","1":"product","2":"type-product","3":"status-publish","4":"has-post-thumbnail","6":"product_brand-mor-fore-you-professional","7":"product_cat-cekirdek-agda-pet","9":"first","10":"instock","11":"shipping-taxable","12":"product-type-simple"},"_links":{"self":[{"href":"https:\/\/www.kraftkagit.com.tr\/de\/wp-json\/wp\/v2\/product\/32483","targetHints":{"allow":["GET"]}}],"collection":[{"href":"https:\/\/www.kraftkagit.com.tr\/de\/wp-json\/wp\/v2\/product"}],"about":[{"href":"https:\/\/www.kraftkagit.com.tr\/de\/wp-json\/wp\/v2\/types\/product"}],"replies":[{"embeddable":true,"href":"https:\/\/www.kraftkagit.com.tr\/de\/wp-json\/wp\/v2\/comments?post=32483"}],"version-history":[{"count":5,"href":"https:\/\/www.kraftkagit.com.tr\/de\/wp-json\/wp\/v2\/product\/32483\/revisions"}],"predecessor-version":[{"id":33345,"href":"https:\/\/www.kraftkagit.com.tr\/de\/wp-json\/wp\/v2\/product\/32483\/revisions\/33345"}],"wp:featuredmedia":[{"embeddable":true,"href":"https:\/\/www.kraftkagit.com.tr\/de\/wp-json\/wp\/v2\/media\/32486"}],"wp:attachment":[{"href":"https:\/\/www.kraftkagit.com.tr\/de\/wp-json\/wp\/v2\/media?parent=32483"}],"wp:term":[{"taxonomy":"product_brand","embeddable":true,"href":"https:\/\/www.kraftkagit.com.tr\/de\/wp-json\/wp\/v2\/product_brand?post=32483"},{"taxonomy":"product_cat","embeddable":true,"href":"https:\/\/www.kraftkagit.com.tr\/de\/wp-json\/wp\/v2\/product_cat?post=32483"},{"taxonomy":"product_tag","embeddable":true,"href":"https:\/\/www.kraftkagit.com.tr\/de\/wp-json\/wp\/v2\/product_tag?post=32483"}],"curies":[{"name":"wp","href":"https:\/\/api.w.org\/{rel}","templated":true}]}}