{"id":32657,"date":"2025-09-17T15:35:18","date_gmt":"2025-09-17T12:35:18","guid":{"rendered":"https:\/\/kraftkagit.com.tr\/?post_type=product&#038;p=32657"},"modified":"2026-04-04T10:12:20","modified_gmt":"2026-04-04T07:12:20","slug":"more-for-you-sac-acici-toz-2000gr","status":"publish","type":"product","link":"https:\/\/www.kraftkagit.com.tr\/de\/produkt\/more-for-you-sac-acici-toz-2000gr\/","title":{"rendered":"More For You Sa\u00e7 A\u00e7\u0131c\u0131 Toz 2000gr"},"content":{"rendered":"<p data-start=\"0\" data-end=\"61\"><strong data-start=\"0\" data-end=\"59\">More For You Sa\u00e7 A\u00e7\u0131c\u0131 Toz 2000 gr \u00d6zellikleri:<\/strong><\/p>\n<ul data-start=\"63\" data-end=\"552\">\n<li data-section-id=\"3ocmmq\" data-start=\"63\" data-end=\"124\">G\u00fc\u00e7l\u00fc a\u00e7\u0131c\u0131 etkisi ile sa\u00e7 rengini kontroll\u00fc \u015fekilde a\u00e7ar<\/li>\n<li data-section-id=\"ttaxyg\" data-start=\"125\" data-end=\"160\">Homojen a\u00e7ma performans\u0131 sa\u011flar<\/li>\n<li data-section-id=\"1csojz6\" data-start=\"161\" data-end=\"211\">Toz formu sayesinde kolay kar\u0131\u015f\u0131m imk\u00e2n\u0131 sunar<\/li>\n<li data-section-id=\"xt5vfj\" data-start=\"212\" data-end=\"258\">Topaklanma yapmadan kremsi k\u0131vam olu\u015fturur<\/li>\n<li data-section-id=\"8mc7ux\" data-start=\"259\" data-end=\"302\">Tozuma yapmayan (anti-dust) \u00f6zel form\u00fcl<\/li>\n<li data-section-id=\"1y27i8n\" data-start=\"303\" data-end=\"356\">Profesyonel berber ve kuaf\u00f6r salonlar\u0131 i\u00e7in ideal<\/li>\n<li data-section-id=\"lw0bw\" data-start=\"357\" data-end=\"396\">Farkl\u0131 oksidanlarla uyumlu kullan\u0131m<\/li>\n<li data-section-id=\"2moali\" data-start=\"397\" data-end=\"449\">Sa\u00e7ta istenilen ton a\u00e7ma i\u015flemleri i\u00e7in uygundur<\/li>\n<li data-section-id=\"11qgktq\" data-start=\"507\" data-end=\"552\">1000 gr ekonomik ve yo\u011fun kullan\u0131ma uygun<\/li>\n<\/ul>\n<p data-start=\"554\" data-end=\"570\"><strong data-start=\"554\" data-end=\"568\">Kullan\u0131m\u0131:<\/strong><\/p>\n<p data-start=\"572\" data-end=\"1099\" data-is-last-node=\"\" data-is-only-node=\"\">Uygun oranlarda oksidan krem ile kar\u0131\u015ft\u0131r\u0131larak homojen bir kar\u0131\u015f\u0131m elde ediniz (genellikle 1:1 veya 1:2 oran \u00f6nerilir). Haz\u0131rlanan kar\u0131\u015f\u0131m\u0131 kuru sa\u00e7a, a\u00e7\u0131lmak istenen b\u00f6lgelere e\u015fit \u015fekilde uygulay\u0131n\u0131z. Sa\u00e7\u0131n yap\u0131s\u0131na ve istenilen a\u00e7ma seviyesine g\u00f6re 20\u201345 dakika aras\u0131nda bekletiniz. \u0130\u015flem s\u00fcresince sa\u00e7\u0131 kontrol ediniz. \u0130stenilen a\u00e7ma seviyesine ula\u015f\u0131ld\u0131\u011f\u0131nda bol su ile durulay\u0131n\u0131z ve ard\u0131ndan uygun bir \u015fampuan ve bak\u0131m \u00fcr\u00fcn\u00fc ile i\u015flemi tamamlay\u0131n\u0131z. G\u00f6z ile temas\u0131ndan ka\u00e7\u0131n\u0131n\u0131z ve kullan\u0131m s\u0131ras\u0131nda eldiven kullan\u0131n\u0131z.<\/p>\n<table style=\"width: 100%;border-collapse: collapse;font-family: Arial, sans-serif;text-align: left\">\n<thead>\n<tr style=\"background-color: #f2f2f2\">\n<th style=\"padding: 10px;border-bottom: 2px solid #ddd\">RENK<\/th>\n<th style=\"padding: 10px;border-bottom: 2px solid #ddd\">\u00dcR\u00dcN ADI<\/th>\n<th style=\"padding: 10px;border-bottom: 2px solid #ddd\">\u00dcR\u00dcN KODU<\/th>\n<th style=\"padding: 10px;border-bottom: 2px solid #ddd\">BARKOD<\/th>\n<\/tr>\n<\/thead>\n<tbody>\n<tr>\n<td style=\"padding: 10px\">\n<div style=\"width: 20px;height: 20px;background-color: #89cff0;border-radius: 50%\"><\/div>\n<\/td>\n<td style=\"padding: 10px\">Mavi<\/td>\n<td style=\"padding: 10px\">153.17.05.001<\/td>\n<td style=\"padding: 10px\">8681065804707<\/td>\n<\/tr>\n<tr>\n<td style=\"padding: 10px\">\n<div style=\"width: 20px;height: 20px;background-color: #800080;border-radius: 50%\"><\/div>\n<\/td>\n<td style=\"padding: 10px\">Mor<\/td>\n<td style=\"padding: 10px\">153.17.05.002<\/td>\n<td style=\"padding: 10px\">8681065804707<\/td>\n<\/tr>\n<tr>\n<td style=\"padding: 10px\">\n<div style=\"width: 20px;height: 20px;background-color: #ffffff;border-radius: 50%;border: 1px solid #ddd\"><\/div>\n<\/td>\n<td style=\"padding: 10px\">Beyaz<\/td>\n<td style=\"padding: 10px\">153.17.05.003<\/td>\n<td style=\"padding: 10px\">8681065804707<\/td>\n<\/tr>\n<tr>\n<td style=\"padding: 10px\">\n<div style=\"width: 20px;height: 20px;background-color: #c0c0c0;border-radius: 50%;border: 1px solid #ddd\"><\/div>\n<\/td>\n<td style=\"padding: 10px\">Gri<\/td>\n<td style=\"padding: 10px\">153.17.05.004<\/td>\n<td style=\"padding: 10px\">8681065804707<\/td>\n<\/tr>\n<\/tbody>\n<\/table>","protected":false},"excerpt":{"rendered":"<div class=\"flex flex-col text-sm pb-25\">\n<section class=\"text-token-text-primary w-full focus:outline-none [--shadow-height:45px] has-data-writing-block:pointer-events-none has-data-writing-block:-mt-(--shadow-height) has-data-writing-block:pt-(--shadow-height) [&amp;:has([data-writing-block])&gt;*]:pointer-events-auto scroll-mt-[calc(var(--header-height)+min(200px,max(70px,20svh)))]\" dir=\"auto\" data-turn-id=\"request-699ec379-f334-8328-bbff-a676757453f3-0\" data-testid=\"conversation-turn-46\" data-scroll-anchor=\"true\" data-turn=\"assistant\">\n<div class=\"text-base my-auto mx-auto pb-10 [--thread-content-margin:var(--thread-content-margin-xs,calc(var(--spacing)*4))] @w-sm\/main:[--thread-content-margin:var(--thread-content-margin-sm,calc(var(--spacing)*6))] @w-lg\/main:[--thread-content-margin:var(--thread-content-margin-lg,calc(var(--spacing)*16))] px-(--thread-content-margin)\">\n<div class=\"[--thread-content-max-width:40rem] @w-lg\/main:[--thread-content-max-width:48rem] mx-auto max-w-(--thread-content-max-width) flex-1 group\/turn-messages focus-visible:outline-hidden relative flex w-full min-w-0 flex-col agent-turn\">\n<div class=\"flex max-w-full flex-col gap-4 grow\">\n<div class=\"min-h-8 text-message relative flex w-full flex-col items-end gap-2 text-start break-words whitespace-normal outline-none keyboard-focused:focus-ring [.text-message+&amp;]:mt-1\" dir=\"auto\" data-message-author-role=\"assistant\" data-message-id=\"0c7a58e3-4aca-4922-a062-6a47317a615f\" data-message-model-slug=\"gpt-5-3\" data-turn-start-message=\"true\">\n<div class=\"flex w-full flex-col gap-1 empty:hidden\">\n<div class=\"markdown prose dark:prose-invert w-full wrap-break-word light markdown-new-styling\">\n<p data-start=\"0\" data-end=\"584\" data-is-last-node=\"\" data-is-only-node=\"\"><strong data-start=\"0\" data-end=\"38\" data-is-only-node=\"\">More For You Sa\u00e7 A\u00e7\u0131c\u0131 Toz 2000 gr<\/strong>, berber ve kuaf\u00f6r salonlar\u0131nda yo\u011fun kullan\u0131ma uygun olarak geli\u015ftirilmi\u015f profesyonel sa\u00e7 a\u00e7ma \u00fcr\u00fcn\u00fcd\u00fcr. G\u00fc\u00e7l\u00fc ve etkili form\u00fcl\u00fc sayesinde sa\u00e7 rengini kontroll\u00fc \u015fekilde a\u00e7arak homojen ve istenilen tonlara ula\u015f\u0131lmas\u0131na yard\u0131mc\u0131 olur. Toz yap\u0131s\u0131 kolay kar\u0131\u015f\u0131m imk\u00e2n\u0131 sunarken, topaklanma yapmadan kremsi bir k\u0131vam olu\u015fturur. Y\u00fcksek gramajl\u0131 2000 gr ambalaj\u0131 ile ekonomik ve uzun s\u00fcreli kullan\u0131m sa\u011flayan bu \u00fcr\u00fcn, \u201csa\u00e7 a\u00e7\u0131c\u0131 toz\u201d, \u201cprofesyonel sa\u00e7 a\u00e7\u0131c\u0131\u201d, \u201ckuaf\u00f6r sa\u00e7 boyama \u00fcr\u00fcnleri\u201d ve \u201csa\u00e7 a\u00e7ma i\u015flemi\u201d gibi SEO anahtar kelimeleri ile \u00f6ne \u00e7\u0131kar.<\/p>\n<\/div>\n<\/div>\n<\/div>\n<\/div>\n<div class=\"z-0 flex min-h-[46px] justify-start\"><\/div>\n<div class=\"mt-3 w-full empty:hidden\">\n<div class=\"text-center\"><\/div>\n<\/div>\n<\/div>\n<\/div>\n<\/section>\n<\/div>\n<div class=\"pointer-events-none h-px w-px absolute bottom-0\" aria-hidden=\"true\" data-edge=\"true\"><\/div>","protected":false},"featured_media":33633,"comment_status":"open","ping_status":"closed","template":"","meta":[],"product_brand":[96],"product_cat":[121],"product_tag":[],"class_list":{"0":"post-32657","1":"product","2":"type-product","3":"status-publish","4":"has-post-thumbnail","6":"product_brand-mor-fore-you-professional","7":"product_cat-sac-acici-toz","9":"first","10":"instock","11":"shipping-taxable","12":"product-type-simple"},"_links":{"self":[{"href":"https:\/\/www.kraftkagit.com.tr\/de\/wp-json\/wp\/v2\/product\/32657","targetHints":{"allow":["GET"]}}],"collection":[{"href":"https:\/\/www.kraftkagit.com.tr\/de\/wp-json\/wp\/v2\/product"}],"about":[{"href":"https:\/\/www.kraftkagit.com.tr\/de\/wp-json\/wp\/v2\/types\/product"}],"replies":[{"embeddable":true,"href":"https:\/\/www.kraftkagit.com.tr\/de\/wp-json\/wp\/v2\/comments?post=32657"}],"version-history":[{"count":4,"href":"https:\/\/www.kraftkagit.com.tr\/de\/wp-json\/wp\/v2\/product\/32657\/revisions"}],"predecessor-version":[{"id":33643,"href":"https:\/\/www.kraftkagit.com.tr\/de\/wp-json\/wp\/v2\/product\/32657\/revisions\/33643"}],"wp:featuredmedia":[{"embeddable":true,"href":"https:\/\/www.kraftkagit.com.tr\/de\/wp-json\/wp\/v2\/media\/33633"}],"wp:attachment":[{"href":"https:\/\/www.kraftkagit.com.tr\/de\/wp-json\/wp\/v2\/media?parent=32657"}],"wp:term":[{"taxonomy":"product_brand","embeddable":true,"href":"https:\/\/www.kraftkagit.com.tr\/de\/wp-json\/wp\/v2\/product_brand?post=32657"},{"taxonomy":"product_cat","embeddable":true,"href":"https:\/\/www.kraftkagit.com.tr\/de\/wp-json\/wp\/v2\/product_cat?post=32657"},{"taxonomy":"product_tag","embeddable":true,"href":"https:\/\/www.kraftkagit.com.tr\/de\/wp-json\/wp\/v2\/product_tag?post=32657"}],"curies":[{"name":"wp","href":"https:\/\/api.w.org\/{rel}","templated":true}]}}