{"id":32768,"date":"2025-09-17T16:27:44","date_gmt":"2025-09-17T13:27:44","guid":{"rendered":"https:\/\/kraftkagit.com.tr\/?post_type=product&#038;p=32768"},"modified":"2025-10-01T16:52:14","modified_gmt":"2025-10-01T13:52:14","slug":"profesyonel-makas-214-65","status":"publish","type":"product","link":"https:\/\/www.kraftkagit.com.tr\/de\/produkt\/profesyonel-makas-214-65\/","title":{"rendered":"Profesyonel Makas 214-6,5"},"content":{"rendered":"<p data-start=\"58\" data-end=\"76\"><strong data-start=\"58\" data-end=\"74\">\u00d6zellikleri:<\/strong><\/p>\n<ul data-start=\"77\" data-end=\"443\">\n<li data-start=\"77\" data-end=\"150\">\n<p data-start=\"79\" data-end=\"150\">Paslanmaz \u00e7elik b\u0131\u00e7aklar ile uzun \u00f6m\u00fcrl\u00fc ve keskin performans sa\u011flar.<\/p>\n<\/li>\n<li data-start=\"151\" data-end=\"206\">\n<p data-start=\"153\" data-end=\"206\">6,5 in\u00e7 boyutu, profesyonel kullan\u0131m i\u00e7in idealdir.<\/p>\n<\/li>\n<li data-start=\"207\" data-end=\"297\">\n<p data-start=\"209\" data-end=\"297\">Hafif ve dengeli tasar\u0131m\u0131 sayesinde uzun s\u00fcreli kullan\u0131mlarda el yorgunlu\u011funu azalt\u0131r.<\/p>\n<\/li>\n<li data-start=\"298\" data-end=\"373\">\n<p data-start=\"300\" data-end=\"373\">Ergonomik sap tasar\u0131m\u0131 ile rahat tutu\u015f ve kontroll\u00fc kesim imk\u00e2n\u0131 sunar.<\/p>\n<\/li>\n<li data-start=\"374\" data-end=\"443\">\n<p data-start=\"376\" data-end=\"443\">Berber ve kuaf\u00f6r salonlar\u0131nda g\u00fcnl\u00fck sa\u00e7 kesimleri i\u00e7in uygundur.<\/p>\n<\/li>\n<\/ul>\n<p data-start=\"445\" data-end=\"875\" data-is-last-node=\"\" data-is-only-node=\"\"><strong data-start=\"445\" data-end=\"464\">Kullan\u0131m \u015eekli:<\/strong><br data-start=\"464\" data-end=\"467\" \/>Profesyonel Makas 214-6,5, sa\u00e7 tutamlar\u0131n\u0131 dikkatlice b\u0131\u00e7aklar aras\u0131nda yerle\u015ftirerek tek hamlede kesim yapmak i\u00e7in kullan\u0131l\u0131r. Sa\u00e7 kesimi s\u0131ras\u0131nda kontroll\u00fc ve yumu\u015fak hareketler ile do\u011fal bir g\u00f6r\u00fcn\u00fcm elde edilir. Kullan\u0131m sonras\u0131 sa\u00e7 kal\u0131nt\u0131lar\u0131ndan temizlenip kuru bir ortamda saklanmas\u0131, makas\u0131n keskinli\u011fini ve dayan\u0131kl\u0131l\u0131\u011f\u0131n\u0131 korumas\u0131n\u0131 sa\u011flar. Profesyonel veya ev kullan\u0131m\u0131 i\u00e7in g\u00fcvenle tercih edilebilir.<\/p>","protected":false},"excerpt":{"rendered":"<p><strong>Profesyonel Makas 214-6,5,<\/strong> berber ve kuaf\u00f6rlerin g\u00fcnl\u00fck sa\u00e7 kesimlerinde tercih etti\u011fi g\u00fcvenilir ve dayan\u0131kl\u0131 bir \u00fcr\u00fcnd\u00fcr. Paslanmaz \u00e7elik b\u0131\u00e7aklar\u0131 sayesinde sa\u00e7lar\u0131 p\u00fcr\u00fczs\u00fcz ve d\u00fczg\u00fcn keser. 6,5 in\u00e7 boyutu, profesyonel kullan\u0131ma uygun ergonomik bir tutu\u015f sunar. Hafif ve dengeli yap\u0131s\u0131 sayesinde uzun s\u00fcreli kullan\u0131mlarda el yorgunlu\u011funu azalt\u0131r. Hem salon ortam\u0131nda hem de evde g\u00fcvenle kullan\u0131labilen bu klasik makas, sa\u00e7 kesiminde hassasiyet ve konfor arayanlar i\u00e7in ideal bir se\u00e7enektir.<\/p>","protected":false},"featured_media":32777,"comment_status":"open","ping_status":"closed","template":"","meta":[],"product_brand":[96],"product_cat":[118],"product_tag":[],"class_list":{"0":"post-32768","1":"product","2":"type-product","3":"status-publish","4":"has-post-thumbnail","6":"product_brand-mor-fore-you-professional","7":"product_cat-makaslar-ve-cimbizlar","9":"first","10":"instock","11":"shipping-taxable","12":"product-type-simple"},"_links":{"self":[{"href":"https:\/\/www.kraftkagit.com.tr\/de\/wp-json\/wp\/v2\/product\/32768","targetHints":{"allow":["GET"]}}],"collection":[{"href":"https:\/\/www.kraftkagit.com.tr\/de\/wp-json\/wp\/v2\/product"}],"about":[{"href":"https:\/\/www.kraftkagit.com.tr\/de\/wp-json\/wp\/v2\/types\/product"}],"replies":[{"embeddable":true,"href":"https:\/\/www.kraftkagit.com.tr\/de\/wp-json\/wp\/v2\/comments?post=32768"}],"version-history":[{"count":5,"href":"https:\/\/www.kraftkagit.com.tr\/de\/wp-json\/wp\/v2\/product\/32768\/revisions"}],"predecessor-version":[{"id":33231,"href":"https:\/\/www.kraftkagit.com.tr\/de\/wp-json\/wp\/v2\/product\/32768\/revisions\/33231"}],"wp:featuredmedia":[{"embeddable":true,"href":"https:\/\/www.kraftkagit.com.tr\/de\/wp-json\/wp\/v2\/media\/32777"}],"wp:attachment":[{"href":"https:\/\/www.kraftkagit.com.tr\/de\/wp-json\/wp\/v2\/media?parent=32768"}],"wp:term":[{"taxonomy":"product_brand","embeddable":true,"href":"https:\/\/www.kraftkagit.com.tr\/de\/wp-json\/wp\/v2\/product_brand?post=32768"},{"taxonomy":"product_cat","embeddable":true,"href":"https:\/\/www.kraftkagit.com.tr\/de\/wp-json\/wp\/v2\/product_cat?post=32768"},{"taxonomy":"product_tag","embeddable":true,"href":"https:\/\/www.kraftkagit.com.tr\/de\/wp-json\/wp\/v2\/product_tag?post=32768"}],"curies":[{"name":"wp","href":"https:\/\/api.w.org\/{rel}","templated":true}]}}