{"id":32813,"date":"2025-09-17T17:27:17","date_gmt":"2025-09-17T14:27:17","guid":{"rendered":"https:\/\/kraftkagit.com.tr\/?post_type=product&#038;p=32813"},"modified":"2025-10-01T16:16:19","modified_gmt":"2025-10-01T13:16:19","slug":"profesyonel-makas-304-6","status":"publish","type":"product","link":"https:\/\/www.kraftkagit.com.tr\/de\/produkt\/profesyonel-makas-304-6\/","title":{"rendered":"Profesyonel Makas 304-6"},"content":{"rendered":"<h3 data-start=\"79\" data-end=\"97\">\u00d6zellikleri:<\/h3>\n<ul data-start=\"98\" data-end=\"363\">\n<li data-start=\"98\" data-end=\"150\">\n<p data-start=\"100\" data-end=\"150\">Y\u00fcksek kaliteli paslanmaz \u00e7elikten \u00fcretilmi\u015ftir.<\/p>\n<\/li>\n<li data-start=\"151\" data-end=\"206\">\n<p data-start=\"153\" data-end=\"206\">6 in\u00e7 boyutuyla profesyonel kullan\u0131m i\u00e7in idealdir.<\/p>\n<\/li>\n<li data-start=\"207\" data-end=\"261\">\n<p data-start=\"209\" data-end=\"261\">Uzun s\u00fcre keskinli\u011fini koruyan b\u0131\u00e7aklara sahiptir.<\/p>\n<\/li>\n<li data-start=\"262\" data-end=\"322\">\n<p data-start=\"264\" data-end=\"322\">Ergonomik tasar\u0131m\u0131 sayesinde elde rahat kullan\u0131m sa\u011flar.<\/p>\n<\/li>\n<li data-start=\"323\" data-end=\"363\">\n<p data-start=\"325\" data-end=\"363\">Dayan\u0131kl\u0131 yap\u0131s\u0131 ile uzun \u00f6m\u00fcrl\u00fcd\u00fcr.<\/p>\n<\/li>\n<\/ul>\n<h3 data-start=\"365\" data-end=\"386\">Kullan\u0131m \u015eekli:<\/h3>\n<p data-start=\"387\" data-end=\"743\">Profesyonel Makas 304-6, sa\u00e7 kesimlerinde hassas ve net sonu\u00e7 almak i\u00e7in tasarlanm\u0131\u015ft\u0131r. Berber ve kuaf\u00f6rler taraf\u0131ndan g\u00fcnl\u00fck kullan\u0131ma uygundur. Ergonomik yap\u0131s\u0131 sayesinde uzun s\u00fcreli kesimlerde el yorgunlu\u011funu azalt\u0131r. Sa\u00e7 kesiminde kontroll\u00fc hareketler i\u00e7in parmak halkalar\u0131 do\u011fru \u015fekilde kavranmal\u0131 ve makas kuru, temiz sa\u00e7 \u00fczerinde kullan\u0131lmal\u0131d\u0131r.<\/p>","protected":false},"excerpt":{"rendered":"<p><strong data-start=\"63\" data-end=\"90\">Profesyonel Makas 304-6<\/strong>, y\u00fcksek kaliteli paslanmaz \u00e7elikten \u00fcretilmi\u015f olup uzun \u00f6m\u00fcrl\u00fc kullan\u0131m ve \u00fcst\u00fcn keskinlik sunar. 6 in\u00e7 boyutuyla hem berberler hem de kuaf\u00f6rler i\u00e7in ideal olan bu makas, ergonomik tasar\u0131m\u0131 sayesinde rahat bir tutu\u015f sa\u011flar ve el yorgunlu\u011funu en aza indirir. Hassas kesim imkan\u0131 sunarak profesyonel sa\u00e7 tasar\u0131mlar\u0131nda m\u00fckemmel sonu\u00e7lar elde etmenize yard\u0131mc\u0131 olur.<\/p>","protected":false},"featured_media":32822,"comment_status":"open","ping_status":"closed","template":"","meta":[],"product_brand":[96],"product_cat":[118],"product_tag":[],"class_list":{"0":"post-32813","1":"product","2":"type-product","3":"status-publish","4":"has-post-thumbnail","6":"product_brand-mor-fore-you-professional","7":"product_cat-makaslar-ve-cimbizlar","9":"first","10":"instock","11":"shipping-taxable","12":"product-type-simple"},"_links":{"self":[{"href":"https:\/\/www.kraftkagit.com.tr\/de\/wp-json\/wp\/v2\/product\/32813","targetHints":{"allow":["GET"]}}],"collection":[{"href":"https:\/\/www.kraftkagit.com.tr\/de\/wp-json\/wp\/v2\/product"}],"about":[{"href":"https:\/\/www.kraftkagit.com.tr\/de\/wp-json\/wp\/v2\/types\/product"}],"replies":[{"embeddable":true,"href":"https:\/\/www.kraftkagit.com.tr\/de\/wp-json\/wp\/v2\/comments?post=32813"}],"version-history":[{"count":3,"href":"https:\/\/www.kraftkagit.com.tr\/de\/wp-json\/wp\/v2\/product\/32813\/revisions"}],"predecessor-version":[{"id":33271,"href":"https:\/\/www.kraftkagit.com.tr\/de\/wp-json\/wp\/v2\/product\/32813\/revisions\/33271"}],"wp:featuredmedia":[{"embeddable":true,"href":"https:\/\/www.kraftkagit.com.tr\/de\/wp-json\/wp\/v2\/media\/32822"}],"wp:attachment":[{"href":"https:\/\/www.kraftkagit.com.tr\/de\/wp-json\/wp\/v2\/media?parent=32813"}],"wp:term":[{"taxonomy":"product_brand","embeddable":true,"href":"https:\/\/www.kraftkagit.com.tr\/de\/wp-json\/wp\/v2\/product_brand?post=32813"},{"taxonomy":"product_cat","embeddable":true,"href":"https:\/\/www.kraftkagit.com.tr\/de\/wp-json\/wp\/v2\/product_cat?post=32813"},{"taxonomy":"product_tag","embeddable":true,"href":"https:\/\/www.kraftkagit.com.tr\/de\/wp-json\/wp\/v2\/product_tag?post=32813"}],"curies":[{"name":"wp","href":"https:\/\/api.w.org\/{rel}","templated":true}]}}