{"id":33495,"date":"2025-12-22T16:38:29","date_gmt":"2025-12-22T13:38:29","guid":{"rendered":"https:\/\/www.kraftkagit.com.tr\/?post_type=product&#038;p=33495"},"modified":"2026-04-14T16:36:21","modified_gmt":"2026-04-14T13:36:21","slug":"kartus-agda-seti","status":"publish","type":"product","link":"https:\/\/www.kraftkagit.com.tr\/de\/produkt\/kartus-agda-seti\/","title":{"rendered":"Kartu\u015f A\u011fda Seti"},"content":{"rendered":"<div class=\"relative basis-auto flex-col -mb-(--composer-overlap-px) [--composer-overlap-px:28px] grow flex\">\n<div class=\"flex flex-col text-sm pb-25\">\n<article class=\"text-token-text-primary w-full focus:outline-none [--shadow-height:45px] has-data-writing-block:pointer-events-none has-data-writing-block:-mt-(--shadow-height) has-data-writing-block:pt-(--shadow-height) [&amp;:has([data-writing-block])&gt;*]:pointer-events-auto [content-visibility:auto] supports-[content-visibility:auto]:[contain-intrinsic-size:auto_100lvh] scroll-mt-[calc(var(--header-height)+min(200px,max(70px,20svh)))]\" dir=\"auto\" data-turn-id=\"f17e8729-787e-4266-8fff-e0f735323273\" data-testid=\"conversation-turn-414\" data-scroll-anchor=\"true\" data-turn=\"assistant\">\n<div class=\"text-base my-auto mx-auto pb-10 [--thread-content-margin:--spacing(4)] @w-sm\/main:[--thread-content-margin:--spacing(6)] @w-lg\/main:[--thread-content-margin:--spacing(16)] px-(--thread-content-margin)\">\n<div class=\"[--thread-content-max-width:40rem] @w-lg\/main:[--thread-content-max-width:48rem] mx-auto max-w-(--thread-content-max-width) flex-1 group\/turn-messages focus-visible:outline-hidden relative flex w-full min-w-0 flex-col agent-turn\">\n<div class=\"flex max-w-full flex-col grow\">\n<div class=\"min-h-8 text-message relative flex w-full flex-col items-end gap-2 text-start break-words whitespace-normal [.text-message+&amp;]:mt-1\" dir=\"auto\" data-message-author-role=\"assistant\" data-message-id=\"f17e8729-787e-4266-8fff-e0f735323273\" data-message-model-slug=\"gpt-5-2\">\n<div class=\"flex w-full flex-col gap-1 empty:hidden first:pt-[1px]\">\n<div class=\"markdown prose dark:prose-invert w-full break-words light markdown-new-styling\">\n<p data-start=\"49\" data-end=\"65\"><strong data-start=\"49\" data-end=\"65\">\u00d6zellikleri:<\/strong><\/p>\n<ul data-start=\"66\" data-end=\"556\">\n<li data-start=\"66\" data-end=\"135\">\n<p data-start=\"68\" data-end=\"135\">Kartu\u015f a\u011fda sistemi sayesinde hijyenik ve pratik kullan\u0131m sa\u011flar.<\/p>\n<\/li>\n<li data-start=\"136\" data-end=\"209\">\n<p data-start=\"138\" data-end=\"209\">A\u011fday\u0131 k\u0131sa s\u00fcrede ideal k\u0131vama getiren kartu\u015f a\u011fda \u0131s\u0131t\u0131c\u0131s\u0131 i\u00e7erir.<\/p>\n<\/li>\n<li data-start=\"210\" data-end=\"293\">\n<p data-start=\"212\" data-end=\"293\">Kontroll\u00fc s\u00fcr\u00fcm imk\u00e2n\u0131 sunarak ince ve e\u015fit a\u011fda uygulamas\u0131 yap\u0131lmas\u0131n\u0131 sa\u011flar.<\/p>\n<\/li>\n<li data-start=\"294\" data-end=\"356\">\n<p data-start=\"296\" data-end=\"356\">T\u00fcm cilt tiplerine uygun a\u011fda \u00e7e\u015fitleriyle kullan\u0131labilir.<\/p>\n<\/li>\n<li data-start=\"357\" data-end=\"434\">\n<p data-start=\"359\" data-end=\"434\">Berber, kuaf\u00f6r ve g\u00fczellik salonlar\u0131n\u0131n profesyonel kullan\u0131m\u0131na uygundur.<\/p>\n<\/li>\n<li data-start=\"435\" data-end=\"504\">\n<p data-start=\"437\" data-end=\"504\">Ev tipi kullan\u0131mlar i\u00e7in de pratik ve g\u00fcvenli bir a\u011fda \u00e7\u00f6z\u00fcm\u00fcd\u00fcr.<\/p>\n<\/li>\n<li data-start=\"505\" data-end=\"556\">\n<p data-start=\"507\" data-end=\"556\">Kolay temizlenir ve uzun \u00f6m\u00fcrl\u00fc kullan\u0131m sunar.<\/p>\n<\/li>\n<\/ul>\n<p data-start=\"558\" data-end=\"577\"><strong data-start=\"558\" data-end=\"577\">Kullan\u0131m \u015eekli:<\/strong><\/p>\n<ul data-start=\"578\" data-end=\"966\" data-is-last-node=\"\" data-is-only-node=\"\">\n<li data-start=\"578\" data-end=\"635\">\n<p data-start=\"580\" data-end=\"635\">A\u011fda kartu\u015funu kartu\u015f a\u011fda \u0131s\u0131t\u0131c\u0131s\u0131na yerle\u015ftiriniz.<\/p>\n<\/li>\n<li data-start=\"636\" data-end=\"702\">\n<p data-start=\"638\" data-end=\"702\">Cihaz\u0131 \u00e7al\u0131\u015ft\u0131rarak a\u011fdan\u0131n ideal k\u0131vama gelmesini bekleyiniz.<\/p>\n<\/li>\n<li data-start=\"703\" data-end=\"757\">\n<p data-start=\"705\" data-end=\"757\">Uygulama yap\u0131lacak b\u00f6lgeyi temizleyip kurulay\u0131n\u0131z.<\/p>\n<\/li>\n<li data-start=\"758\" data-end=\"814\">\n<p data-start=\"760\" data-end=\"814\">Kartu\u015fu k\u0131l y\u00f6n\u00fcnde ince bir tabaka halinde s\u00fcr\u00fcn\u00fcz.<\/p>\n<\/li>\n<li data-start=\"815\" data-end=\"894\">\n<p data-start=\"817\" data-end=\"894\">A\u011fda bezi ile bast\u0131rarak \u00e7ekiniz ve k\u0131l y\u00f6n\u00fcn\u00fcn tersine do\u011fru h\u0131zl\u0131ca al\u0131n.<\/p>\n<\/li>\n<li data-start=\"895\" data-end=\"966\" data-is-last-node=\"\">\n<p data-start=\"897\" data-end=\"966\" data-is-last-node=\"\">\u0130\u015flem sonras\u0131 cildi a\u011fda ya\u011f\u0131 veya yat\u0131\u015ft\u0131r\u0131c\u0131 \u00fcr\u00fcn ile temizleyiniz.<\/p>\n<\/li>\n<\/ul>\n<\/div>\n<\/div>\n<\/div>\n<\/div>\n<div class=\"z-0 flex min-h-[46px] justify-start\"><\/div>\n<\/div>\n<\/div>\n<\/article>\n<\/div>\n<\/div>","protected":false},"excerpt":{"rendered":"<p><strong data-start=\"0\" data-end=\"20\" data-is-only-node=\"\">More For You Kartu\u015f A\u011fda Seti<\/strong>, pratik ve hijyenik kullan\u0131m sunan yap\u0131s\u0131yla berber, kuaf\u00f6r ve g\u00fczellik salonlar\u0131nda a\u011fda uygulamalar\u0131n\u0131 kolayla\u015ft\u0131rmak i\u00e7in tasarlanm\u0131\u015ft\u0131r. Kartu\u015f a\u011fda \u0131s\u0131t\u0131c\u0131s\u0131 ve uyumlu a\u011fda kartu\u015flar\u0131 sayesinde h\u0131zl\u0131 \u0131s\u0131n\u0131r, a\u011fday\u0131 ideal k\u0131vamda tutarak p\u00fcr\u00fczs\u00fcz ve etkili t\u00fcy alma sa\u011flar. Ergonomik kullan\u0131m\u0131 sayesinde kontroll\u00fc uygulama imk\u00e2n\u0131 sunan kartu\u015f a\u011fda seti, hem profesyonel salonlar hem de ev tipi kullan\u0131m i\u00e7in ideal bir a\u011fda \u00e7\u00f6z\u00fcm\u00fcd\u00fcr.<\/p>","protected":false},"featured_media":33496,"comment_status":"open","ping_status":"closed","template":"","meta":[],"product_brand":[96],"product_cat":[110,111,123],"product_tag":[],"class_list":{"0":"post-33495","1":"product","2":"type-product","3":"status-publish","4":"has-post-thumbnail","6":"product_brand-mor-fore-you-professional","7":"product_cat-agda-bezi","8":"product_cat-agda-isiticisi","9":"product_cat-diger-salon-urunleri","11":"first","12":"instock","13":"shipping-taxable","14":"product-type-simple"},"_links":{"self":[{"href":"https:\/\/www.kraftkagit.com.tr\/de\/wp-json\/wp\/v2\/product\/33495","targetHints":{"allow":["GET"]}}],"collection":[{"href":"https:\/\/www.kraftkagit.com.tr\/de\/wp-json\/wp\/v2\/product"}],"about":[{"href":"https:\/\/www.kraftkagit.com.tr\/de\/wp-json\/wp\/v2\/types\/product"}],"replies":[{"embeddable":true,"href":"https:\/\/www.kraftkagit.com.tr\/de\/wp-json\/wp\/v2\/comments?post=33495"}],"version-history":[{"count":1,"href":"https:\/\/www.kraftkagit.com.tr\/de\/wp-json\/wp\/v2\/product\/33495\/revisions"}],"predecessor-version":[{"id":33501,"href":"https:\/\/www.kraftkagit.com.tr\/de\/wp-json\/wp\/v2\/product\/33495\/revisions\/33501"}],"wp:featuredmedia":[{"embeddable":true,"href":"https:\/\/www.kraftkagit.com.tr\/de\/wp-json\/wp\/v2\/media\/33496"}],"wp:attachment":[{"href":"https:\/\/www.kraftkagit.com.tr\/de\/wp-json\/wp\/v2\/media?parent=33495"}],"wp:term":[{"taxonomy":"product_brand","embeddable":true,"href":"https:\/\/www.kraftkagit.com.tr\/de\/wp-json\/wp\/v2\/product_brand?post=33495"},{"taxonomy":"product_cat","embeddable":true,"href":"https:\/\/www.kraftkagit.com.tr\/de\/wp-json\/wp\/v2\/product_cat?post=33495"},{"taxonomy":"product_tag","embeddable":true,"href":"https:\/\/www.kraftkagit.com.tr\/de\/wp-json\/wp\/v2\/product_tag?post=33495"}],"curies":[{"name":"wp","href":"https:\/\/api.w.org\/{rel}","templated":true}]}}