{"id":32411,"date":"2025-09-16T20:50:04","date_gmt":"2025-09-16T17:50:04","guid":{"rendered":"https:\/\/kraftkagit.com.tr\/?post_type=product&#038;p=32411"},"modified":"2026-04-03T15:48:22","modified_gmt":"2026-04-03T12:48:22","slug":"necky-kalip-agda-450ml","status":"publish","type":"product","link":"https:\/\/www.kraftkagit.com.tr\/en\/product\/necky-kalip-agda-450ml\/","title":{"rendered":"Necky Kal\u0131p A\u011fda 450ml"},"content":{"rendered":"<p><strong><span style=\"font-size: 24px;color: #1b1919\">\u00d6zellikleri<\/span><\/strong><\/p>\n<article class=\"product\" aria-labelledby=\"product-title\">\n<section aria-labelledby=\"features-title\">\n<ul>\n<li>Cilde nazik yap\u0131s\u0131 sayesinde t\u00fcyleri k\u00f6k\u00fcnden al\u0131rken tahri\u015f riskini azalt\u0131r.<\/li>\n<li>H\u0131zl\u0131 \u0131s\u0131nan form\u00fcl\u00fcyle pratik ve zaman tasarrufu sa\u011flar.<\/li>\n<li>Uzun s\u00fcre kal\u0131c\u0131 p\u00fcr\u00fczs\u00fczl\u00fck sunar.<\/li>\n<li>T\u00fcm cilt tipleri i\u00e7in uygundur.<\/li>\n<li>Profesyonel salonlar ve ev kullan\u0131m\u0131 i\u00e7in idealdir.<\/li>\n<\/ul>\n<\/section>\n<section aria-labelledby=\"usage-title\">\n<h2 id=\"usage-title\" class=\"section-title\">Kullan\u0131m\u0131<\/h2>\n<ol>\n<li>A\u011fday\u0131 uygun bir \u0131s\u0131t\u0131c\u0131da krem k\u0131vam\u0131na gelene kadar \u0131s\u0131t\u0131n.<\/li>\n<li>Cilt y\u00fczeyini temizleyip kurulay\u0131n.<\/li>\n<li>A\u011fday\u0131 t\u00fcylerin \u00e7\u0131k\u0131\u015f y\u00f6n\u00fcne do\u011fru ince bir tabaka halinde s\u00fcr\u00fcn.<\/li>\n<li>Sertle\u015fmesini bekledikten sonra t\u00fcylerin ters y\u00f6n\u00fcne do\u011fru h\u0131zl\u0131ca \u00e7ekin.<\/li>\n<li>Uygulama sonras\u0131 cildi nemlendirici bir ya\u011f veya losyon ile rahatlat\u0131n.<\/li>\n<\/ol>\n<\/section>\n<\/article>\n<div id=\"tab-description\" class=\"woocommerce-Tabs-panel panel entry-content wc-tab woocommerce-Tabs-panel--description\" role=\"tabpanel\" aria-labelledby=\"tab-title-description\" data-accordion-index=\"description\">\n<article class=\"text-token-text-primary w-full focus:outline-none scroll-mt-[calc(var(--header-height)+min(200px,max(70px,20svh)))]\" dir=\"auto\" data-turn-id=\"request-68d3dda1-1298-8328-802f-6a9af06732b6-4\" data-testid=\"conversation-turn-370\" data-scroll-anchor=\"true\" data-turn=\"assistant\">\n<div class=\"text-base my-auto mx-auto pb-10 [--thread-content-margin:--spacing(4)] thread-sm:[--thread-content-margin:--spacing(6)] thread-lg:[--thread-content-margin:--spacing(16)] px-(--thread-content-margin)\">\n<div class=\"[--thread-content-max-width:40rem] thread-lg:[--thread-content-max-width:48rem] mx-auto max-w-(--thread-content-max-width) flex-1 group\/turn-messages focus-visible:outline-hidden relative flex w-full min-w-0 flex-col agent-turn\">\n<div class=\"flex max-w-full flex-col grow\">\n<div class=\"min-h-8 text-message relative flex w-full flex-col items-end gap-2 text-start break-words whitespace-normal [.text-message+&amp;]:mt-5\" dir=\"auto\" data-message-author-role=\"assistant\" data-message-id=\"174cc9f0-24c3-416e-a5ef-fa526503650d\" data-message-model-slug=\"gpt-5\">\n<div class=\"flex w-full flex-col gap-1 empty:hidden first:pt-[1px]\">\n<div class=\"markdown prose dark:prose-invert w-full break-words light markdown-new-styling\"><\/div>\n<\/div>\n<\/div>\n<\/div>\n<\/div>\n<\/div>\n<\/article>\n<\/div>\n<table style=\"width: 100%;border-collapse: collapse;font-family: Arial, sans-serif;text-align: left\">\n<thead>\n<tr style=\"background-color: #f2f2f2\">\n<th style=\"padding: 10px;border-bottom: 2px solid #ddd\">RENK<\/th>\n<th style=\"padding: 10px;border-bottom: 2px solid #ddd\">\u00dcR\u00dcN ADI<\/th>\n<th style=\"padding: 10px;border-bottom: 2px solid #ddd\">\u00dcR\u00dcN KODU<\/th>\n<th style=\"padding: 10px;border-bottom: 2px solid #ddd\">BARKOD<\/th>\n<\/tr>\n<\/thead>\n<tbody>\n<tr>\n<td style=\"padding: 10px\">\n<div style=\"width: 20px;height: 20px;background-color: #4caf50;border-radius: 50%\"><\/div>\n<\/td>\n<td style=\"padding: 10px\">Azulen<\/td>\n<td style=\"padding: 10px\">152.05.02.001<\/td>\n<td style=\"padding: 10px\">8681065802178<\/td>\n<\/tr>\n<tr>\n<td style=\"padding: 10px\">\n<div style=\"width: 20px;height: 20px;background-color: #ffd700;border-radius: 50%\"><\/div>\n<\/td>\n<td style=\"padding: 10px\">Natural<\/td>\n<td style=\"padding: 10px\">152.05.02.003<\/td>\n<td style=\"padding: 10px\">8681065802161<\/td>\n<\/tr>\n<tr>\n<td style=\"padding: 10px\">\n<div style=\"width: 20px;height: 20px;background-color: #ff69b4;border-radius: 50%\"><\/div>\n<\/td>\n<td style=\"padding: 10px\">Titanium<\/td>\n<td style=\"padding: 10px\">152.05.02.007<\/td>\n<td style=\"padding: 10px\">8681065800075<\/td>\n<\/tr>\n<tr>\n<td style=\"padding: 10px\">\n<div style=\"width: 20px;height: 20px;background-color: #bebebe;border-radius: 50%\"><\/div>\n<\/td>\n<td style=\"padding: 10px\">Silver<\/td>\n<td style=\"padding: 10px\">152.05.02.013<\/td>\n<td style=\"padding: 10px\">8681065802185<\/td>\n<\/tr>\n<tr>\n<td style=\"padding: 10px\">\n<div style=\"width: 20px;height: 20px;background-color: #ffd700;border-radius: 50%;border: 1px solid #c6a600\"><\/div>\n<\/td>\n<td style=\"padding: 10px\">Gold<\/td>\n<td style=\"padding: 10px\">152.05.02.011<\/td>\n<td style=\"padding: 10px\">8681065802192<\/td>\n<\/tr>\n<tr>\n<td style=\"padding: 10px\">\n<div style=\"width: 20px;height: 20px;background-color: #000000;border-radius: 50%\"><\/div>\n<\/td>\n<td style=\"padding: 10px\">Black<\/td>\n<td style=\"padding: 10px\">152.05.02.005<\/td>\n<td style=\"padding: 10px\">8681065802208<\/td>\n<\/tr>\n<tr>\n<td style=\"padding: 10px\">\n<div style=\"width: 20px;height: 20px;background-color: #ffffff;border-radius: 50%;border: 1px solid #ddd\"><\/div>\n<\/td>\n<td style=\"padding: 10px\">White Titan<\/td>\n<td style=\"padding: 10px\">152.05.02.009<\/td>\n<td style=\"padding: 10px\">0<\/td>\n<\/tr>\n<\/tbody>\n<\/table>","protected":false},"excerpt":{"rendered":"<p><strong data-start=\"0\" data-end=\"26\" data-is-only-node=\"\">Necky Kal\u0131p A\u011fda 450ml<\/strong>, profesyonel cilt bak\u0131m\u0131 ve t\u00fcy alma i\u015flemleri i\u00e7in \u00f6zel olarak form\u00fcle edilmi\u015f y\u00fcksek kaliteli bir a\u011fdad\u0131r. Cilt dostu yap\u0131s\u0131 sayesinde t\u00fcyleri k\u00f6k\u00fcnden al\u0131rken tahri\u015f ve k\u0131zar\u0131kl\u0131k riskini azalt\u0131r. H\u0131zl\u0131 \u0131s\u0131nan form\u00fcl\u00fcyle zamandan tasarruf sa\u011flar ve uygulama s\u0131ras\u0131nda p\u00fcr\u00fczs\u00fcz bir doku sunar. T\u00fcm cilt tiplerine uygun olan Necky Kal\u0131p A\u011fda, sertle\u015fti\u011finde kolayca \u00e7ekilerek t\u00fcylerin etkili \u015fekilde al\u0131nmas\u0131n\u0131 sa\u011flar. D\u00fczenli kullan\u0131mda cildi yumu\u015fat\u0131r, t\u00fcylerin incelmesine yard\u0131mc\u0131 olur ve uzun s\u00fcre kal\u0131c\u0131 p\u00fcr\u00fczs\u00fczl\u00fck sunar.<\/p>","protected":false},"featured_media":32384,"comment_status":"open","ping_status":"closed","template":"","meta":[],"product_brand":[98],"product_cat":[105],"product_tag":[],"class_list":{"0":"post-32411","1":"product","2":"type-product","3":"status-publish","4":"has-post-thumbnail","6":"product_brand-necky","7":"product_cat-kalip-sir-agda","9":"first","10":"instock","11":"shipping-taxable","12":"product-type-simple"},"_links":{"self":[{"href":"https:\/\/www.kraftkagit.com.tr\/en\/wp-json\/wp\/v2\/product\/32411","targetHints":{"allow":["GET"]}}],"collection":[{"href":"https:\/\/www.kraftkagit.com.tr\/en\/wp-json\/wp\/v2\/product"}],"about":[{"href":"https:\/\/www.kraftkagit.com.tr\/en\/wp-json\/wp\/v2\/types\/product"}],"replies":[{"embeddable":true,"href":"https:\/\/www.kraftkagit.com.tr\/en\/wp-json\/wp\/v2\/comments?post=32411"}],"version-history":[{"count":3,"href":"https:\/\/www.kraftkagit.com.tr\/en\/wp-json\/wp\/v2\/product\/32411\/revisions"}],"predecessor-version":[{"id":33340,"href":"https:\/\/www.kraftkagit.com.tr\/en\/wp-json\/wp\/v2\/product\/32411\/revisions\/33340"}],"wp:featuredmedia":[{"embeddable":true,"href":"https:\/\/www.kraftkagit.com.tr\/en\/wp-json\/wp\/v2\/media\/32384"}],"wp:attachment":[{"href":"https:\/\/www.kraftkagit.com.tr\/en\/wp-json\/wp\/v2\/media?parent=32411"}],"wp:term":[{"taxonomy":"product_brand","embeddable":true,"href":"https:\/\/www.kraftkagit.com.tr\/en\/wp-json\/wp\/v2\/product_brand?post=32411"},{"taxonomy":"product_cat","embeddable":true,"href":"https:\/\/www.kraftkagit.com.tr\/en\/wp-json\/wp\/v2\/product_cat?post=32411"},{"taxonomy":"product_tag","embeddable":true,"href":"https:\/\/www.kraftkagit.com.tr\/en\/wp-json\/wp\/v2\/product_tag?post=32411"}],"curies":[{"name":"wp","href":"https:\/\/api.w.org\/{rel}","templated":true}]}}