{"id":32606,"date":"2025-09-17T14:41:07","date_gmt":"2025-09-17T11:41:07","guid":{"rendered":"https:\/\/kraftkagit.com.tr\/?post_type=product&#038;p=32606"},"modified":"2026-04-10T10:21:28","modified_gmt":"2026-04-10T07:21:28","slug":"more-for-you-kalem-kan-tasi","status":"publish","type":"product","link":"https:\/\/www.kraftkagit.com.tr\/en\/product\/more-for-you-kalem-kan-tasi\/","title":{"rendered":"More For You Kalem Kan Ta\u015f\u0131"},"content":{"rendered":"<article class=\"text-token-text-primary w-full focus:outline-none scroll-mt-[calc(var(--header-height)+min(200px,max(70px,20svh)))]\" dir=\"auto\" data-turn-id=\"request-68d3dda1-1298-8328-802f-6a9af06732b6-8\" data-testid=\"conversation-turn-164\" data-scroll-anchor=\"true\" data-turn=\"assistant\">\n<div class=\"text-base my-auto mx-auto pb-10 [--thread-content-margin:--spacing(4)] thread-sm:[--thread-content-margin:--spacing(6)] thread-lg:[--thread-content-margin:--spacing(16)] px-(--thread-content-margin)\">\n<div class=\"[--thread-content-max-width:40rem] thread-lg:[--thread-content-max-width:48rem] mx-auto max-w-(--thread-content-max-width) flex-1 group\/turn-messages focus-visible:outline-hidden relative flex w-full min-w-0 flex-col agent-turn\">\n<div class=\"flex max-w-full flex-col grow\">\n<div class=\"min-h-8 text-message relative flex w-full flex-col items-end gap-2 text-start break-words whitespace-normal [.text-message+&amp;]:mt-5\" dir=\"auto\" data-message-author-role=\"assistant\" data-message-id=\"f47d4351-bd29-46de-b534-1d04a9470978\" data-message-model-slug=\"gpt-5-mini\">\n<div class=\"flex w-full flex-col gap-1 empty:hidden first:pt-[3px]\">\n<div class=\"markdown prose dark:prose-invert w-full break-words light markdown-new-styling\">\n<h3 data-start=\"0\" data-end=\"49\"><strong data-start=\"4\" data-end=\"47\">More For You Kalem Kan Ta\u015f\u0131 \u00d6zellikleri<\/strong><\/h3>\n<ul data-start=\"50\" data-end=\"475\">\n<li data-start=\"50\" data-end=\"131\">\n<p data-start=\"52\" data-end=\"131\"><strong data-start=\"52\" data-end=\"75\">Pratik kalem formu:<\/strong> Hassas b\u00f6lgelerde kolay ve kontroll\u00fc uygulama sa\u011flar.<\/p>\n<\/li>\n<li data-start=\"132\" data-end=\"214\">\n<p data-start=\"134\" data-end=\"214\"><strong data-start=\"134\" data-end=\"160\">H\u0131zl\u0131 kanama durdurma:<\/strong> K\u00fc\u00e7\u00fck kesik ve tahri\u015flerde kanamay\u0131 h\u0131zla durdurur.<\/p>\n<\/li>\n<li data-start=\"215\" data-end=\"302\">\n<p data-start=\"217\" data-end=\"302\"><strong data-start=\"217\" data-end=\"239\">Hijyenik kullan\u0131m:<\/strong> Tek kullan\u0131ml\u0131k yap\u0131s\u0131 sayesinde enfeksiyon riskini azalt\u0131r.<\/p>\n<\/li>\n<li data-start=\"303\" data-end=\"389\">\n<p data-start=\"305\" data-end=\"389\"><strong data-start=\"305\" data-end=\"320\">Cilt dostu:<\/strong> Do\u011fal mineral i\u00e7eri\u011fi ile cildi yat\u0131\u015ft\u0131r\u0131r ve ferah bir his verir.<\/p>\n<\/li>\n<li data-start=\"390\" data-end=\"475\">\n<p data-start=\"392\" data-end=\"475\"><strong data-start=\"392\" data-end=\"408\">Ta\u015f\u0131nabilir:<\/strong> Berber, kuaf\u00f6r ve ki\u015fisel bak\u0131m i\u00e7in her ortamda kullan\u0131labilir.<\/p>\n<\/li>\n<\/ul>\n<h3 data-start=\"477\" data-end=\"501\"><strong data-start=\"481\" data-end=\"499\">Kullan\u0131m \u015eekli<\/strong><\/h3>\n<p data-start=\"502\" data-end=\"823\" data-is-last-node=\"\" data-is-only-node=\"\">T\u0131ra\u015f s\u0131ras\u0131nda veya sonras\u0131nda olu\u015fan k\u00fc\u00e7\u00fck kesik veya tahri\u015fli b\u00f6lgeyi temizleyin. Kalem kan ta\u015f\u0131n\u0131 hafif\u00e7e \u0131slatarak kesik \u00fczerine do\u011frudan uygulay\u0131n. Birka\u00e7 saniye bekleyerek kanaman\u0131n durmas\u0131n\u0131 sa\u011flay\u0131n. Tek kullan\u0131ml\u0131k oldu\u011fu i\u00e7in i\u015flem tamamland\u0131ktan sonra at\u0131n. Serin ve kuru bir yerde muhafaza edilmesi \u00f6nerilir.<\/p>\n<\/div>\n<\/div>\n<\/div>\n<\/div>\n<div class=\"z-0 flex min-h-[46px] justify-start\"><\/div>\n<div class=\"mt-3 w-full empty:hidden\">\n<div class=\"text-center\"><\/div>\n<\/div>\n<\/div>\n<\/div>\n<\/article>\n<div class=\"pointer-events-none h-px w-px\" aria-hidden=\"true\" data-edge=\"true\"><\/div>","protected":false},"excerpt":{"rendered":"<p><strong data-start=\"0\" data-end=\"31\" data-is-only-node=\"\">More For You Kalem Kan Ta\u015f\u0131<\/strong>, t\u0131ra\u015f s\u0131ras\u0131nda olu\u015fabilecek k\u00fc\u00e7\u00fck kesik ve tahri\u015fleri h\u0131zl\u0131ca durdurmak i\u00e7in tasarlanm\u0131\u015f pratik bir \u00fcr\u00fcnd\u00fcr. Kalem formu sayesinde hassas b\u00f6lgelerde kolay ve kontroll\u00fc uygulama imk\u00e2n\u0131 sunar. Tek kullan\u0131ml\u0131k ve hijyenik yap\u0131s\u0131, berberler, kuaf\u00f6rler ve ki\u015fisel bak\u0131m kullan\u0131c\u0131lar\u0131 i\u00e7in g\u00fcvenli bir \u00e7\u00f6z\u00fcm sa\u011flar. T\u0131ra\u015f sonras\u0131 cildi yat\u0131\u015ft\u0131r\u0131r ve enfeksiyon riskini azaltarak temiz ve ferah bir his b\u0131rak\u0131r.<\/p>","protected":false},"featured_media":33627,"comment_status":"open","ping_status":"closed","template":"","meta":[],"product_brand":[96],"product_cat":[473],"product_tag":[],"class_list":{"0":"post-32606","1":"product","2":"type-product","3":"status-publish","4":"has-post-thumbnail","6":"product_brand-mor-fore-you-professional","7":"product_cat-kan-taslari","9":"first","10":"instock","11":"shipping-taxable","12":"product-type-simple"},"_links":{"self":[{"href":"https:\/\/www.kraftkagit.com.tr\/en\/wp-json\/wp\/v2\/product\/32606","targetHints":{"allow":["GET"]}}],"collection":[{"href":"https:\/\/www.kraftkagit.com.tr\/en\/wp-json\/wp\/v2\/product"}],"about":[{"href":"https:\/\/www.kraftkagit.com.tr\/en\/wp-json\/wp\/v2\/types\/product"}],"replies":[{"embeddable":true,"href":"https:\/\/www.kraftkagit.com.tr\/en\/wp-json\/wp\/v2\/comments?post=32606"}],"version-history":[{"count":3,"href":"https:\/\/www.kraftkagit.com.tr\/en\/wp-json\/wp\/v2\/product\/32606\/revisions"}],"predecessor-version":[{"id":33124,"href":"https:\/\/www.kraftkagit.com.tr\/en\/wp-json\/wp\/v2\/product\/32606\/revisions\/33124"}],"wp:featuredmedia":[{"embeddable":true,"href":"https:\/\/www.kraftkagit.com.tr\/en\/wp-json\/wp\/v2\/media\/33627"}],"wp:attachment":[{"href":"https:\/\/www.kraftkagit.com.tr\/en\/wp-json\/wp\/v2\/media?parent=32606"}],"wp:term":[{"taxonomy":"product_brand","embeddable":true,"href":"https:\/\/www.kraftkagit.com.tr\/en\/wp-json\/wp\/v2\/product_brand?post=32606"},{"taxonomy":"product_cat","embeddable":true,"href":"https:\/\/www.kraftkagit.com.tr\/en\/wp-json\/wp\/v2\/product_cat?post=32606"},{"taxonomy":"product_tag","embeddable":true,"href":"https:\/\/www.kraftkagit.com.tr\/en\/wp-json\/wp\/v2\/product_tag?post=32606"}],"curies":[{"name":"wp","href":"https:\/\/api.w.org\/{rel}","templated":true}]}}