{"id":33614,"date":"2026-04-03T16:58:59","date_gmt":"2026-04-03T13:58:59","guid":{"rendered":"https:\/\/www.kraftkagit.com.tr\/?post_type=product&#038;p=33614"},"modified":"2026-04-03T17:00:02","modified_gmt":"2026-04-03T14:00:02","slug":"more-for-you-talk-pudrasi-500gr","status":"publish","type":"product","link":"https:\/\/www.kraftkagit.com.tr\/en\/product\/more-for-you-talk-pudrasi-500gr\/","title":{"rendered":"More For You Talk Pudras\u0131 500gr"},"content":{"rendered":"<div class=\"flex flex-col text-sm pb-25\">\n<section class=\"text-token-text-primary w-full focus:outline-none [--shadow-height:45px] has-data-writing-block:pointer-events-none has-data-writing-block:-mt-(--shadow-height) has-data-writing-block:pt-(--shadow-height) [&amp;:has([data-writing-block])&gt;*]:pointer-events-auto scroll-mt-[calc(var(--header-height)+min(200px,max(70px,20svh)))]\" dir=\"auto\" data-turn-id=\"request-699ec379-f334-8328-bbff-a676757453f3-6\" data-testid=\"conversation-turn-40\" data-scroll-anchor=\"true\" data-turn=\"assistant\">\n<div class=\"text-base my-auto mx-auto pb-10 [--thread-content-margin:var(--thread-content-margin-xs,calc(var(--spacing)*4))] @w-sm\/main:[--thread-content-margin:var(--thread-content-margin-sm,calc(var(--spacing)*6))] @w-lg\/main:[--thread-content-margin:var(--thread-content-margin-lg,calc(var(--spacing)*16))] px-(--thread-content-margin)\">\n<div class=\"[--thread-content-max-width:40rem] @w-lg\/main:[--thread-content-max-width:48rem] mx-auto max-w-(--thread-content-max-width) flex-1 group\/turn-messages focus-visible:outline-hidden relative flex w-full min-w-0 flex-col agent-turn\">\n<div class=\"flex max-w-full flex-col gap-4 grow\">\n<div class=\"min-h-8 text-message relative flex w-full flex-col items-end gap-2 text-start break-words whitespace-normal outline-none keyboard-focused:focus-ring [.text-message+&amp;]:mt-1\" dir=\"auto\" data-message-author-role=\"assistant\" data-message-id=\"5dc82800-b83d-463c-84b3-c7279715e290\" data-message-model-slug=\"gpt-5-3\" data-turn-start-message=\"true\">\n<div class=\"flex w-full flex-col gap-1 empty:hidden\">\n<div class=\"markdown prose dark:prose-invert w-full wrap-break-word light markdown-new-styling\">\n<p data-start=\"0\" data-end=\"51\"><strong data-start=\"0\" data-end=\"49\">More For You Talk Pudras\u0131 500 gr \u00d6zellikleri:<\/strong><\/p>\n<ul data-start=\"53\" data-end=\"488\">\n<li data-section-id=\"xf92gt\" data-start=\"53\" data-end=\"104\">A\u011fda \u00f6ncesi cildi haz\u0131rlayan profesyonel form\u00fcl<\/li>\n<li data-section-id=\"1mcg80o\" data-start=\"105\" data-end=\"161\">Fazla nem ve ya\u011f\u0131 emerek a\u011fdan\u0131n tutunmas\u0131n\u0131 art\u0131r\u0131r<\/li>\n<li data-section-id=\"1v8hakb\" data-start=\"162\" data-end=\"207\">\u0130nce ve ipeksi yap\u0131s\u0131 ile kolay uygulan\u0131r<\/li>\n<li data-section-id=\"u08e6y\" data-start=\"208\" data-end=\"260\">Ciltte topaklanma yapmaz, homojen da\u011f\u0131l\u0131m sa\u011flar<\/li>\n<li data-section-id=\"dy9yd8\" data-start=\"261\" data-end=\"309\">Tahri\u015fi azaltmaya yard\u0131mc\u0131 olur, cildi korur<\/li>\n<li data-section-id=\"nl2dr8\" data-start=\"310\" data-end=\"349\">Hassas ciltlerde kullan\u0131ma uygundur<\/li>\n<li data-section-id=\"1cyr15l\" data-start=\"350\" data-end=\"383\">Ferah ve kuru bir his b\u0131rak\u0131r<\/li>\n<li data-section-id=\"1y27i8n\" data-start=\"384\" data-end=\"437\">Profesyonel berber ve kuaf\u00f6r salonlar\u0131 i\u00e7in ideal<\/li>\n<li data-section-id=\"1bfdnxe\" data-start=\"438\" data-end=\"488\">500 gr ekonomik ve uzun s\u00fcreli kullan\u0131m sa\u011flar<\/li>\n<\/ul>\n<p data-start=\"490\" data-end=\"506\"><strong data-start=\"490\" data-end=\"504\">Kullan\u0131m\u0131:<\/strong><\/p>\n<p data-start=\"508\" data-end=\"814\" data-is-last-node=\"\" data-is-only-node=\"\">A\u011fda uygulamas\u0131 \u00f6ncesinde, temiz ve kuru cilt \u00fczerine yeterli miktarda talk pudras\u0131n\u0131 ince bir tabaka halinde uygulay\u0131n\u0131z. El veya pamuk yard\u0131m\u0131yla e\u015fit \u015fekilde da\u011f\u0131t\u0131n\u0131z. Fazla nemi ald\u0131ktan sonra a\u011fda i\u015flemine ge\u00e7iniz. \u0130\u015flem sonras\u0131nda gerek g\u00f6r\u00fcl\u00fcrse cildi rahatlatmak i\u00e7in tekrar hafif\u00e7e uygulanabilir.<\/p>\n<\/div>\n<\/div>\n<\/div>\n<\/div>\n<\/div>\n<\/div>\n<\/section>\n<\/div>","protected":false},"excerpt":{"rendered":"<div class=\"flex flex-col text-sm pb-25\">\n<section class=\"text-token-text-primary w-full focus:outline-none [--shadow-height:45px] has-data-writing-block:pointer-events-none has-data-writing-block:-mt-(--shadow-height) has-data-writing-block:pt-(--shadow-height) [&amp;:has([data-writing-block])&gt;*]:pointer-events-auto scroll-mt-[calc(var(--header-height)+min(200px,max(70px,20svh)))]\" dir=\"auto\" data-turn-id=\"request-699ec379-f334-8328-bbff-a676757453f3-5\" data-testid=\"conversation-turn-38\" data-scroll-anchor=\"true\" data-turn=\"assistant\">\n<div class=\"text-base my-auto mx-auto pb-10 [--thread-content-margin:var(--thread-content-margin-xs,calc(var(--spacing)*4))] @w-sm\/main:[--thread-content-margin:var(--thread-content-margin-sm,calc(var(--spacing)*6))] @w-lg\/main:[--thread-content-margin:var(--thread-content-margin-lg,calc(var(--spacing)*16))] px-(--thread-content-margin)\">\n<div class=\"[--thread-content-max-width:40rem] @w-lg\/main:[--thread-content-max-width:48rem] mx-auto max-w-(--thread-content-max-width) flex-1 group\/turn-messages focus-visible:outline-hidden relative flex w-full min-w-0 flex-col agent-turn\">\n<div class=\"flex max-w-full flex-col gap-4 grow\">\n<div class=\"min-h-8 text-message relative flex w-full flex-col items-end gap-2 text-start break-words whitespace-normal outline-none keyboard-focused:focus-ring [.text-message+&amp;]:mt-1\" dir=\"auto\" data-message-author-role=\"assistant\" data-message-id=\"57060e3e-2b69-44f4-a023-ad0385a94f37\" data-message-model-slug=\"gpt-5-3\" data-turn-start-message=\"true\">\n<div class=\"flex w-full flex-col gap-1 empty:hidden\">\n<div class=\"markdown prose dark:prose-invert w-full wrap-break-word light markdown-new-styling\">\n<p data-start=\"0\" data-end=\"590\" data-is-last-node=\"\" data-is-only-node=\"\"><strong data-start=\"0\" data-end=\"36\" data-is-only-node=\"\">More For You Talk Pudras\u0131 500 gr<\/strong>, berber ve kuaf\u00f6r salonlar\u0131nda a\u011fda ve cilt bak\u0131m uygulamalar\u0131 \u00f6ncesinde cildi haz\u0131rlamak i\u00e7in \u00f6zel olarak geli\u015ftirilmi\u015f profesyonel bir \u00fcr\u00fcnd\u00fcr. Fazla nemi ve ya\u011f\u0131 emerek a\u011fdan\u0131n cilde daha iyi tutunmas\u0131n\u0131 sa\u011flar, b\u00f6ylece daha etkili ve konforlu bir epilasyon s\u00fcreci sunar. \u0130nce yap\u0131s\u0131 sayesinde ciltte topaklanma yapmaz ve kolay uygulan\u0131r. 500 gr ekonomik boyutu ile yo\u011fun salon kullan\u0131m\u0131 i\u00e7in ideal olan bu \u00fcr\u00fcn, \u201ctalk pudras\u0131\u201d, \u201ca\u011fda \u00f6ncesi pudra\u201d, \u201ckuaf\u00f6r malzemeleri\u201d ve \u201cprofesyonel cilt bak\u0131m \u00fcr\u00fcnleri\u201d gibi SEO anahtar kelimeleri ile \u00f6ne \u00e7\u0131kar.<\/p>\n<\/div>\n<\/div>\n<\/div>\n<\/div>\n<div class=\"z-0 flex min-h-[46px] justify-start\"><\/div>\n<div class=\"mt-3 w-full empty:hidden\">\n<div class=\"text-center\"><\/div>\n<\/div>\n<\/div>\n<\/div>\n<\/section>\n<\/div>\n<div class=\"pointer-events-none h-px w-px absolute bottom-0\" aria-hidden=\"true\" data-edge=\"true\"><\/div>","protected":false},"featured_media":33615,"comment_status":"open","ping_status":"closed","template":"","meta":[],"product_brand":[96],"product_cat":[123],"product_tag":[],"class_list":{"0":"post-33614","1":"product","2":"type-product","3":"status-publish","4":"has-post-thumbnail","6":"product_brand-mor-fore-you-professional","7":"product_cat-diger-salon-urunleri","9":"first","10":"instock","11":"shipping-taxable","12":"product-type-simple"},"_links":{"self":[{"href":"https:\/\/www.kraftkagit.com.tr\/en\/wp-json\/wp\/v2\/product\/33614","targetHints":{"allow":["GET"]}}],"collection":[{"href":"https:\/\/www.kraftkagit.com.tr\/en\/wp-json\/wp\/v2\/product"}],"about":[{"href":"https:\/\/www.kraftkagit.com.tr\/en\/wp-json\/wp\/v2\/types\/product"}],"replies":[{"embeddable":true,"href":"https:\/\/www.kraftkagit.com.tr\/en\/wp-json\/wp\/v2\/comments?post=33614"}],"version-history":[{"count":1,"href":"https:\/\/www.kraftkagit.com.tr\/en\/wp-json\/wp\/v2\/product\/33614\/revisions"}],"predecessor-version":[{"id":33617,"href":"https:\/\/www.kraftkagit.com.tr\/en\/wp-json\/wp\/v2\/product\/33614\/revisions\/33617"}],"wp:featuredmedia":[{"embeddable":true,"href":"https:\/\/www.kraftkagit.com.tr\/en\/wp-json\/wp\/v2\/media\/33615"}],"wp:attachment":[{"href":"https:\/\/www.kraftkagit.com.tr\/en\/wp-json\/wp\/v2\/media?parent=33614"}],"wp:term":[{"taxonomy":"product_brand","embeddable":true,"href":"https:\/\/www.kraftkagit.com.tr\/en\/wp-json\/wp\/v2\/product_brand?post=33614"},{"taxonomy":"product_cat","embeddable":true,"href":"https:\/\/www.kraftkagit.com.tr\/en\/wp-json\/wp\/v2\/product_cat?post=33614"},{"taxonomy":"product_tag","embeddable":true,"href":"https:\/\/www.kraftkagit.com.tr\/en\/wp-json\/wp\/v2\/product_tag?post=33614"}],"curies":[{"name":"wp","href":"https:\/\/api.w.org\/{rel}","templated":true}]}}