{"id":32417,"date":"2025-09-16T20:52:42","date_gmt":"2025-09-16T17:52:42","guid":{"rendered":"https:\/\/kraftkagit.com.tr\/?post_type=product&#038;p=32417"},"modified":"2025-09-29T11:25:49","modified_gmt":"2025-09-29T08:25:49","slug":"more-for-you-kalip-agda-100ml","status":"publish","type":"product","link":"https:\/\/www.kraftkagit.com.tr\/fr\/product\/more-for-you-kalip-agda-100ml\/","title":{"rendered":"More For You Kal\u0131p A\u011fda 100ml"},"content":{"rendered":"<h3 data-start=\"95\" data-end=\"112\">\u00d6zellikleri<\/h3>\n<ul data-start=\"113\" data-end=\"595\">\n<li data-start=\"113\" data-end=\"156\">\n<p data-start=\"115\" data-end=\"156\"><strong data-start=\"115\" data-end=\"126\">Miktar:<\/strong> 100 ml pratik kal\u0131p formda.<\/p>\n<\/li>\n<li data-start=\"157\" data-end=\"231\">\n<p data-start=\"159\" data-end=\"231\"><strong data-start=\"159\" data-end=\"179\">Etkili t\u00fcy alma:<\/strong> \u0130nce ve kal\u0131n t\u00fcylerin kolayca al\u0131nmas\u0131n\u0131 sa\u011flar.<\/p>\n<\/li>\n<li data-start=\"232\" data-end=\"302\">\n<p data-start=\"234\" data-end=\"302\"><strong data-start=\"234\" data-end=\"253\">P\u00fcr\u00fczs\u00fcz sonu\u00e7:<\/strong> Uzun s\u00fcre kal\u0131c\u0131 temizlik ve yumu\u015fakl\u0131k sunar.<\/p>\n<\/li>\n<li data-start=\"303\" data-end=\"392\">\n<p data-start=\"305\" data-end=\"392\"><strong data-start=\"305\" data-end=\"336\">Kokusuz ve kaliteli i\u00e7erik:<\/strong> Cilt dostu form\u00fcl\u00fc ile tahri\u015f riskini en aza indirir.<\/p>\n<\/li>\n<li data-start=\"393\" data-end=\"486\">\n<p data-start=\"395\" data-end=\"486\"><strong data-start=\"395\" data-end=\"414\">Kolay kullan\u0131m:<\/strong> Ergonomik yap\u0131s\u0131 sayesinde pratik bir \u015fekilde eritilip uygulanabilir.<\/p>\n<\/li>\n<li data-start=\"487\" data-end=\"595\">\n<p data-start=\"489\" data-end=\"595\"><strong data-start=\"489\" data-end=\"529\">Profesyonel ve ev kullan\u0131m\u0131na uygun:<\/strong> Kuaf\u00f6r, g\u00fczellik salonlar\u0131 ve evde ki\u015fisel bak\u0131m i\u00e7in idealdir.<\/p>\n<h3 data-start=\"602\" data-end=\"622\">Kullan\u0131m \u015eekli<\/h3>\n<p data-start=\"623\" data-end=\"1035\"><strong data-start=\"623\" data-end=\"656\">More For You Kal\u0131p A\u011fda 100ml<\/strong>, a\u011fda \u0131s\u0131t\u0131c\u0131s\u0131nda uygun s\u0131cakl\u0131\u011fa gelene kadar eritilir. Eritilen a\u011fda, spatula yard\u0131m\u0131yla t\u00fcylerin \u00e7\u0131k\u0131\u015f y\u00f6n\u00fcne do\u011fru ince bir tabaka halinde s\u00fcr\u00fcl\u00fcr. A\u011fda tamamen kuruduktan sonra t\u00fcylerin ters y\u00f6n\u00fcne do\u011fru tek hamlede \u00e7ekilir. Kullan\u0131m sonras\u0131 cildin nemlendirilmesi tavsiye edilir. D\u00fczenli kullan\u0131mda t\u00fcylerin azalmas\u0131na ve daha p\u00fcr\u00fczs\u00fcz bir cilt g\u00f6r\u00fcn\u00fcm\u00fcne katk\u0131 sa\u011flar.<\/p>\n<\/li>\n<\/ul>","protected":false},"excerpt":{"rendered":"<article class=\"text-token-text-primary w-full focus:outline-none scroll-mt-[calc(var(--header-height)+min(200px,max(70px,20svh)))]\" dir=\"auto\" data-turn-id=\"request-68d3dda1-1298-8328-802f-6a9af06732b6-1\" data-testid=\"conversation-turn-144\" data-scroll-anchor=\"true\" data-turn=\"assistant\">\n<div class=\"text-base my-auto mx-auto pb-10 [--thread-content-margin:--spacing(4)] thread-sm:[--thread-content-margin:--spacing(6)] thread-lg:[--thread-content-margin:--spacing(16)] px-(--thread-content-margin)\">\n<div class=\"[--thread-content-max-width:40rem] thread-lg:[--thread-content-max-width:48rem] mx-auto max-w-(--thread-content-max-width) flex-1 group\/turn-messages focus-visible:outline-hidden relative flex w-full min-w-0 flex-col agent-turn\">\n<div class=\"flex max-w-full flex-col grow\">\n<div class=\"min-h-8 text-message relative flex w-full flex-col items-end gap-2 text-start break-words whitespace-normal [.text-message+&amp;]:mt-5\" dir=\"auto\" data-message-author-role=\"assistant\" data-message-id=\"9ebd178f-ddd0-4ef3-9699-c612f837e28d\" data-message-model-slug=\"gpt-5\">\n<div class=\"flex w-full flex-col gap-1 empty:hidden first:pt-[3px]\">\n<div class=\"markdown prose dark:prose-invert w-full break-words light markdown-new-styling\">\n<p data-start=\"0\" data-end=\"424\" data-is-last-node=\"\" data-is-only-node=\"\"><strong data-start=\"0\" data-end=\"33\" data-is-only-node=\"\">More For You Kal\u0131p A\u011fda 100ml<\/strong>, pratik kullan\u0131m\u0131 ve g\u00fc\u00e7l\u00fc form\u00fcl\u00fc ile istenmeyen t\u00fcyleri kolayca temizlerken cilde p\u00fcr\u00fczs\u00fcz bir g\u00f6r\u00fcn\u00fcm kazand\u0131r\u0131r. \u0130nce ve kal\u0131n t\u00fcylerde etkili olan bu a\u011fda, uzun s\u00fcre kal\u0131c\u0131 sonu\u00e7 sunar ve cildi tahri\u015f etmeden yumu\u015fakl\u0131k sa\u011flar. Kuaf\u00f6r, g\u00fczellik salonlar\u0131 ve evde ki\u015fisel bak\u0131m i\u00e7in ideal olan <strong data-start=\"332\" data-end=\"359\">More For You Kal\u0131p A\u011fda<\/strong>, ergonomik kal\u0131p formu sayesinde kolayca eritilip uygulanabilir.<\/p>\n<\/div>\n<\/div>\n<\/div>\n<\/div>\n<div class=\"z-0 flex min-h-[46px] justify-start\"><\/div>\n<div class=\"mt-3 w-full empty:hidden\">\n<div class=\"text-center\"><\/div>\n<\/div>\n<\/div>\n<\/div>\n<\/article>\n<div class=\"pointer-events-none h-px w-px\" aria-hidden=\"true\" data-edge=\"true\"><\/div>","protected":false},"featured_media":32355,"comment_status":"open","ping_status":"closed","template":"","meta":[],"product_brand":[96],"product_cat":[105],"product_tag":[],"class_list":{"0":"post-32417","1":"product","2":"type-product","3":"status-publish","4":"has-post-thumbnail","6":"product_brand-mor-fore-you-professional","7":"product_cat-kalip-sir-agda","9":"first","10":"instock","11":"shipping-taxable","12":"product-type-simple"},"_links":{"self":[{"href":"https:\/\/www.kraftkagit.com.tr\/fr\/wp-json\/wp\/v2\/product\/32417","targetHints":{"allow":["GET"]}}],"collection":[{"href":"https:\/\/www.kraftkagit.com.tr\/fr\/wp-json\/wp\/v2\/product"}],"about":[{"href":"https:\/\/www.kraftkagit.com.tr\/fr\/wp-json\/wp\/v2\/types\/product"}],"replies":[{"embeddable":true,"href":"https:\/\/www.kraftkagit.com.tr\/fr\/wp-json\/wp\/v2\/comments?post=32417"}],"version-history":[{"count":3,"href":"https:\/\/www.kraftkagit.com.tr\/fr\/wp-json\/wp\/v2\/product\/32417\/revisions"}],"predecessor-version":[{"id":33112,"href":"https:\/\/www.kraftkagit.com.tr\/fr\/wp-json\/wp\/v2\/product\/32417\/revisions\/33112"}],"wp:featuredmedia":[{"embeddable":true,"href":"https:\/\/www.kraftkagit.com.tr\/fr\/wp-json\/wp\/v2\/media\/32355"}],"wp:attachment":[{"href":"https:\/\/www.kraftkagit.com.tr\/fr\/wp-json\/wp\/v2\/media?parent=32417"}],"wp:term":[{"taxonomy":"product_brand","embeddable":true,"href":"https:\/\/www.kraftkagit.com.tr\/fr\/wp-json\/wp\/v2\/product_brand?post=32417"},{"taxonomy":"product_cat","embeddable":true,"href":"https:\/\/www.kraftkagit.com.tr\/fr\/wp-json\/wp\/v2\/product_cat?post=32417"},{"taxonomy":"product_tag","embeddable":true,"href":"https:\/\/www.kraftkagit.com.tr\/fr\/wp-json\/wp\/v2\/product_tag?post=32417"}],"curies":[{"name":"wp","href":"https:\/\/api.w.org\/{rel}","templated":true}]}}