{"id":32436,"date":"2025-09-16T21:18:18","date_gmt":"2025-09-16T18:18:18","guid":{"rendered":"https:\/\/kraftkagit.com.tr\/?post_type=product&#038;p=32436"},"modified":"2025-10-13T10:32:46","modified_gmt":"2025-10-13T07:32:46","slug":"necky-konserve-agda-800ml","status":"publish","type":"product","link":"https:\/\/www.kraftkagit.com.tr\/fr\/product\/necky-konserve-agda-800ml\/","title":{"rendered":"Necky Konserve A\u011fda 800ml"},"content":{"rendered":"<article class=\"text-token-text-primary w-full focus:outline-none [--shadow-height:45px] has-data-writing-block:pointer-events-none has-data-writing-block:-mt-(--shadow-height) has-data-writing-block:pt-(--shadow-height) [&amp;:has([data-writing-block])&gt;*]:pointer-events-auto [content-visibility:auto] supports-[content-visibility:auto]:[contain-intrinsic-size:auto_100lvh] scroll-mt-[calc(var(--header-height)+min(200px,max(70px,20svh)))]\" dir=\"auto\" data-turn-id=\"request-68d3dda1-1298-8328-802f-6a9af06732b6-5\" data-testid=\"conversation-turn-402\" data-scroll-anchor=\"true\" data-turn=\"assistant\">\n<div class=\"text-base my-auto mx-auto pb-10 [--thread-content-margin:--spacing(4)] thread-sm:[--thread-content-margin:--spacing(6)] thread-lg:[--thread-content-margin:--spacing(16)] px-(--thread-content-margin)\">\n<div class=\"[--thread-content-max-width:40rem] thread-lg:[--thread-content-max-width:48rem] mx-auto max-w-(--thread-content-max-width) flex-1 group\/turn-messages focus-visible:outline-hidden relative flex w-full min-w-0 flex-col agent-turn\">\n<div class=\"flex max-w-full flex-col grow\">\n<div class=\"min-h-8 text-message relative flex w-full flex-col items-end gap-2 text-start break-words whitespace-normal [.text-message+&amp;]:mt-5\" dir=\"auto\" data-message-author-role=\"assistant\" data-message-id=\"c41919d8-3375-4d77-9ccb-88d3455fa6ce\" data-message-model-slug=\"gpt-5\">\n<div class=\"flex w-full flex-col gap-1 empty:hidden first:pt-[1px]\">\n<div class=\"markdown prose dark:prose-invert w-full break-words light markdown-new-styling\">\n<p data-start=\"0\" data-end=\"51\"><strong data-start=\"0\" data-end=\"49\"> \u00d6zellikleri:<\/strong><\/p>\n<ul data-start=\"52\" data-end=\"434\">\n<li data-start=\"52\" data-end=\"134\">\n<p data-start=\"54\" data-end=\"134\">Cilde nazik form\u00fcl\u00fc sayesinde t\u00fcyleri k\u00f6k\u00fcnden al\u0131rken tahri\u015fi en aza indirir.<\/p>\n<\/li>\n<li data-start=\"135\" data-end=\"202\">\n<p data-start=\"137\" data-end=\"202\">H\u0131zl\u0131 \u0131s\u0131nan yap\u0131s\u0131 ile k\u0131sa s\u00fcrede kullan\u0131ma haz\u0131r hale gelir.<\/p>\n<\/li>\n<li data-start=\"203\" data-end=\"283\">\n<p data-start=\"205\" data-end=\"283\">Uzun s\u00fcre kal\u0131c\u0131 p\u00fcr\u00fczs\u00fczl\u00fck sa\u011flar ve cildi ipeksi bir g\u00f6r\u00fcn\u00fcme kavu\u015fturur.<\/p>\n<\/li>\n<li data-start=\"284\" data-end=\"354\">\n<p data-start=\"286\" data-end=\"354\">Profesyonel kullan\u0131m i\u00e7in idealdir, t\u00fcm cilt tipleriyle uyumludur.<\/p>\n<\/li>\n<li data-start=\"355\" data-end=\"434\">\n<p data-start=\"357\" data-end=\"434\">Pratik konserve ambalaj\u0131 sayesinde hijyenik ve kolay kullan\u0131m imk\u00e2n\u0131 sunar.<\/p>\n<\/li>\n<\/ul>\n<p data-start=\"436\" data-end=\"452\"><strong data-start=\"436\" data-end=\"450\">Kullan\u0131m\u0131:<\/strong><\/p>\n<ol data-start=\"453\" data-end=\"800\" data-is-last-node=\"\" data-is-only-node=\"\">\n<li data-start=\"453\" data-end=\"519\">\n<p data-start=\"456\" data-end=\"519\">A\u011fday\u0131 a\u011fda \u0131s\u0131t\u0131c\u0131s\u0131nda uygun s\u0131cakl\u0131\u011fa gelene kadar \u0131s\u0131t\u0131n.<\/p>\n<\/li>\n<li data-start=\"520\" data-end=\"601\">\n<p data-start=\"523\" data-end=\"601\">Temiz ve kuru cilt \u00fczerine spatula yard\u0131m\u0131yla ince bir tabaka halinde s\u00fcr\u00fcn.<\/p>\n<\/li>\n<li data-start=\"602\" data-end=\"701\">\n<p data-start=\"605\" data-end=\"701\">A\u011fda bezini uygulama yap\u0131lan b\u00f6lgeye yap\u0131\u015ft\u0131r\u0131n ve t\u00fcylerin \u00e7\u0131k\u0131\u015f y\u00f6n\u00fcn\u00fcn tersine h\u0131zla \u00e7ekin.<\/p>\n<\/li>\n<li data-start=\"702\" data-end=\"800\" data-is-last-node=\"\">\n<p data-start=\"705\" data-end=\"800\" data-is-last-node=\"\">\u0130\u015flem sonras\u0131 cilt temizleyici ya\u011f veya losyon ile kal\u0131nt\u0131lar\u0131 temizleyin ve cildi nemlendirin.<\/p>\n<\/li>\n<\/ol>\n<\/div>\n<\/div>\n<\/div>\n<\/div>\n<div class=\"z-0 flex min-h-[46px] justify-start\"><\/div>\n<\/div>\n<\/div>\n<\/article>\n<table style=\"width: 100%;border-collapse: collapse;font-family: Arial, sans-serif;text-align: left\">\n<thead>\n<tr style=\"background-color: #f2f2f2\">\n<th style=\"padding: 10px;border-bottom: 2px solid #ddd\">RENK<\/th>\n<th style=\"padding: 10px;border-bottom: 2px solid #ddd\">\u00dcR\u00dcN ADI<\/th>\n<th style=\"padding: 10px;border-bottom: 2px solid #ddd\">\u00dcR\u00dcN KODU<\/th>\n<th style=\"padding: 10px;border-bottom: 2px solid #ddd\">BARKOD<\/th>\n<\/tr>\n<\/thead>\n<tbody>\n<tr>\n<td style=\"padding: 10px\">\n<div style=\"width: 20px;height: 20px;background-color: #4caf50;border-radius: 50%\"><\/div>\n<\/td>\n<td style=\"padding: 10px\">Azulen<\/td>\n<td style=\"padding: 10px\">152.05.15.002<\/td>\n<td style=\"padding: 10px\">8681065800280<\/td>\n<\/tr>\n<tr>\n<td style=\"padding: 10px\">\n<div style=\"width: 20px;height: 20px;background-color: #ffd700;border-radius: 50%\"><\/div>\n<\/td>\n<td style=\"padding: 10px\">Natural<\/td>\n<td style=\"padding: 10px\">152.05.15.005<\/td>\n<td style=\"padding: 10px\">8681065800297<\/td>\n<\/tr>\n<tr>\n<td style=\"padding: 10px\">\n<div style=\"width: 20px;height: 20px;background-color: #ff69b4;border-radius: 50%\"><\/div>\n<\/td>\n<td style=\"padding: 10px\">Titanium<\/td>\n<td style=\"padding: 10px\">152.05.15.011<\/td>\n<td style=\"padding: 10px\">8681065800273<\/td>\n<\/tr>\n<tr>\n<td style=\"padding: 10px\">\n<div style=\"width: 20px;height: 20px;background-color: #bebebe;border-radius: 50%\"><\/div>\n<\/td>\n<td style=\"padding: 10px\">Silver<\/td>\n<td style=\"padding: 10px\">152.05.15.014<\/td>\n<td style=\"padding: 10px\">8681065800303<\/td>\n<\/tr>\n<tr>\n<td style=\"padding: 10px\">\n<div style=\"width: 20px;height: 20px;background-color: #ffd700;border-radius: 50%;border: 1px solid #c6a600\"><\/div>\n<\/td>\n<td style=\"padding: 10px\">Gold<\/td>\n<td style=\"padding: 10px\">152.05.15.017<\/td>\n<td style=\"padding: 10px\">8681065800310<\/td>\n<\/tr>\n<\/tbody>\n<\/table>","protected":false},"excerpt":{"rendered":"<p><strong data-start=\"0\" data-end=\"29\" data-is-only-node=\"\">Necky Konserve A\u011fda 800ml<\/strong>, profesyonel kullan\u0131m i\u00e7in geli\u015ftirilmi\u015f g\u00fc\u00e7l\u00fc form\u00fcl\u00fcyle istenmeyen t\u00fcyleri k\u00f6k\u00fcnden alarak uzun s\u00fcre kal\u0131c\u0131 p\u00fcr\u00fczs\u00fczl\u00fck sa\u011flar. H\u0131zl\u0131 \u0131s\u0131nan yap\u0131s\u0131 sayesinde zamandan tasarruf ettirirken, cilde nazik dokusu tahri\u015f riskini en aza indirir. T\u00fcm cilt tiplerine uygun olan Necky konserve a\u011fda, hijyenik ambalaj\u0131 ve pratik kullan\u0131m\u0131yla kuaf\u00f6r ve g\u00fczellik salonlar\u0131nda s\u0131kl\u0131kla tercih edilir. Etkili sonu\u00e7lar sunan yap\u0131s\u0131 ile daha ipeksi ve bak\u0131ml\u0131 bir cilt deneyimi sunar.<\/p>","protected":false},"featured_media":32437,"comment_status":"open","ping_status":"closed","template":"","meta":[],"product_brand":[98],"product_cat":[107],"product_tag":[],"class_list":{"0":"post-32436","1":"product","2":"type-product","3":"status-publish","4":"has-post-thumbnail","6":"product_brand-necky","7":"product_cat-konserve-sir-agda","9":"first","10":"instock","11":"shipping-taxable","12":"product-type-simple"},"_links":{"self":[{"href":"https:\/\/www.kraftkagit.com.tr\/fr\/wp-json\/wp\/v2\/product\/32436","targetHints":{"allow":["GET"]}}],"collection":[{"href":"https:\/\/www.kraftkagit.com.tr\/fr\/wp-json\/wp\/v2\/product"}],"about":[{"href":"https:\/\/www.kraftkagit.com.tr\/fr\/wp-json\/wp\/v2\/types\/product"}],"replies":[{"embeddable":true,"href":"https:\/\/www.kraftkagit.com.tr\/fr\/wp-json\/wp\/v2\/comments?post=32436"}],"version-history":[{"count":3,"href":"https:\/\/www.kraftkagit.com.tr\/fr\/wp-json\/wp\/v2\/product\/32436\/revisions"}],"predecessor-version":[{"id":33460,"href":"https:\/\/www.kraftkagit.com.tr\/fr\/wp-json\/wp\/v2\/product\/32436\/revisions\/33460"}],"wp:featuredmedia":[{"embeddable":true,"href":"https:\/\/www.kraftkagit.com.tr\/fr\/wp-json\/wp\/v2\/media\/32437"}],"wp:attachment":[{"href":"https:\/\/www.kraftkagit.com.tr\/fr\/wp-json\/wp\/v2\/media?parent=32436"}],"wp:term":[{"taxonomy":"product_brand","embeddable":true,"href":"https:\/\/www.kraftkagit.com.tr\/fr\/wp-json\/wp\/v2\/product_brand?post=32436"},{"taxonomy":"product_cat","embeddable":true,"href":"https:\/\/www.kraftkagit.com.tr\/fr\/wp-json\/wp\/v2\/product_cat?post=32436"},{"taxonomy":"product_tag","embeddable":true,"href":"https:\/\/www.kraftkagit.com.tr\/fr\/wp-json\/wp\/v2\/product_tag?post=32436"}],"curies":[{"name":"wp","href":"https:\/\/api.w.org\/{rel}","templated":true}]}}