{"id":32685,"date":"2025-09-17T15:46:51","date_gmt":"2025-09-17T12:46:51","guid":{"rendered":"https:\/\/kraftkagit.com.tr\/?post_type=product&#038;p=32685"},"modified":"2025-09-29T15:05:41","modified_gmt":"2025-09-29T12:05:41","slug":"tek-kullanimlik-seffaf-eldiven","status":"publish","type":"product","link":"https:\/\/www.kraftkagit.com.tr\/fr\/product\/tek-kullanimlik-seffaf-eldiven\/","title":{"rendered":"Tek Kullan\u0131ml\u0131k \u015eeffaf Eldiven"},"content":{"rendered":"<h3 data-start=\"0\" data-end=\"65\"><strong data-start=\"4\" data-end=\"63\">More For You Tek Kullan\u0131ml\u0131k \u015eeffaf Eldiven \u00d6zellikleri<\/strong><\/h3>\n<ul data-start=\"66\" data-end=\"450\">\n<li data-start=\"66\" data-end=\"117\">\n<p data-start=\"68\" data-end=\"117\"><strong data-start=\"68\" data-end=\"80\">Malzeme:<\/strong> \u015eeffaf ve esnek plastik\/PE yap\u0131s\u0131.<\/p>\n<\/li>\n<li data-start=\"118\" data-end=\"202\">\n<p data-start=\"120\" data-end=\"202\"><strong data-start=\"120\" data-end=\"140\">Tek kullan\u0131ml\u0131k:<\/strong> Her kullan\u0131mda hijyen sa\u011flar ve enfeksiyon riskini azalt\u0131r.<\/p>\n<\/li>\n<li data-start=\"203\" data-end=\"272\">\n<p data-start=\"205\" data-end=\"272\"><strong data-start=\"205\" data-end=\"224\">Rahat ve hafif:<\/strong> Uzun s\u00fcreli kullan\u0131mda el yorgunlu\u011funu \u00f6nler.<\/p>\n<\/li>\n<li data-start=\"273\" data-end=\"352\">\n<p data-start=\"275\" data-end=\"352\"><strong data-start=\"275\" data-end=\"286\">Koruma:<\/strong> Elleri kimyasallardan, boyalardan ve di\u011fer malzemelerden korur.<\/p>\n<\/li>\n<li data-start=\"353\" data-end=\"450\">\n<p data-start=\"355\" data-end=\"450\"><strong data-start=\"355\" data-end=\"379\">\u00c7ok ama\u00e7l\u0131 kullan\u0131m:<\/strong> Berber, kuaf\u00f6r, g\u00fczellik, temizlik ve bak\u0131m i\u015flemleri i\u00e7in uygundur.<\/p>\n<\/li>\n<\/ul>\n<h3 data-start=\"452\" data-end=\"476\"><strong data-start=\"456\" data-end=\"474\">Kullan\u0131m \u015eekli<\/strong><\/h3>\n<p data-start=\"477\" data-end=\"818\" data-is-last-node=\"\" data-is-only-node=\"\"><strong data-start=\"477\" data-end=\"524\">More For You Tek Kullan\u0131ml\u0131k \u015eeffaf Eldiven<\/strong>, i\u015flem \u00f6ncesinde ellerinize giyilir. Kuaf\u00f6rl\u00fck, berberlik veya bak\u0131m i\u015flemleri s\u0131ras\u0131nda elleri korur ve hijyen sa\u011flar. Kullan\u0131m tamamland\u0131ktan sonra eldiven \u00e7\u0131kar\u0131l\u0131r ve tek kullan\u0131ml\u0131k oldu\u011fu i\u00e7in at\u0131l\u0131r. Eldiveni serin ve kuru bir ortamda saklamak, dayan\u0131kl\u0131l\u0131\u011f\u0131n\u0131 korumas\u0131na yard\u0131mc\u0131 olur.<\/p>","protected":false},"excerpt":{"rendered":"<article class=\"text-token-text-primary w-full focus:outline-none scroll-mt-[calc(var(--header-height)+min(200px,max(70px,20svh)))]\" dir=\"auto\" data-turn-id=\"request-68d3dda1-1298-8328-802f-6a9af06732b6-38\" data-testid=\"conversation-turn-220\" data-scroll-anchor=\"false\" data-turn=\"assistant\">\n<div class=\"text-base my-auto mx-auto [--thread-content-margin:--spacing(4)] thread-sm:[--thread-content-margin:--spacing(6)] thread-lg:[--thread-content-margin:--spacing(16)] px-(--thread-content-margin)\">\n<div class=\"[--thread-content-max-width:40rem] thread-lg:[--thread-content-max-width:48rem] mx-auto max-w-(--thread-content-max-width) flex-1 group\/turn-messages focus-visible:outline-hidden relative flex w-full min-w-0 flex-col agent-turn\">\n<div class=\"flex max-w-full flex-col grow\">\n<div class=\"min-h-8 text-message relative flex w-full flex-col items-end gap-2 text-start break-words whitespace-normal [.text-message+&amp;]:mt-5\" dir=\"auto\" data-message-author-role=\"assistant\" data-message-id=\"9ae4a447-6686-48bb-b6f4-a15ef38fc971\" data-message-model-slug=\"gpt-5-mini\">\n<div class=\"flex w-full flex-col gap-1 empty:hidden first:pt-[3px]\">\n<div class=\"markdown prose dark:prose-invert w-full break-words light markdown-new-styling\">\n<p data-start=\"0\" data-end=\"469\" data-is-last-node=\"\" data-is-only-node=\"\"><strong data-start=\"0\" data-end=\"47\" data-is-only-node=\"\">More For You Tek Kullan\u0131ml\u0131k \u015eeffaf Eldiven<\/strong>, berber, kuaf\u00f6r ve g\u00fczellik salonlar\u0131nda hijyen ve g\u00fcvenli\u011fi \u00f6n planda tutan ideal bir \u00fcr\u00fcnd\u00fcr. \u015eeffaf ve esnek yap\u0131s\u0131 sayesinde elleri kimyasallardan, boyalardan ve di\u011fer malzemelerden korur. Tek kullan\u0131ml\u0131k yap\u0131s\u0131, her i\u015flemde maksimum temizlik sa\u011flar ve enfeksiyon riskini minimuma indirir. Konforlu ve hafif tasar\u0131m\u0131, uzun s\u00fcreli kullan\u0131mlarda bile rahatl\u0131k sunar, salonlarda ve evde pratik bir kullan\u0131m imk\u00e2n\u0131 verir.<\/p>\n<\/div>\n<\/div>\n<\/div>\n<\/div>\n<\/div>\n<\/div>\n<\/article>","protected":false},"featured_media":32557,"comment_status":"open","ping_status":"closed","template":"","meta":[],"product_brand":[96],"product_cat":[120],"product_tag":[],"class_list":{"0":"post-32685","1":"product","2":"type-product","3":"status-publish","4":"has-post-thumbnail","6":"product_brand-mor-fore-you-professional","7":"product_cat-eldivenler-manikur-pedikur","9":"first","10":"instock","11":"shipping-taxable","12":"product-type-simple"},"_links":{"self":[{"href":"https:\/\/www.kraftkagit.com.tr\/fr\/wp-json\/wp\/v2\/product\/32685","targetHints":{"allow":["GET"]}}],"collection":[{"href":"https:\/\/www.kraftkagit.com.tr\/fr\/wp-json\/wp\/v2\/product"}],"about":[{"href":"https:\/\/www.kraftkagit.com.tr\/fr\/wp-json\/wp\/v2\/types\/product"}],"replies":[{"embeddable":true,"href":"https:\/\/www.kraftkagit.com.tr\/fr\/wp-json\/wp\/v2\/comments?post=32685"}],"version-history":[{"count":3,"href":"https:\/\/www.kraftkagit.com.tr\/fr\/wp-json\/wp\/v2\/product\/32685\/revisions"}],"predecessor-version":[{"id":33153,"href":"https:\/\/www.kraftkagit.com.tr\/fr\/wp-json\/wp\/v2\/product\/32685\/revisions\/33153"}],"wp:featuredmedia":[{"embeddable":true,"href":"https:\/\/www.kraftkagit.com.tr\/fr\/wp-json\/wp\/v2\/media\/32557"}],"wp:attachment":[{"href":"https:\/\/www.kraftkagit.com.tr\/fr\/wp-json\/wp\/v2\/media?parent=32685"}],"wp:term":[{"taxonomy":"product_brand","embeddable":true,"href":"https:\/\/www.kraftkagit.com.tr\/fr\/wp-json\/wp\/v2\/product_brand?post=32685"},{"taxonomy":"product_cat","embeddable":true,"href":"https:\/\/www.kraftkagit.com.tr\/fr\/wp-json\/wp\/v2\/product_cat?post=32685"},{"taxonomy":"product_tag","embeddable":true,"href":"https:\/\/www.kraftkagit.com.tr\/fr\/wp-json\/wp\/v2\/product_tag?post=32685"}],"curies":[{"name":"wp","href":"https:\/\/api.w.org\/{rel}","templated":true}]}}