{"id":32728,"date":"2025-09-17T16:12:13","date_gmt":"2025-09-17T13:12:13","guid":{"rendered":"https:\/\/kraftkagit.com.tr\/?post_type=product&#038;p=32728"},"modified":"2025-09-30T13:35:58","modified_gmt":"2025-09-30T10:35:58","slug":"profesyonel-makas-202-60","status":"publish","type":"product","link":"https:\/\/www.kraftkagit.com.tr\/fr\/product\/profesyonel-makas-202-60\/","title":{"rendered":"Profesyonel Makas 202-6,0"},"content":{"rendered":"<p data-start=\"63\" data-end=\"81\"><strong data-start=\"63\" data-end=\"79\">\u00d6zellikleri:<\/strong><\/p>\n<ul data-start=\"82\" data-end=\"465\">\n<li data-start=\"82\" data-end=\"149\">\n<p data-start=\"84\" data-end=\"149\">6 in\u00e7 boyutuyla profesyonel sa\u00e7 kesimleri i\u00e7in ideal \u00f6l\u00e7\u00fcdedir.<\/p>\n<\/li>\n<li data-start=\"150\" data-end=\"232\">\n<p data-start=\"152\" data-end=\"232\">Y\u00fcksek kaliteli paslanmaz \u00e7elikten \u00fcretilmi\u015f olup uzun \u00f6m\u00fcrl\u00fc kullan\u0131m sa\u011flar.<\/p>\n<\/li>\n<li data-start=\"233\" data-end=\"314\">\n<p data-start=\"235\" data-end=\"314\">Keskin ve dayan\u0131kl\u0131 b\u0131\u00e7aklar\u0131 sayesinde sa\u00e7ta p\u00fcr\u00fczs\u00fcz ve net kesimler sunar.<\/p>\n<\/li>\n<li data-start=\"315\" data-end=\"379\">\n<p data-start=\"317\" data-end=\"379\">Ergonomik tasar\u0131m\u0131 sayesinde el yorgunlu\u011funu en aza indirir.<\/p>\n<\/li>\n<li data-start=\"380\" data-end=\"465\">\n<p data-start=\"382\" data-end=\"465\">Hem berberler hem de kuaf\u00f6rler i\u00e7in profesyonel kullan\u0131m standartlar\u0131na uygundur.<\/p>\n<\/li>\n<\/ul>\n<p data-start=\"467\" data-end=\"771\" data-is-last-node=\"\" data-is-only-node=\"\"><strong data-start=\"467\" data-end=\"486\">Kullan\u0131m \u015eekli:<\/strong><br data-start=\"486\" data-end=\"489\" \/>Profesyonel Makas 202-6,0 sa\u00e7 kesimi esnas\u0131nda pratik ve rahat bir kullan\u0131m sunar. Temiz ve kuru sa\u00e7 \u00fczerinde kullan\u0131lmal\u0131, kesim sonras\u0131nda ise hijyen a\u00e7\u0131s\u0131ndan makas sterilize edilmelidir. Daha uzun \u00f6m\u00fcrl\u00fc kullan\u0131m i\u00e7in d\u00fczenli bak\u0131m yap\u0131lmas\u0131 ve darbelerden korunmas\u0131 \u00f6nerilir.<\/p>","protected":false},"excerpt":{"rendered":"<p>Profesyonel Makas 202-6,0, berber ve kuaf\u00f6r salonlar\u0131nda sa\u00e7 kesiminde y\u00fcksek performans ve hassasiyet sa\u011flamak i\u00e7in \u00fcretilmi\u015ftir. 6 in\u00e7 boyutuyla daha geni\u015f y\u00fczeylerde rahat kullan\u0131m sunan bu makas, paslanmaz \u00e7elikten \u00fcretilmi\u015f keskin b\u0131\u00e7aklar\u0131 sayesinde sa\u00e7 \u00fczerinde p\u00fcr\u00fczs\u00fcz ve net kesimler yap\u0131lmas\u0131na imk\u00e2n tan\u0131r. Ergonomik tasar\u0131m\u0131 el yorgunlu\u011funu azalt\u0131rken, profesyonel kullan\u0131mda uzun s\u00fcreli konfor sa\u011flar. Dayan\u0131kl\u0131 yap\u0131s\u0131yla uzun \u00f6m\u00fcrl\u00fc kullan\u0131m vadeden Profesyonel Makas 202-6,0, her kuaf\u00f6r ve berberin ekipman\u0131nda bulunmas\u0131 gereken temel ara\u00e7lardan biridir.<\/p>","protected":false},"featured_media":32733,"comment_status":"open","ping_status":"closed","template":"","meta":[],"product_brand":[96],"product_cat":[118],"product_tag":[],"class_list":{"0":"post-32728","1":"product","2":"type-product","3":"status-publish","4":"has-post-thumbnail","6":"product_brand-mor-fore-you-professional","7":"product_cat-makaslar-ve-cimbizlar","9":"first","10":"instock","11":"shipping-taxable","12":"product-type-simple"},"_links":{"self":[{"href":"https:\/\/www.kraftkagit.com.tr\/fr\/wp-json\/wp\/v2\/product\/32728","targetHints":{"allow":["GET"]}}],"collection":[{"href":"https:\/\/www.kraftkagit.com.tr\/fr\/wp-json\/wp\/v2\/product"}],"about":[{"href":"https:\/\/www.kraftkagit.com.tr\/fr\/wp-json\/wp\/v2\/types\/product"}],"replies":[{"embeddable":true,"href":"https:\/\/www.kraftkagit.com.tr\/fr\/wp-json\/wp\/v2\/comments?post=32728"}],"version-history":[{"count":3,"href":"https:\/\/www.kraftkagit.com.tr\/fr\/wp-json\/wp\/v2\/product\/32728\/revisions"}],"predecessor-version":[{"id":33176,"href":"https:\/\/www.kraftkagit.com.tr\/fr\/wp-json\/wp\/v2\/product\/32728\/revisions\/33176"}],"wp:featuredmedia":[{"embeddable":true,"href":"https:\/\/www.kraftkagit.com.tr\/fr\/wp-json\/wp\/v2\/media\/32733"}],"wp:attachment":[{"href":"https:\/\/www.kraftkagit.com.tr\/fr\/wp-json\/wp\/v2\/media?parent=32728"}],"wp:term":[{"taxonomy":"product_brand","embeddable":true,"href":"https:\/\/www.kraftkagit.com.tr\/fr\/wp-json\/wp\/v2\/product_brand?post=32728"},{"taxonomy":"product_cat","embeddable":true,"href":"https:\/\/www.kraftkagit.com.tr\/fr\/wp-json\/wp\/v2\/product_cat?post=32728"},{"taxonomy":"product_tag","embeddable":true,"href":"https:\/\/www.kraftkagit.com.tr\/fr\/wp-json\/wp\/v2\/product_tag?post=32728"}],"curies":[{"name":"wp","href":"https:\/\/api.w.org\/{rel}","templated":true}]}}