{"id":32731,"date":"2025-09-17T16:15:11","date_gmt":"2025-09-17T13:15:11","guid":{"rendered":"https:\/\/kraftkagit.com.tr\/?post_type=product&#038;p=32731"},"modified":"2025-10-01T16:36:18","modified_gmt":"2025-10-01T13:36:18","slug":"profesyonel-makas-mavi-titan-kaplama-205-60","status":"publish","type":"product","link":"https:\/\/www.kraftkagit.com.tr\/fr\/product\/profesyonel-makas-mavi-titan-kaplama-205-60\/","title":{"rendered":"Profesyonel Makas Mavi Titan Kaplama 205-6,0"},"content":{"rendered":"<p data-start=\"82\" data-end=\"100\"><strong data-start=\"82\" data-end=\"98\">\u00d6zellikleri:<\/strong><\/p>\n<ul data-start=\"101\" data-end=\"456\">\n<li data-start=\"101\" data-end=\"149\">\n<p data-start=\"103\" data-end=\"149\">6 in\u00e7 boyutunda profesyonel kesim makas\u0131d\u0131r.<\/p>\n<\/li>\n<li data-start=\"150\" data-end=\"225\">\n<p data-start=\"152\" data-end=\"225\">Mavi titanyum kaplama ile paslanmaya kar\u015f\u0131 dayan\u0131kl\u0131 ve uzun \u00f6m\u00fcrl\u00fcd\u00fcr.<\/p>\n<\/li>\n<li data-start=\"226\" data-end=\"305\">\n<p data-start=\"228\" data-end=\"305\">Keskin ve hassas b\u0131\u00e7ak yap\u0131s\u0131 ile sa\u00e7ta p\u00fcr\u00fczs\u00fcz ve kontroll\u00fc kesim sa\u011flar.<\/p>\n<\/li>\n<li data-start=\"306\" data-end=\"386\">\n<p data-start=\"308\" data-end=\"386\">Ergonomik tasar\u0131m\u0131 sayesinde uzun s\u00fcreli kullan\u0131mda el yorgunlu\u011funu azalt\u0131r.<\/p>\n<\/li>\n<li data-start=\"387\" data-end=\"456\">\n<p data-start=\"389\" data-end=\"456\">Berber ve kuaf\u00f6r salonlar\u0131nda profesyonel kullan\u0131m i\u00e7in uygundur.<\/p>\n<\/li>\n<\/ul>\n<p data-start=\"458\" data-end=\"825\" data-is-last-node=\"\" data-is-only-node=\"\"><strong data-start=\"458\" data-end=\"477\">Kullan\u0131m \u015eekli:<\/strong><br data-start=\"477\" data-end=\"480\" \/>Profesyonel Makas Mavi Titan Kaplama 205-6,0, sa\u00e7 kesiminde net ve kontroll\u00fc sonu\u00e7lar elde etmek i\u00e7in kullan\u0131lmal\u0131d\u0131r. Temiz ve kuru sa\u00e7 \u00fczerinde kullan\u0131lmal\u0131, kullan\u0131m sonras\u0131 hijyen i\u00e7in sterilize edilmelidir. Makas, darbelerden ve d\u00fc\u015fmelerden korunarak uzun \u00f6m\u00fcrl\u00fc \u015fekilde kullan\u0131labilir. Detayl\u0131 ve hassas kesimlerde maksimum kontrol sa\u011flar.<\/p>","protected":false},"excerpt":{"rendered":"<article class=\"text-token-text-primary w-full focus:outline-none scroll-mt-[calc(var(--header-height)+min(200px,max(70px,20svh)))]\" dir=\"auto\" data-turn-id=\"request-68d3dda1-1298-8328-802f-6a9af06732b6-9\" data-testid=\"conversation-turn-262\" data-scroll-anchor=\"true\" data-turn=\"assistant\">\n<div class=\"text-base my-auto mx-auto pb-10 [--thread-content-margin:--spacing(4)] thread-sm:[--thread-content-margin:--spacing(6)] thread-lg:[--thread-content-margin:--spacing(16)] px-(--thread-content-margin)\">\n<div class=\"[--thread-content-max-width:40rem] thread-lg:[--thread-content-max-width:48rem] mx-auto max-w-(--thread-content-max-width) flex-1 group\/turn-messages focus-visible:outline-hidden relative flex w-full min-w-0 flex-col agent-turn\">\n<div class=\"flex max-w-full flex-col grow\">\n<div class=\"min-h-8 text-message relative flex w-full flex-col items-end gap-2 text-start break-words whitespace-normal [.text-message+&amp;]:mt-5\" dir=\"auto\" data-message-author-role=\"assistant\" data-message-id=\"1b4aebc3-bd6a-4246-9528-6e3a37af599f\" data-message-model-slug=\"gpt-5-mini\">\n<div class=\"flex w-full flex-col gap-1 empty:hidden first:pt-[3px]\">\n<div class=\"markdown prose dark:prose-invert w-full break-words light markdown-new-styling\">\n<p data-start=\"52\" data-end=\"569\" data-is-last-node=\"\" data-is-only-node=\"\"><strong>Profesyonel Makas Mavi Titan Kaplama 205-6,0,<\/strong> berber ve kuaf\u00f6rler i\u00e7in y\u00fcksek performansl\u0131 ve dayan\u0131kl\u0131 bir kesim arac\u0131 olarak tasarlanm\u0131\u015ft\u0131r. 6 in\u00e7 boyutu sayesinde detayl\u0131 ve genel kesimlerde rahat kullan\u0131m sunar. Mavi titanyum kaplama, makas\u0131n paslanmaya kar\u015f\u0131 korunmas\u0131n\u0131 sa\u011flar ve uzun \u00f6m\u00fcrl\u00fc kullan\u0131m garantiler. Keskin b\u0131\u00e7aklar\u0131 sa\u00e7ta p\u00fcr\u00fczs\u00fcz ve kontroll\u00fc kesim imk\u00e2n\u0131 verirken, ergonomik tasar\u0131m\u0131 el yorgunlu\u011funu en aza indirir. Profesyonel salonlarda hassas ve g\u00fcvenli sa\u00e7 kesimleri i\u00e7in ideal bir se\u00e7imdir.<\/p>\n<\/div>\n<\/div>\n<\/div>\n<\/div>\n<div class=\"z-0 flex min-h-[46px] justify-start\"><\/div>\n<div class=\"mt-3 w-full empty:hidden\">\n<div class=\"text-center\"><\/div>\n<\/div>\n<\/div>\n<\/div>\n<\/article>\n<div class=\"pointer-events-none h-px w-px\" aria-hidden=\"true\" data-edge=\"true\"><\/div>","protected":false},"featured_media":32742,"comment_status":"open","ping_status":"closed","template":"","meta":[],"product_brand":[96],"product_cat":[118],"product_tag":[],"class_list":{"0":"post-32731","1":"product","2":"type-product","3":"status-publish","4":"has-post-thumbnail","6":"product_brand-mor-fore-you-professional","7":"product_cat-makaslar-ve-cimbizlar","9":"first","10":"instock","11":"shipping-taxable","12":"product-type-simple"},"_links":{"self":[{"href":"https:\/\/www.kraftkagit.com.tr\/fr\/wp-json\/wp\/v2\/product\/32731","targetHints":{"allow":["GET"]}}],"collection":[{"href":"https:\/\/www.kraftkagit.com.tr\/fr\/wp-json\/wp\/v2\/product"}],"about":[{"href":"https:\/\/www.kraftkagit.com.tr\/fr\/wp-json\/wp\/v2\/types\/product"}],"replies":[{"embeddable":true,"href":"https:\/\/www.kraftkagit.com.tr\/fr\/wp-json\/wp\/v2\/comments?post=32731"}],"version-history":[{"count":3,"href":"https:\/\/www.kraftkagit.com.tr\/fr\/wp-json\/wp\/v2\/product\/32731\/revisions"}],"predecessor-version":[{"id":33183,"href":"https:\/\/www.kraftkagit.com.tr\/fr\/wp-json\/wp\/v2\/product\/32731\/revisions\/33183"}],"wp:featuredmedia":[{"embeddable":true,"href":"https:\/\/www.kraftkagit.com.tr\/fr\/wp-json\/wp\/v2\/media\/32742"}],"wp:attachment":[{"href":"https:\/\/www.kraftkagit.com.tr\/fr\/wp-json\/wp\/v2\/media?parent=32731"}],"wp:term":[{"taxonomy":"product_brand","embeddable":true,"href":"https:\/\/www.kraftkagit.com.tr\/fr\/wp-json\/wp\/v2\/product_brand?post=32731"},{"taxonomy":"product_cat","embeddable":true,"href":"https:\/\/www.kraftkagit.com.tr\/fr\/wp-json\/wp\/v2\/product_cat?post=32731"},{"taxonomy":"product_tag","embeddable":true,"href":"https:\/\/www.kraftkagit.com.tr\/fr\/wp-json\/wp\/v2\/product_tag?post=32731"}],"curies":[{"name":"wp","href":"https:\/\/api.w.org\/{rel}","templated":true}]}}