{"id":32766,"date":"2025-09-17T16:24:32","date_gmt":"2025-09-17T13:24:32","guid":{"rendered":"https:\/\/kraftkagit.com.tr\/?post_type=product&#038;p=32766"},"modified":"2025-10-01T13:43:47","modified_gmt":"2025-10-01T10:43:47","slug":"cimbiz-satin-mat","status":"publish","type":"product","link":"https:\/\/www.kraftkagit.com.tr\/fr\/product\/cimbiz-satin-mat\/","title":{"rendered":"C\u0131mb\u0131z Satin Mat"},"content":{"rendered":"<p data-start=\"54\" data-end=\"72\"><strong data-start=\"54\" data-end=\"70\">\u00d6zellikleri:<\/strong><\/p>\n<ul data-start=\"73\" data-end=\"404\">\n<li data-start=\"73\" data-end=\"131\">\n<p data-start=\"75\" data-end=\"131\">Satin mat kaplama ile \u015f\u0131k ve modern tasar\u0131ma sahiptir.<\/p>\n<\/li>\n<li data-start=\"132\" data-end=\"194\">\n<p data-start=\"134\" data-end=\"194\">Paslanmaz \u00e7elikten \u00fcretilmi\u015f, dayan\u0131kl\u0131 ve uzun \u00f6m\u00fcrl\u00fcd\u00fcr.<\/p>\n<\/li>\n<li data-start=\"195\" data-end=\"279\">\n<p data-start=\"197\" data-end=\"279\">\u0130nce ve hassas ucu sayesinde ka\u015f ve y\u00fcz t\u00fcylerini k\u00f6k\u00fcnden almay\u0131 kolayla\u015ft\u0131r\u0131r.<\/p>\n<\/li>\n<li data-start=\"280\" data-end=\"346\">\n<p data-start=\"282\" data-end=\"346\">Ergonomik tasar\u0131m\u0131, elde rahat tutu\u015f ve hassas kontrol sa\u011flar.<\/p>\n<\/li>\n<li data-start=\"347\" data-end=\"404\">\n<p data-start=\"349\" data-end=\"404\">Profesyonel berber ve kuaf\u00f6r kullan\u0131m\u0131 i\u00e7in uygundur.<\/p>\n<\/li>\n<\/ul>\n<p data-start=\"406\" data-end=\"773\" data-is-last-node=\"\" data-is-only-node=\"\"><strong data-start=\"406\" data-end=\"425\">Kullan\u0131m \u015eekli:<\/strong><br data-start=\"425\" data-end=\"428\" \/>C\u0131mb\u0131z Satin Mat, ka\u015f \u015fekillendirme ve y\u00fcz b\u00f6lgesindeki istenmeyen t\u00fcylerin al\u0131nmas\u0131nda kullan\u0131l\u0131r. Uygun ucu t\u00fcy\u00fcn y\u00f6n\u00fcne yerle\u015ftirip k\u00f6k\u00fcnden nazik\u00e7e \u00e7ekilerek temizlenir. Kullan\u0131m sonras\u0131 temizlenip kuru bir ortamda saklanmas\u0131, c\u0131mb\u0131z\u0131n uzun \u00f6m\u00fcrl\u00fc ve hijyenik kalmas\u0131n\u0131 sa\u011flar. Hassas ve detayl\u0131 bak\u0131m i\u015flemlerinde g\u00fcvenle tercih edilebilir.<\/p>","protected":false},"excerpt":{"rendered":"<p><strong>C\u0131mb\u0131z Satin Mat,<\/strong> \u015f\u0131k ve dayan\u0131kl\u0131 tasar\u0131m\u0131yla profesyonel berber ve kuaf\u00f6rlerin tercihi olan bir bak\u0131m arac\u0131d\u0131r. Satin mat kaplamas\u0131 sayesinde estetik bir g\u00f6r\u00fcn\u00fcm sunarken, paslanmaz \u00e7elik yap\u0131s\u0131 uzun \u00f6m\u00fcrl\u00fc ve dayan\u0131kl\u0131d\u0131r. \u0130nce ve hassas ucu, ka\u015f \u015fekillendirme, y\u00fcz ve k\u00fc\u00e7\u00fck b\u00f6lgelerdeki t\u00fcyleri k\u00f6k\u00fcnden almay\u0131 kolayla\u015ft\u0131r\u0131r. Ergonomik tasar\u0131m\u0131 sayesinde elde konforlu bir tutu\u015f sa\u011flar ve hassas kontrol imk\u00e2n\u0131 sunar, b\u00f6ylece profesyonel veya ev kullan\u0131m\u0131nda g\u00fcvenle tercih edilebilir.<\/p>","protected":false},"featured_media":32762,"comment_status":"open","ping_status":"closed","template":"","meta":[],"product_brand":[96],"product_cat":[118],"product_tag":[],"class_list":{"0":"post-32766","1":"product","2":"type-product","3":"status-publish","4":"has-post-thumbnail","6":"product_brand-mor-fore-you-professional","7":"product_cat-makaslar-ve-cimbizlar","9":"first","10":"instock","11":"shipping-taxable","12":"product-type-simple"},"_links":{"self":[{"href":"https:\/\/www.kraftkagit.com.tr\/fr\/wp-json\/wp\/v2\/product\/32766","targetHints":{"allow":["GET"]}}],"collection":[{"href":"https:\/\/www.kraftkagit.com.tr\/fr\/wp-json\/wp\/v2\/product"}],"about":[{"href":"https:\/\/www.kraftkagit.com.tr\/fr\/wp-json\/wp\/v2\/types\/product"}],"replies":[{"embeddable":true,"href":"https:\/\/www.kraftkagit.com.tr\/fr\/wp-json\/wp\/v2\/comments?post=32766"}],"version-history":[{"count":3,"href":"https:\/\/www.kraftkagit.com.tr\/fr\/wp-json\/wp\/v2\/product\/32766\/revisions"}],"predecessor-version":[{"id":33195,"href":"https:\/\/www.kraftkagit.com.tr\/fr\/wp-json\/wp\/v2\/product\/32766\/revisions\/33195"}],"wp:featuredmedia":[{"embeddable":true,"href":"https:\/\/www.kraftkagit.com.tr\/fr\/wp-json\/wp\/v2\/media\/32762"}],"wp:attachment":[{"href":"https:\/\/www.kraftkagit.com.tr\/fr\/wp-json\/wp\/v2\/media?parent=32766"}],"wp:term":[{"taxonomy":"product_brand","embeddable":true,"href":"https:\/\/www.kraftkagit.com.tr\/fr\/wp-json\/wp\/v2\/product_brand?post=32766"},{"taxonomy":"product_cat","embeddable":true,"href":"https:\/\/www.kraftkagit.com.tr\/fr\/wp-json\/wp\/v2\/product_cat?post=32766"},{"taxonomy":"product_tag","embeddable":true,"href":"https:\/\/www.kraftkagit.com.tr\/fr\/wp-json\/wp\/v2\/product_tag?post=32766"}],"curies":[{"name":"wp","href":"https:\/\/api.w.org\/{rel}","templated":true}]}}