{"id":33773,"date":"2026-04-14T16:53:50","date_gmt":"2026-04-14T13:53:50","guid":{"rendered":"https:\/\/www.kraftkagit.com.tr\/?post_type=product&#038;p=33773"},"modified":"2026-04-14T17:27:46","modified_gmt":"2026-04-14T14:27:46","slug":"taraklar","status":"publish","type":"product","link":"https:\/\/www.kraftkagit.com.tr\/fr\/product\/taraklar\/","title":{"rendered":"Taraklar"},"content":{"rendered":"<p><strong data-start=\"0\" data-end=\"25\">More For You Taraklar<\/strong>, berber ve kuaf\u00f6r salonlar\u0131n\u0131n profesyonel ihtiya\u00e7lar\u0131na y\u00f6nelik olarak \u00fcretilmi\u015f, dayan\u0131kl\u0131 ve ergonomik sa\u00e7 \u015fekillendirme \u00fcr\u00fcnleridir. Y\u00fcksek kaliteli esnek plastik malzemeden \u00fcretilen bu taraklar k\u0131r\u0131lmaya ve deformasyona kar\u015f\u0131 diren\u00e7lidir, uzun \u00f6m\u00fcrl\u00fc kullan\u0131m sunar. Antistatik \u00f6zellikleri sayesinde sa\u00e7ta elektriklenmeyi azaltarak daha p\u00fcr\u00fczs\u00fcz ve kontroll\u00fc bir tarama sa\u011flar. Farkl\u0131 di\u015f aral\u0131klar\u0131na sahip modelleri ile hem ince hem kal\u0131n telli sa\u00e7larda etkili sonu\u00e7 verir; sa\u00e7 a\u00e7ma, ay\u0131rma, kesim ve \u015fekillendirme i\u015flemlerinde maksimum performans sunar. Is\u0131ya dayan\u0131kl\u0131 yap\u0131s\u0131 sayesinde f\u00f6n ve \u015fekillendirme i\u015flemlerinde g\u00fcvenle kullan\u0131labilir. Hafif ve ergonomik tasar\u0131m\u0131 sayesinde elde rahat tutulur, uzun s\u00fcreli kullan\u0131mlarda konfor sa\u011flar.<\/p>","protected":false},"excerpt":{"rendered":"<section class=\"text-token-text-primary w-full focus:outline-none [--shadow-height:45px] has-data-writing-block:pointer-events-none has-data-writing-block:-mt-(--shadow-height) has-data-writing-block:pt-(--shadow-height) [&amp;:has([data-writing-block])&gt;*]:pointer-events-auto [content-visibility:auto] supports-[content-visibility:auto]:[contain-intrinsic-size:auto_100lvh] R6Vx5W_threadScrollVars scroll-mb-[calc(var(--scroll-root-safe-area-inset-bottom,0px)+var(--thread-response-height))] scroll-mt-[calc(var(--header-height)+min(200px,max(70px,20svh)))]\" dir=\"auto\" data-turn-id=\"request-69b948b4-b204-8327-8cac-0b4dfcf5e80d-0\" data-testid=\"conversation-turn-8\" data-scroll-anchor=\"false\" data-turn=\"assistant\">\n<div class=\"text-base my-auto mx-auto pb-10 [--thread-content-margin:var(--thread-content-margin-xs,calc(var(--spacing)*4))] @w-sm\/main:[--thread-content-margin:var(--thread-content-margin-sm,calc(var(--spacing)*6))] @w-lg\/main:[--thread-content-margin:var(--thread-content-margin-lg,calc(var(--spacing)*16))] px-(--thread-content-margin)\">\n<div class=\"[--thread-content-max-width:40rem] @w-lg\/main:[--thread-content-max-width:48rem] mx-auto max-w-(--thread-content-max-width) flex-1 group\/turn-messages focus-visible:outline-hidden relative flex w-full min-w-0 flex-col agent-turn\">\n<div class=\"flex max-w-full flex-col gap-4 grow\">\n<div class=\"min-h-8 text-message relative flex w-full flex-col items-end gap-2 text-start break-words whitespace-normal outline-none keyboard-focused:focus-ring [.text-message+&amp;]:mt-1\" dir=\"auto\" data-message-author-role=\"assistant\" data-message-id=\"f93acf6e-e314-4983-9610-ea60cdfa76e8\" data-turn-start-message=\"true\" data-message-model-slug=\"gpt-5-3\">\n<div class=\"flex w-full flex-col gap-1 empty:hidden\">\n<div class=\"markdown prose dark:prose-invert w-full wrap-break-word light markdown-new-styling\">\n<p data-start=\"0\" data-end=\"894\" data-is-last-node=\"\" data-is-only-node=\"\"><strong data-start=\"0\" data-end=\"25\" data-is-only-node=\"\">More For You Taraklar<\/strong>, berber ve kuaf\u00f6r salonlar\u0131nda profesyonel kullan\u0131m i\u00e7in tasarlanm\u0131\u015f dayan\u0131kl\u0131 ve ergonomik sa\u00e7 tarama \u00fcr\u00fcnleridir. Sa\u00e7\u0131 kolayca a\u00e7maya, \u015fekillendirmeye ve kesim s\u0131ras\u0131nda maksimum kontrol sa\u011flamaya yard\u0131mc\u0131 olan bu taraklar, kaliteli ve esnek plastik yap\u0131lar\u0131 sayesinde k\u0131r\u0131lmaya kar\u015f\u0131 dayan\u0131kl\u0131d\u0131r. Antistatik \u00f6zellikli y\u00fczeyi sa\u00e7\u0131n elektriklenmesini azaltarak daha p\u00fcr\u00fczs\u00fcz ve d\u00fczenli bir tarama deneyimi sunar. Farkl\u0131 di\u015f aral\u0131klar\u0131na sahip modelleri ile sa\u00e7 kesimi, f\u00f6n, \u015fekillendirme ve g\u00fcnl\u00fck sa\u00e7 bak\u0131m\u0131nda rahatl\u0131kla kullan\u0131labilir. Hafif ve ergonomik tasar\u0131m\u0131 sayesinde uzun s\u00fcreli kullan\u0131mlarda elde konfor sa\u011flar. Profesyonel berberler ve kuaf\u00f6rler i\u00e7in ideal olan <strong data-start=\"702\" data-end=\"727\">More For You Taraklar<\/strong>, \u201ckuaf\u00f6r tara\u011f\u0131\u201d, \u201cberber sa\u00e7 tara\u011f\u0131\u201d, \u201cprofesyonel sa\u00e7 taraklar\u0131\u201d ve \u201cantistatik kuaf\u00f6r tara\u011f\u0131\u201d gibi aramalarda \u00f6ne \u00e7\u0131kacak \u015fekilde SEO uyumlu olarak haz\u0131rlanm\u0131\u015ft\u0131r.<\/p>\n<\/div>\n<\/div>\n<\/div>\n<\/div>\n<\/div>\n<\/div>\n<\/section>","protected":false},"featured_media":33748,"comment_status":"open","ping_status":"closed","template":"","meta":[],"product_brand":[96],"product_cat":[123,475],"product_tag":[],"class_list":{"0":"post-33773","1":"product","2":"type-product","3":"status-publish","4":"has-post-thumbnail","6":"product_brand-mor-fore-you-professional","7":"product_cat-diger-salon-urunleri","8":"product_cat-taraklar","10":"first","11":"instock","12":"shipping-taxable","13":"product-type-simple"},"_links":{"self":[{"href":"https:\/\/www.kraftkagit.com.tr\/fr\/wp-json\/wp\/v2\/product\/33773","targetHints":{"allow":["GET"]}}],"collection":[{"href":"https:\/\/www.kraftkagit.com.tr\/fr\/wp-json\/wp\/v2\/product"}],"about":[{"href":"https:\/\/www.kraftkagit.com.tr\/fr\/wp-json\/wp\/v2\/types\/product"}],"replies":[{"embeddable":true,"href":"https:\/\/www.kraftkagit.com.tr\/fr\/wp-json\/wp\/v2\/comments?post=33773"}],"version-history":[{"count":1,"href":"https:\/\/www.kraftkagit.com.tr\/fr\/wp-json\/wp\/v2\/product\/33773\/revisions"}],"predecessor-version":[{"id":33779,"href":"https:\/\/www.kraftkagit.com.tr\/fr\/wp-json\/wp\/v2\/product\/33773\/revisions\/33779"}],"wp:featuredmedia":[{"embeddable":true,"href":"https:\/\/www.kraftkagit.com.tr\/fr\/wp-json\/wp\/v2\/media\/33748"}],"wp:attachment":[{"href":"https:\/\/www.kraftkagit.com.tr\/fr\/wp-json\/wp\/v2\/media?parent=33773"}],"wp:term":[{"taxonomy":"product_brand","embeddable":true,"href":"https:\/\/www.kraftkagit.com.tr\/fr\/wp-json\/wp\/v2\/product_brand?post=33773"},{"taxonomy":"product_cat","embeddable":true,"href":"https:\/\/www.kraftkagit.com.tr\/fr\/wp-json\/wp\/v2\/product_cat?post=33773"},{"taxonomy":"product_tag","embeddable":true,"href":"https:\/\/www.kraftkagit.com.tr\/fr\/wp-json\/wp\/v2\/product_tag?post=33773"}],"curies":[{"name":"wp","href":"https:\/\/api.w.org\/{rel}","templated":true}]}}