{"id":32060,"date":"2025-09-16T13:05:12","date_gmt":"2025-09-16T10:05:12","guid":{"rendered":"https:\/\/kraftkagit.com.tr\/?page_id=32060"},"modified":"2025-09-16T13:07:19","modified_gmt":"2025-09-16T10:07:19","slug":"surdurulebilirlik","status":"publish","type":"page","link":"https:\/\/www.kraftkagit.com.tr\/ru\/surdurulebilirlik\/","title":{"rendered":"S\u00fcrd\u00fcr\u00fclebilirlik"},"content":{"rendered":"<div data-elementor-type=\"wp-page\" data-elementor-id=\"32060\" class=\"elementor elementor-32060\">\n\t\t\t\t<div class=\"wd-negative-gap elementor-element elementor-element-7d2fd42 e-flex e-con-boxed e-con e-parent\" data-id=\"7d2fd42\" data-element_type=\"container\">\n\t\t\t\t\t<div class=\"e-con-inner\">\n\t\t\t\t<div class=\"elementor-element elementor-element-5a577c5 elementor-widget elementor-widget-wd_text_block\" data-id=\"5a577c5\" data-element_type=\"widget\" data-widget_type=\"wd_text_block.default\">\n\t\t\t\t<div class=\"elementor-widget-container\">\n\t\t\t\t\t\t\t<div class=\"wd-text-block reset-last-child text-left\">\n\t\t\t\n\t\t\t\u041f\u0440\u043e\u0441\u043d\u0443\u0432\u0448\u0438\u0441\u044c \u043e\u0434\u043d\u0430\u0436\u0434\u044b \u0443\u0442\u0440\u043e\u043c \u043f\u043e\u0441\u043b\u0435 \u0431\u0435\u0441\u043f\u043e\u043a\u043e\u0439\u043d\u043e\u0433\u043e \u0441\u043d\u0430, \u0413\u0440\u0435\u0433\u043e\u0440 \u0417\u0430\u043c\u0437\u0430 \u043e\u0431\u043d\u0430\u0440\u0443\u0436\u0438\u043b, \u0447\u0442\u043e \u043e\u043d \u0443 \u0441\u0435\u0431\u044f \u0432 \u043f\u043e\u0441\u0442\u0435\u043b\u0438 \u043f\u0440\u0435\u0432\u0440\u0430\u0442\u0438\u043b\u0441\u044f \u0432 \u0441\u0442\u0440\u0430\u0448\u043d\u043e\u0435 \u043d\u0430\u0441\u0435\u043a\u043e\u043c\u043e\u0435.\n\t\t\t\t\t<\/div>\n\t\t\t\t\t\t<\/div>\n\t\t\t\t<\/div>\n\t\t\t\t\t<\/div>\n\t\t\t\t<\/div>\n\t\t\t\t<\/div>","protected":false},"excerpt":{"rendered":"<p>Lorem ipsum dolor sit amet, consectetur adipiscing elit. Ut elit tellus, luctus nec ullamcorper mattis, pulvinar dapibus leo.<\/p>","protected":false},"author":2,"featured_media":0,"parent":0,"menu_order":0,"comment_status":"closed","ping_status":"closed","template":"","meta":{"footnotes":""},"class_list":["post-32060","page","type-page","status-publish","hentry"],"_links":{"self":[{"href":"https:\/\/www.kraftkagit.com.tr\/ru\/wp-json\/wp\/v2\/pages\/32060","targetHints":{"allow":["GET"]}}],"collection":[{"href":"https:\/\/www.kraftkagit.com.tr\/ru\/wp-json\/wp\/v2\/pages"}],"about":[{"href":"https:\/\/www.kraftkagit.com.tr\/ru\/wp-json\/wp\/v2\/types\/page"}],"author":[{"embeddable":true,"href":"https:\/\/www.kraftkagit.com.tr\/ru\/wp-json\/wp\/v2\/users\/2"}],"replies":[{"embeddable":true,"href":"https:\/\/www.kraftkagit.com.tr\/ru\/wp-json\/wp\/v2\/comments?post=32060"}],"version-history":[{"count":7,"href":"https:\/\/www.kraftkagit.com.tr\/ru\/wp-json\/wp\/v2\/pages\/32060\/revisions"}],"predecessor-version":[{"id":32077,"href":"https:\/\/www.kraftkagit.com.tr\/ru\/wp-json\/wp\/v2\/pages\/32060\/revisions\/32077"}],"wp:attachment":[{"href":"https:\/\/www.kraftkagit.com.tr\/ru\/wp-json\/wp\/v2\/media?parent=32060"}],"curies":[{"name":"wp","href":"https:\/\/api.w.org\/{rel}","templated":true}]}}