{"id":32637,"date":"2025-09-17T15:19:00","date_gmt":"2025-09-17T12:19:00","guid":{"rendered":"https:\/\/kraftkagit.com.tr\/?post_type=product&#038;p=32637"},"modified":"2025-09-29T14:02:41","modified_gmt":"2025-09-29T11:02:41","slug":"more-for-you-kulak-pamugu-200lu","status":"publish","type":"product","link":"https:\/\/www.kraftkagit.com.tr\/ru\/product\/more-for-you-kulak-pamugu-200lu\/","title":{"rendered":"More For You Kulak Pamu\u011fu 200&#8217;l\u00fc"},"content":{"rendered":"<h3 data-start=\"0\" data-end=\"54\"><strong data-start=\"4\" data-end=\"52\">\u00d6zellikleri<\/strong><\/h3>\n<ul data-start=\"55\" data-end=\"453\">\n<li data-start=\"55\" data-end=\"99\">\n<p data-start=\"57\" data-end=\"99\"><strong data-start=\"57\" data-end=\"75\">Paket i\u00e7eri\u011fi:<\/strong> 200 adet pamuk \u00e7ubuk.<\/p>\n<\/li>\n<li data-start=\"100\" data-end=\"175\">\n<p data-start=\"102\" data-end=\"175\"><strong data-start=\"102\" data-end=\"127\">Yumu\u015fak ve dayan\u0131kl\u0131:<\/strong> Hassas kulak ve cilt temizli\u011fi i\u00e7in uygundur.<\/p>\n<\/li>\n<li data-start=\"176\" data-end=\"263\">\n<p data-start=\"178\" data-end=\"263\"><strong data-start=\"178\" data-end=\"200\">Hijyenik kullan\u0131m:<\/strong> Tek kullan\u0131ml\u0131k yap\u0131s\u0131 sayesinde enfeksiyon riskini azalt\u0131r.<\/p>\n<\/li>\n<li data-start=\"264\" data-end=\"360\">\n<p data-start=\"266\" data-end=\"360\"><strong data-start=\"266\" data-end=\"281\">\u00c7ok ama\u00e7l\u0131:<\/strong> Kulak temizli\u011fi, makyaj d\u00fczeltme ve k\u00fc\u00e7\u00fck bak\u0131m i\u015flemlerinde kullan\u0131labilir.<\/p>\n<\/li>\n<li data-start=\"361\" data-end=\"453\">\n<p data-start=\"363\" data-end=\"453\"><strong data-start=\"363\" data-end=\"389\">Pratik ve ta\u015f\u0131nabilir:<\/strong> Evde veya profesyonel salonlarda kolay kullan\u0131m imk\u00e2n\u0131 sunar.<\/p>\n<\/li>\n<\/ul>\n<h3 data-start=\"455\" data-end=\"479\"><strong data-start=\"459\" data-end=\"477\">Kullan\u0131m \u015eekli<\/strong><\/h3>\n<p data-start=\"480\" data-end=\"808\" data-is-last-node=\"\" data-is-only-node=\"\">Pamuk \u00e7ubu\u011fu ihtiyac\u0131n\u0131z kadar al\u0131n ve temizlenecek b\u00f6lgeye nazik\u00e7e uygulay\u0131n. Kulak i\u00e7ini temizlerken derinlemesine sokmaktan ka\u00e7\u0131n\u0131n; sadece d\u0131\u015f b\u00f6lgeyi temizleyin. Tek kullan\u0131ml\u0131k oldu\u011fu i\u00e7in her i\u015flem sonras\u0131 pamuk at\u0131l\u0131r ve hijyen sa\u011flan\u0131r. Ayr\u0131ca makyaj d\u00fczeltme veya k\u00fc\u00e7\u00fck bak\u0131m uygulamalar\u0131nda da g\u00fcvenle kullan\u0131labilir.<\/p>","protected":false},"excerpt":{"rendered":"<p><strong data-start=\"0\" data-end=\"36\" data-is-only-node=\"\">More For You Kulak Pamu\u011fu 200\u2019l\u00fc<\/strong>, hijyen ve pratikli\u011fi bir arada sunan ideal bir \u00fcr\u00fcnd\u00fcr. Yumu\u015fak ve dayan\u0131kl\u0131 pamuk u\u00e7lar\u0131 sayesinde kulak ve hassas b\u00f6lgelerde g\u00fcvenli temizlik sa\u011flar. Tek kullan\u0131ml\u0131k yap\u0131s\u0131, enfeksiyon riskini azaltarak her kullan\u0131mda maksimum hijyen sunar. 200\u2019l\u00fc paket format\u0131, hem evde hem de profesyonel kuaf\u00f6r ve g\u00fczellik salonlar\u0131nda uzun s\u00fcreli kullan\u0131m i\u00e7in pratik ve ekonomik bir \u00e7\u00f6z\u00fcm sunar.<\/p>","protected":false},"featured_media":32534,"comment_status":"open","ping_status":"closed","template":"","meta":[],"product_brand":[96],"product_cat":[116],"product_tag":[],"class_list":{"0":"post-32637","1":"product","2":"type-product","3":"status-publish","4":"has-post-thumbnail","6":"product_brand-mor-fore-you-professional","7":"product_cat-pamuklar","9":"first","10":"instock","11":"shipping-taxable","12":"product-type-simple"},"_links":{"self":[{"href":"https:\/\/www.kraftkagit.com.tr\/ru\/wp-json\/wp\/v2\/product\/32637","targetHints":{"allow":["GET"]}}],"collection":[{"href":"https:\/\/www.kraftkagit.com.tr\/ru\/wp-json\/wp\/v2\/product"}],"about":[{"href":"https:\/\/www.kraftkagit.com.tr\/ru\/wp-json\/wp\/v2\/types\/product"}],"replies":[{"embeddable":true,"href":"https:\/\/www.kraftkagit.com.tr\/ru\/wp-json\/wp\/v2\/comments?post=32637"}],"version-history":[{"count":3,"href":"https:\/\/www.kraftkagit.com.tr\/ru\/wp-json\/wp\/v2\/product\/32637\/revisions"}],"predecessor-version":[{"id":33143,"href":"https:\/\/www.kraftkagit.com.tr\/ru\/wp-json\/wp\/v2\/product\/32637\/revisions\/33143"}],"wp:featuredmedia":[{"embeddable":true,"href":"https:\/\/www.kraftkagit.com.tr\/ru\/wp-json\/wp\/v2\/media\/32534"}],"wp:attachment":[{"href":"https:\/\/www.kraftkagit.com.tr\/ru\/wp-json\/wp\/v2\/media?parent=32637"}],"wp:term":[{"taxonomy":"product_brand","embeddable":true,"href":"https:\/\/www.kraftkagit.com.tr\/ru\/wp-json\/wp\/v2\/product_brand?post=32637"},{"taxonomy":"product_cat","embeddable":true,"href":"https:\/\/www.kraftkagit.com.tr\/ru\/wp-json\/wp\/v2\/product_cat?post=32637"},{"taxonomy":"product_tag","embeddable":true,"href":"https:\/\/www.kraftkagit.com.tr\/ru\/wp-json\/wp\/v2\/product_tag?post=32637"}],"curies":[{"name":"wp","href":"https:\/\/api.w.org\/{rel}","templated":true}]}}