{"id":32767,"date":"2025-09-17T16:25:23","date_gmt":"2025-09-17T13:25:23","guid":{"rendered":"https:\/\/kraftkagit.com.tr\/?post_type=product&#038;p=32767"},"modified":"2025-10-01T13:39:41","modified_gmt":"2025-10-01T10:39:41","slug":"cimbiz-cift-tarafli","status":"publish","type":"product","link":"https:\/\/www.kraftkagit.com.tr\/ru\/product\/cimbiz-cift-tarafli\/","title":{"rendered":"C\u0131mb\u0131z \u00c7ift Tarafl\u0131"},"content":{"rendered":"<p data-start=\"57\" data-end=\"75\"><strong data-start=\"57\" data-end=\"73\">\u00d6zellikleri:<\/strong><\/p>\n<ul data-start=\"76\" data-end=\"356\">\n<li data-start=\"76\" data-end=\"156\">\n<p data-start=\"78\" data-end=\"156\">\u00c7ift tarafl\u0131 u\u00e7 tasar\u0131m\u0131 ile hem ince hem kal\u0131n t\u00fcyleri almak i\u00e7in uygundur.<\/p>\n<\/li>\n<li data-start=\"157\" data-end=\"222\">\n<p data-start=\"159\" data-end=\"222\">Paslanmaz \u00e7elikten \u00fcretilmi\u015ftir, dayan\u0131kl\u0131 ve uzun \u00f6m\u00fcrl\u00fcd\u00fcr.<\/p>\n<\/li>\n<li data-start=\"223\" data-end=\"298\">\n<p data-start=\"225\" data-end=\"298\">Ergonomik tasar\u0131m\u0131 sayesinde elde rahat tutu\u015f ve hassas kontrol sa\u011flar.<\/p>\n<\/li>\n<li data-start=\"299\" data-end=\"356\">\n<p data-start=\"301\" data-end=\"356\">Profesyonel berber ve kuaf\u00f6r kullan\u0131m\u0131 i\u00e7in uygundur.<\/p>\n<\/li>\n<\/ul>\n<p data-start=\"358\" data-end=\"725\" data-is-last-node=\"\" data-is-only-node=\"\"><strong data-start=\"358\" data-end=\"377\">Kullan\u0131m \u015eekli:<\/strong><br data-start=\"377\" data-end=\"380\" \/>C\u0131mb\u0131z \u00e7ift tarafl\u0131, ka\u015f \u015fekillendirme, y\u00fcz ve k\u00fc\u00e7\u00fck b\u00f6lgelerdeki t\u00fcy temizli\u011fi i\u00e7in kullan\u0131l\u0131r. Uygun ucu t\u00fcy\u00fcn y\u00f6n\u00fcne g\u00f6re yerle\u015ftirip, t\u00fcy k\u00f6k\u00fcnden \u00e7ekerek al\u0131n\u0131r. Kullan\u0131m sonras\u0131 temizlenip kuru bir \u015fekilde saklanmas\u0131, uzun \u00f6m\u00fcrl\u00fc performans i\u00e7in \u00f6nemlidir. \u00d6zellikle detayl\u0131 ve hassas bak\u0131m gerektiren i\u015flemlerde g\u00fcvenle tercih edilebilir.<\/p>","protected":false},"excerpt":{"rendered":"<p><strong>C\u0131mb\u0131z \u00e7ift tarafl\u0131<\/strong>, pratik ve i\u015flevsel yap\u0131s\u0131yla ki\u015fisel bak\u0131mda b\u00fcy\u00fck kolayl\u0131k sa\u011flayan bir \u00fcr\u00fcnd\u00fcr. \u0130ki farkl\u0131 u\u00e7 tasar\u0131m\u0131 sayesinde hem ince hem de kal\u0131n t\u00fcylerin al\u0131nmas\u0131nda kullan\u0131labilir. Paslanmaz \u00e7elik yap\u0131s\u0131 uzun \u00f6m\u00fcrl\u00fc kullan\u0131m sunarken, ergonomik formu sayesinde elde rahat bir tutu\u015f sa\u011flar. \u00d6zellikle ka\u015f al\u0131m\u0131, y\u00fcz ve k\u00fc\u00e7\u00fck b\u00f6lgelerdeki t\u00fcy temizli\u011fi i\u00e7in idealdir. Hem profesyonel kullan\u0131mda hem de evde ki\u015fisel bak\u0131m rutininizde g\u00fcvenle tercih edebilirsiniz.<\/p>","protected":false},"featured_media":32763,"comment_status":"open","ping_status":"closed","template":"","meta":[],"product_brand":[96],"product_cat":[118],"product_tag":[],"class_list":{"0":"post-32767","1":"product","2":"type-product","3":"status-publish","4":"has-post-thumbnail","6":"product_brand-mor-fore-you-professional","7":"product_cat-makaslar-ve-cimbizlar","9":"first","10":"instock","11":"shipping-taxable","12":"product-type-simple"},"_links":{"self":[{"href":"https:\/\/www.kraftkagit.com.tr\/ru\/wp-json\/wp\/v2\/product\/32767","targetHints":{"allow":["GET"]}}],"collection":[{"href":"https:\/\/www.kraftkagit.com.tr\/ru\/wp-json\/wp\/v2\/product"}],"about":[{"href":"https:\/\/www.kraftkagit.com.tr\/ru\/wp-json\/wp\/v2\/types\/product"}],"replies":[{"embeddable":true,"href":"https:\/\/www.kraftkagit.com.tr\/ru\/wp-json\/wp\/v2\/comments?post=32767"}],"version-history":[{"count":3,"href":"https:\/\/www.kraftkagit.com.tr\/ru\/wp-json\/wp\/v2\/product\/32767\/revisions"}],"predecessor-version":[{"id":33193,"href":"https:\/\/www.kraftkagit.com.tr\/ru\/wp-json\/wp\/v2\/product\/32767\/revisions\/33193"}],"wp:featuredmedia":[{"embeddable":true,"href":"https:\/\/www.kraftkagit.com.tr\/ru\/wp-json\/wp\/v2\/media\/32763"}],"wp:attachment":[{"href":"https:\/\/www.kraftkagit.com.tr\/ru\/wp-json\/wp\/v2\/media?parent=32767"}],"wp:term":[{"taxonomy":"product_brand","embeddable":true,"href":"https:\/\/www.kraftkagit.com.tr\/ru\/wp-json\/wp\/v2\/product_brand?post=32767"},{"taxonomy":"product_cat","embeddable":true,"href":"https:\/\/www.kraftkagit.com.tr\/ru\/wp-json\/wp\/v2\/product_cat?post=32767"},{"taxonomy":"product_tag","embeddable":true,"href":"https:\/\/www.kraftkagit.com.tr\/ru\/wp-json\/wp\/v2\/product_tag?post=32767"}],"curies":[{"name":"wp","href":"https:\/\/api.w.org\/{rel}","templated":true}]}}