{"id":33647,"date":"2026-04-04T10:20:16","date_gmt":"2026-04-04T07:20:16","guid":{"rendered":"https:\/\/www.kraftkagit.com.tr\/?post_type=product&#038;p=33647"},"modified":"2026-04-14T16:31:53","modified_gmt":"2026-04-14T13:31:53","slug":"more-for-you-kulak-pamugu-150li","status":"publish","type":"product","link":"https:\/\/www.kraftkagit.com.tr\/ru\/product\/more-for-you-kulak-pamugu-150li\/","title":{"rendered":"More For You Kulak Pamu\u011fu 150&#8217;li"},"content":{"rendered":"<p data-start=\"0\" data-end=\"51\"><strong data-start=\"0\" data-end=\"49\">More For You Kulak Pamu\u011fu 150\u2019li \u00d6zellikleri:<\/strong><\/p>\n<ul data-start=\"53\" data-end=\"484\">\n<li data-section-id=\"1pj4elb\" data-start=\"53\" data-end=\"103\">Yumu\u015fak pamuk u\u00e7lar\u0131 ile nazik kullan\u0131m sa\u011flar<\/li>\n<li data-section-id=\"9e21so\" data-start=\"104\" data-end=\"162\">Dayan\u0131kl\u0131 \u00e7ubuk yap\u0131s\u0131 ile kolay ve kontroll\u00fc kullan\u0131m<\/li>\n<li data-section-id=\"p7p548\" data-start=\"163\" data-end=\"202\">Hijyenik ve tek kullan\u0131ml\u0131k tasar\u0131m<\/li>\n<li data-section-id=\"1ur2sic\" data-start=\"203\" data-end=\"255\">Makyaj d\u00fczeltme ve temizlik i\u015flemleri i\u00e7in ideal<\/li>\n<li data-section-id=\"1h9n4kg\" data-start=\"256\" data-end=\"317\">Boya ve bak\u0131m uygulamalar\u0131 sonras\u0131 hassas temizlik imk\u00e2n\u0131<\/li>\n<li data-section-id=\"i76wbr\" data-start=\"318\" data-end=\"369\">Cilt dostu yap\u0131, tahri\u015fi \u00f6nlemeye yard\u0131mc\u0131 olur<\/li>\n<li data-section-id=\"wcwy0l\" data-start=\"370\" data-end=\"433\">\u00c7ok ama\u00e7l\u0131 kullan\u0131m (ki\u015fisel bak\u0131m ve profesyonel salonlar)<\/li>\n<li data-section-id=\"1hpncw\" data-start=\"434\" data-end=\"484\">150\u2019li ekonomik paket ile uzun s\u00fcreli kullan\u0131m<\/li>\n<\/ul>\n<p data-start=\"486\" data-end=\"502\"><strong data-start=\"486\" data-end=\"500\">Kullan\u0131m\u0131:<\/strong><\/p>\n<p data-start=\"504\" data-end=\"829\" data-is-last-node=\"\" data-is-only-node=\"\">Kulak pamu\u011funu ihtiya\u00e7 duyulan alanda nazik\u00e7e kullan\u0131n\u0131z. Kulak temizli\u011fi, makyaj d\u00fczeltme veya boya sonras\u0131 temizlik i\u015flemlerinde pratik bir \u015fekilde uygulanabilir. Her kullan\u0131mda yeni bir pamuk kullan\u0131lmas\u0131 hijyen a\u00e7\u0131s\u0131ndan \u00f6nerilir. Kulak i\u00e7inin derin b\u00f6lgelerine uygulanmamas\u0131 tavsiye edilir. Kullan\u0131m sonras\u0131 \u00e7\u00f6pe at\u0131n\u0131z.<\/p>","protected":false},"excerpt":{"rendered":"<div class=\"flex flex-col text-sm pb-25\">\n<section class=\"text-token-text-primary w-full focus:outline-none [--shadow-height:45px] has-data-writing-block:pointer-events-none has-data-writing-block:-mt-(--shadow-height) has-data-writing-block:pt-(--shadow-height) [&amp;:has([data-writing-block])&gt;*]:pointer-events-auto scroll-mt-[calc(var(--header-height)+min(200px,max(70px,20svh)))]\" dir=\"auto\" data-turn-id=\"request-699ec379-f334-8328-bbff-a676757453f3-2\" data-testid=\"conversation-turn-50\" data-scroll-anchor=\"true\" data-turn=\"assistant\">\n<div class=\"text-base my-auto mx-auto pb-10 [--thread-content-margin:var(--thread-content-margin-xs,calc(var(--spacing)*4))] @w-sm\/main:[--thread-content-margin:var(--thread-content-margin-sm,calc(var(--spacing)*6))] @w-lg\/main:[--thread-content-margin:var(--thread-content-margin-lg,calc(var(--spacing)*16))] px-(--thread-content-margin)\">\n<div class=\"[--thread-content-max-width:40rem] @w-lg\/main:[--thread-content-max-width:48rem] mx-auto max-w-(--thread-content-max-width) flex-1 group\/turn-messages focus-visible:outline-hidden relative flex w-full min-w-0 flex-col agent-turn\">\n<div class=\"flex max-w-full flex-col gap-4 grow\">\n<div class=\"min-h-8 text-message relative flex w-full flex-col items-end gap-2 text-start break-words whitespace-normal outline-none keyboard-focused:focus-ring [.text-message+&amp;]:mt-1\" dir=\"auto\" data-message-author-role=\"assistant\" data-message-id=\"d3508348-0d7b-44bf-a92f-73dbf16de74d\" data-message-model-slug=\"gpt-5-3\" data-turn-start-message=\"true\">\n<div class=\"flex w-full flex-col gap-1 empty:hidden\">\n<div class=\"markdown prose dark:prose-invert w-full wrap-break-word light markdown-new-styling\">\n<p data-start=\"0\" data-end=\"592\" data-is-last-node=\"\" data-is-only-node=\"\"><strong data-start=\"0\" data-end=\"36\" data-is-only-node=\"\">More For You Kulak Pamu\u011fu 150\u2019li<\/strong>, berber ve kuaf\u00f6r salonlar\u0131nda hijyenik temizlik ve bak\u0131m i\u015flemleri i\u00e7in ideal, pratik bir yard\u0131mc\u0131 \u00fcr\u00fcnd\u00fcr. Yumu\u015fak pamuk u\u00e7lar\u0131 sayesinde cilde nazik temas ederken, dayan\u0131kl\u0131 \u00e7ubuk yap\u0131s\u0131 ile kolay ve kontroll\u00fc kullan\u0131m sa\u011flar. Makyaj d\u00fczeltme, boya uygulamas\u0131 sonras\u0131 temizlik ve hassas b\u00f6lgelerde bak\u0131m i\u015flemleri i\u00e7in uygundur. 150\u2019li ekonomik paketi ile hem bireysel hem de profesyonel kullan\u0131ma hitap eden bu \u00fcr\u00fcn, \u201ckulak pamu\u011fu\u201d, \u201cpamuk \u00e7ubuk\u201d, \u201ckuaf\u00f6r hijyen \u00fcr\u00fcnleri\u201d ve \u201ctek kullan\u0131ml\u0131k bak\u0131m \u00fcr\u00fcnleri\u201d gibi SEO anahtar kelimeleri ile \u00f6ne \u00e7\u0131kar.<\/p>\n<\/div>\n<\/div>\n<\/div>\n<\/div>\n<div class=\"z-0 flex min-h-[46px] justify-start\"><\/div>\n<div class=\"mt-3 w-full empty:hidden\">\n<div class=\"text-center\"><\/div>\n<\/div>\n<\/div>\n<\/div>\n<\/section>\n<\/div>\n<div class=\"pointer-events-none h-px w-px absolute bottom-0\" aria-hidden=\"true\" data-edge=\"true\"><\/div>","protected":false},"featured_media":33648,"comment_status":"open","ping_status":"closed","template":"","meta":[],"product_brand":[96],"product_cat":[116],"product_tag":[],"class_list":{"0":"post-33647","1":"product","2":"type-product","3":"status-publish","4":"has-post-thumbnail","6":"product_brand-mor-fore-you-professional","7":"product_cat-pamuklar","9":"first","10":"instock","11":"shipping-taxable","12":"product-type-simple"},"_links":{"self":[{"href":"https:\/\/www.kraftkagit.com.tr\/ru\/wp-json\/wp\/v2\/product\/33647","targetHints":{"allow":["GET"]}}],"collection":[{"href":"https:\/\/www.kraftkagit.com.tr\/ru\/wp-json\/wp\/v2\/product"}],"about":[{"href":"https:\/\/www.kraftkagit.com.tr\/ru\/wp-json\/wp\/v2\/types\/product"}],"replies":[{"embeddable":true,"href":"https:\/\/www.kraftkagit.com.tr\/ru\/wp-json\/wp\/v2\/comments?post=33647"}],"version-history":[{"count":1,"href":"https:\/\/www.kraftkagit.com.tr\/ru\/wp-json\/wp\/v2\/product\/33647\/revisions"}],"predecessor-version":[{"id":33650,"href":"https:\/\/www.kraftkagit.com.tr\/ru\/wp-json\/wp\/v2\/product\/33647\/revisions\/33650"}],"wp:featuredmedia":[{"embeddable":true,"href":"https:\/\/www.kraftkagit.com.tr\/ru\/wp-json\/wp\/v2\/media\/33648"}],"wp:attachment":[{"href":"https:\/\/www.kraftkagit.com.tr\/ru\/wp-json\/wp\/v2\/media?parent=33647"}],"wp:term":[{"taxonomy":"product_brand","embeddable":true,"href":"https:\/\/www.kraftkagit.com.tr\/ru\/wp-json\/wp\/v2\/product_brand?post=33647"},{"taxonomy":"product_cat","embeddable":true,"href":"https:\/\/www.kraftkagit.com.tr\/ru\/wp-json\/wp\/v2\/product_cat?post=33647"},{"taxonomy":"product_tag","embeddable":true,"href":"https:\/\/www.kraftkagit.com.tr\/ru\/wp-json\/wp\/v2\/product_tag?post=33647"}],"curies":[{"name":"wp","href":"https:\/\/api.w.org\/{rel}","templated":true}]}}